{"id":7043,"date":"2024-02-27T14:46:25","date_gmt":"2024-02-27T14:46:25","guid":{"rendered":"https:\/\/montnegrecorredor.org\/gestio-forestal\/silvopastoralisme\/"},"modified":"2024-08-13T14:10:49","modified_gmt":"2024-08-13T14:10:49","slug":"silvopastoralismo","status":"publish","type":"page","link":"https:\/\/montnegrecorredor.org\/es\/gestion-forestal\/silvopastoralismo\/","title":{"rendered":"Silvopastoralismo"},"content":{"rendered":"<div class=\"wpb-content-wrapper\"><p>[vc_row full_width=\u00bbstretch_row\u00bb bg_type=\u00bbbg_color\u00bb css=\u00bb.vc_custom_1707919134396{padding-top: 80px !important;padding-bottom: 80px !important;}\u00bb bg_color_value=\u00bb#eff4d0&#8243;][vc_column][vc_row_inner][vc_column_inner width=\u00bb1\/2&#8243;][vc_column_text css=\u00bb.vc_custom_1723458964039{margin-bottom: 25px !important;}\u00bb]Los bosques del macizo son aptos para el silvopastoralismo generalmente de oveja y cabra. La vegetaci\u00f3n de la zona, as\u00ed como las bellotas, son un recurso muy nutritivo muy valorado por estos animales. Si este pastoreo en bosque se combina con el pasto en zonas abiertas de pasto el reba\u00f1o obtiene gran parte del recurso necesario para su alimentaci\u00f3n.<\/p>\n<p>As\u00ed en el Montnegre-Corredor, hace muchos a\u00f1os que se practica el pastoralismo, antiguamente ligado a la trashumancia en verano en el prepirineo y actualmente con reba\u00f1os permanentes en la zona. Estos reba\u00f1os son dirigidos por un pastor que gu\u00eda al reba\u00f1o dentro de su \u00e1mbito de pasto en la b\u00fasqueda del alimento. Este pasto guiado e intermitente permite el equilibrio entre la alimentaci\u00f3n del reba\u00f1o y la regeneraci\u00f3n constante del bosque, mejora la prevenci\u00f3n de incendios favoreciendo la discontituidad entre \u00e1rboles y sotobosque, y favorece el mantenimiento de los h\u00e1bitats asociados a los espacios abiertos.[\/vc_column_text][\/vc_column_inner][vc_column_inner width=\u00bb1\/2&#8243;][vc_single_image image=\u00bb8160&#8243; img_size=\u00bbfull\u00bb image_hovers=\u00bbfalse\u00bb][\/vc_column_inner][\/vc_row_inner][\/vc_column][\/vc_row][vc_row full_width=\u00bbstretch_row\u00bb css=\u00bb.vc_custom_1712843041173{padding-top: 80px !important;padding-bottom: 80px !important;}\u00bb][vc_column][vc_row_inner][vc_column_inner width=\u00bb1\/2&#8243;][vc_column_text css=\u00bb.vc_custom_1723459083229{margin-bottom: 25px !important;}\u00bb]El silvopastoralismo proporciona las siguientes <strong>ventajas<\/strong>:<\/p>\n<ul>\n<li>Genera alimentos sostenibles, saludables y de calidad\n<ul>\n<li>Genera servicios ecosist\u00e9micos en el conjunto de la sociedad<\/li>\n<li>Adaptaci\u00f3n y mitigaci\u00f3n del cambio clim\u00e1tico<\/li>\n<li>Prevenci\u00f3n de incendios forestales<\/li>\n<li>Conservaci\u00f3n de la biodiversidad y mejora de h\u00e1bitats<\/li>\n<li>Protecci\u00f3n del suelo frente a la erosi\u00f3n<\/li>\n<li>Aprovechamiento sostenible del agua<\/li>\n<\/ul>\n<\/li>\n<li>Contribuye a fijar a gente en el territorio y genera una econom\u00eda circular.<\/li>\n<\/ul>\n<p>Sin embargo, su <strong>viabilidad actualmente se encuentra muy comprometida<\/strong> debido a, entre otros motivos:[\/vc_column_text]<div class=\"standard-arrow bullet-top\"><ul>\n<li>Los altos costes que no se ven compensados por la venta del producto.<\/li>\n<li>La falta de relevo generacional, dificultad de establecimiento, fuerte v\u00ednculo con el trabajo&#8230;<\/li>\n<li>Conflictos con otros usuarios del macizo: perros desatados, motos, bicis, etc.<\/li>\n<li>La disminuci\u00f3n del recurso forrajero derivado de los efectos del cambio clim\u00e1tico como la sequ\u00eda<\/li>\n<li>Destrozos provocados por la fauna cineg\u00e9tica<\/li>\n<li>Carece de reconocimiento social por esta actividad.<\/li>\n<\/ul>\n<\/div>[vc_empty_space][\/vc_column_inner][vc_column_inner width=\u00bb1\/2&#8243;][vc_single_image image=\u00bb8162&#8243; img_size=\u00bbfull\u00bb image_hovers=\u00bbfalse\u00bb][\/vc_column_inner][\/vc_row_inner][vc_separator css=\u00bb.vc_custom_1712843416674{margin-top: 40px !important;margin-bottom: 40px !important;}\u00bb][vc_row_inner][vc_column_inner width=\u00bb1\/2&#8243;][vc_single_image image=\u00bb8164&#8243; img_size=\u00bbfull\u00bb image_hovers=\u00bbfalse\u00bb css=\u00bb.vc_custom_1713273497568{margin-bottom: 15px !important;}\u00bb][\/vc_column_inner][vc_column_inner width=\u00bb1\/2&#8243;][vc_column_text css=\u00bb.vc_custom_1723459274786{margin-bottom: 25px !important;}\u00bb]Para intentar mantener y mejorar la situaci\u00f3n de la actividad ganadera en el macizo de forma conjunta en 2021 se cre\u00f3 <strong>la Asociaci\u00f3n de pastores del Montnegre y el Corredor<\/strong>, actualmente formada por 7 pastores con reba\u00f1os mixes de oveja y cabra para carne y un reba\u00f1o de cabra para leche.<\/p>\n<p>La Asociaci\u00f3n de propietarios del Montnegre y el Corredor ha acompa\u00f1ado a la Asociaci\u00f3n de pastores desde antes de su creaci\u00f3n. En <strong>2018<\/strong> desarroll\u00f3 un estudio financiado por el Parque del Montnegre y el Corredor que ten\u00eda como objetivo \u00ab<strong>Diagn\u00f3stico de la viabilidad de explotaciones ganaderas y estudio de las unidades de pastoreo en el \u00e1mbito del Parque del Montnegre y el Corredor<\/strong>\u00ab. El a\u00f1o siguiente 2019, desarroll\u00f3 un segundo estudio, esta vez centrado en \u201c<strong>Aproximaci\u00f3n de la productividad de zonas de pasto desde una vertiente multifuncional: gesti\u00f3n selv\u00edcola, gesti\u00f3n ganadera, gesti\u00f3n de h\u00e1bitats y prevenci\u00f3n de incendios<\/strong>\u201d . A ra\u00edz de los encuentros con los pastores del macizo para el desarrollo de estos dos estudios se fragu\u00f3 la propia voluntad de los pastores de asociarse. Desde entonces, la Asociaci\u00f3n de propietarios del Montnegre y el Corredor ha proporcionado <strong>soporte t\u00e9cnico<\/strong> a la Asociaci\u00f3n de pastores, especialmente sobre la b\u00fasqueda de oportunidades para la mejora de su actividad y en todo lo referente a la relaci\u00f3n entre silvopastoralismo y temas forestales.[\/vc_column_text][\/vc_column_inner][\/vc_row_inner][vc_row_inner css=\u00bb.vc_custom_1713966168844{padding-top: 60px !important;}\u00bb][vc_column_inner width=\u00bb1\/6&#8243;][\/vc_column_inner][vc_column_inner width=\u00bb2\/3&#8243;][vc_column_text]<\/p>\n<p style=\"text-align: center;\">Algunos de los servicios que proporciona la Asociaci\u00f3n de propietarios a la Asociaci\u00f3n de pastores son los siguientes:<\/p>\n<p>[\/vc_column_text]<div class=\"standard-arrow bullet-top\"><ul>\n<li>B\u00fasqueda de oportunidades financieras con la administraci\u00f3n (local y regional)<\/li>\n<li>B\u00fasqueda de zonas de pasto y acuerdos entre pastores y propiedad privada<\/li>\n<li>Acompa\u00f1amiento por el desarrollo del funcionamiento de la Asociaci\u00f3n.<\/li>\n<li>Difusi\u00f3n de los valores del silvopastoralismo en el macizo: a trav\u00e9s de jornadas y proyectos.<\/li>\n<li>Representatividad de los pastores en el sector forestal.<\/li>\n<\/ul>\n<\/div>[\/vc_column_inner][vc_column_inner width=\u00bb1\/6&#8243;][\/vc_column_inner][\/vc_row_inner][vc_separator css=\u00bb.vc_custom_1712844072834{margin-top: 40px !important;}\u00bb][vc_empty_space height=\u00bb60px\u00bb][vc_column_text]<\/p>\n<p style=\"text-align: center;\"><strong>M\u00e1s informaci\u00f3n sobre la Asociaci\u00f3n de pastores del Montnegre y el Corredor en:<\/strong><\/p>\n<p style=\"text-align: center;\">Web: <a href=\"http:\/\/www.asspastorsmco.org\">www.asspastorsmco.org<\/a><\/p>\n<p style=\"text-align: center;\">Instagram: <a href=\"https:\/\/www.instagram.com\/asspastorsmco\" target=\"_blank\" rel=\"noopener\">asspastorsmco<\/a><\/p>\n<p>[\/vc_column_text][\/vc_column][\/vc_row][vc_row][vc_column]<div class=\"templatera_shortcode\"><style type=\"text\/css\" data-type=\"vc_shortcodes-custom-css\">.vc_custom_1713966570355{padding-top: 60px !important;padding-bottom: 60px !important;}<\/style><div data-vc-full-width=\"true\" data-vc-full-width-init=\"false\" class=\"vc_row wpb_row vc_row-fluid vc_custom_1713966570355 vc_column-gap-25 vc_row-o-content-middle vc_row-flex\"><div class=\"wpb_column vc_column_container vc_col-sm-3\"><div class=\"vc_column-inner\"><div class=\"wpb_wrapper\"><style type=\"text\/css\" data-type=\"the7_shortcodes-inline-css\">#default-btn-21eaddaeeb12c112bd74345bd2347644.ico-right-side > i {\n  margin-right: 0px;\n  margin-left: 8px;\n}\n#default-btn-21eaddaeeb12c112bd74345bd2347644 > i {\n  margin-right: 8px;\n}\n<\/style><div class=\"btn-align-center\"><a href=\"\/es\/asociacion\/\" class=\"default-btn-shortcode dt-btn dt-btn-m link-hover-off full-width-btn \" id=\"default-btn-21eaddaeeb12c112bd74345bd2347644\"><span>Inscr\u00edbete a la Asociaci\u00f3n<\/span><\/a><\/div><\/div><\/div><\/div><div class=\"wpb_column vc_column_container vc_col-sm-3\"><div class=\"vc_column-inner\"><div class=\"wpb_wrapper\"><style type=\"text\/css\" data-type=\"the7_shortcodes-inline-css\">#default-btn-97c48b43b11f1db54bc1d0cedddb30d9.ico-right-side > i {\n  margin-right: 0px;\n  margin-left: 8px;\n}\n#default-btn-97c48b43b11f1db54bc1d0cedddb30d9 > i {\n  margin-right: 8px;\n}\n<\/style><div class=\"btn-align-center\"><a href=\"\/es\/revista-aulet\/suscribirse-al-aulet\" class=\"default-btn-shortcode dt-btn dt-btn-m link-hover-off full-width-btn \" id=\"default-btn-97c48b43b11f1db54bc1d0cedddb30d9\"><span>Suscr\u00edbete al Aulet<\/span><\/a><\/div><\/div><\/div><\/div><div class=\"wpb_column vc_column_container vc_col-sm-3\"><div class=\"vc_column-inner\"><div class=\"wpb_wrapper\"><style type=\"text\/css\" data-type=\"the7_shortcodes-inline-css\">#default-btn-37d40504ceb1eb1da21a0123b91bc3bd.ico-right-side > i {\n  margin-right: 0px;\n  margin-left: 8px;\n}\n#default-btn-37d40504ceb1eb1da21a0123b91bc3bd > i {\n  margin-right: 8px;\n}\n<\/style><div class=\"btn-align-center\"><a href=\"\/es\/gestion-forestal\/prevencion-incendios\/\" class=\"default-btn-shortcode dt-btn dt-btn-m link-hover-off full-width-btn \" id=\"default-btn-37d40504ceb1eb1da21a0123b91bc3bd\"><span>Inscr\u00edbete en el programa anual<\/span><\/a><\/div><\/div><\/div><\/div><div class=\"wpb_column vc_column_container vc_col-sm-3\"><div class=\"vc_column-inner\"><div class=\"wpb_wrapper\"><style type=\"text\/css\" data-type=\"the7_shortcodes-inline-css\">#default-btn-6aa99abe8e0f8c92f1b749fb660c2a3a.ico-right-side > i {\n  margin-right: 0px;\n  margin-left: 8px;\n}\n#default-btn-6aa99abe8e0f8c92f1b749fb660c2a3a > i {\n  margin-right: 8px;\n}\n<\/style><div class=\"btn-align-center\"><a href=\"\/es\/contacto\/\" class=\"default-btn-shortcode dt-btn dt-btn-m link-hover-off full-width-btn \" id=\"default-btn-6aa99abe8e0f8c92f1b749fb660c2a3a\"><span>Contacta con nosotros<\/span><\/a><\/div><\/div><\/div><\/div><\/div><div class=\"vc_row-full-width vc_clearfix\"><\/div>\r\n<\/div>[\/vc_column][\/vc_row]<\/p>\n<\/div>","protected":false},"excerpt":{"rendered":"<p>Los bosques del macizo son aptos para el silvopastoralismo generalmente de oveja y cabra. La vegetaci\u00f3n de la zona, as\u00ed como las bellotas, son un recurso muy nutritivo muy valorado por estos animales. Si este pastoreo en bosque se combina con el pasto en zonas abiertas de pasto el reba\u00f1o obtiene gran parte del recurso&hellip;<\/p>\n","protected":false},"author":1,"featured_media":0,"parent":7037,"menu_order":100,"comment_status":"closed","ping_status":"closed","template":"","meta":{"footnotes":""},"class_list":["post-7043","page","type-page","status-publish","hentry","description-off"],"yoast_head":"<!-- This site is optimized with the Yoast SEO plugin v24.6 - https:\/\/yoast.com\/wordpress\/plugins\/seo\/ -->\n<title>Silvopastoralismo - Associaci\u00f3 de propietaris del Montnegre i el Corredor<\/title>\n<meta name=\"robots\" content=\"index, follow, max-snippet:-1, max-image-preview:large, max-video-preview:-1\" \/>\n<link rel=\"canonical\" href=\"https:\/\/montnegrecorredor.org\/es\/gestion-forestal\/silvopastoralismo\/\" \/>\n<meta property=\"og:locale\" content=\"es_ES\" \/>\n<meta property=\"og:type\" content=\"article\" \/>\n<meta property=\"og:title\" content=\"Silvopastoralismo - Associaci\u00f3 de propietaris del Montnegre i el Corredor\" \/>\n<meta property=\"og:url\" content=\"https:\/\/montnegrecorredor.org\/es\/gestion-forestal\/silvopastoralismo\/\" \/>\n<meta property=\"og:site_name\" content=\"Associaci\u00f3 de propietaris del Montnegre i el Corredor\" \/>\n<meta property=\"article:modified_time\" content=\"2024-08-13T14:10:49+00:00\" \/>\n<meta name=\"twitter:card\" content=\"summary_large_image\" \/>\n<meta name=\"twitter:label1\" content=\"Tiempo de lectura\" \/>\n\t<meta name=\"twitter:data1\" content=\"4 minutos\" \/>\n<script type=\"application\/ld+json\" class=\"yoast-schema-graph\">{\"@context\":\"https:\/\/schema.org\",\"@graph\":[{\"@type\":\"WebPage\",\"@id\":\"https:\/\/montnegrecorredor.org\/es\/gestion-forestal\/silvopastoralismo\/\",\"url\":\"https:\/\/montnegrecorredor.org\/es\/gestion-forestal\/silvopastoralismo\/\",\"name\":\"Silvopastoralismo - Associaci\u00f3 de propietaris del Montnegre i el Corredor\",\"isPartOf\":{\"@id\":\"https:\/\/montnegrecorredor.org\/#website\"},\"datePublished\":\"2024-02-27T14:46:25+00:00\",\"dateModified\":\"2024-08-13T14:10:49+00:00\",\"breadcrumb\":{\"@id\":\"https:\/\/montnegrecorredor.org\/es\/gestion-forestal\/silvopastoralismo\/#breadcrumb\"},\"inLanguage\":\"es\",\"potentialAction\":[{\"@type\":\"ReadAction\",\"target\":[\"https:\/\/montnegrecorredor.org\/es\/gestion-forestal\/silvopastoralismo\/\"]}]},{\"@type\":\"BreadcrumbList\",\"@id\":\"https:\/\/montnegrecorredor.org\/es\/gestion-forestal\/silvopastoralismo\/#breadcrumb\",\"itemListElement\":[{\"@type\":\"ListItem\",\"position\":1,\"name\":\"Inici\",\"item\":\"https:\/\/montnegrecorredor.org\/es\/\"},{\"@type\":\"ListItem\",\"position\":2,\"name\":\"Gesti\u00f3n forestal\",\"item\":\"https:\/\/montnegrecorredor.org\/es\/gestion-forestal\/\"},{\"@type\":\"ListItem\",\"position\":3,\"name\":\"Silvopastoralismo\"}]},{\"@type\":\"WebSite\",\"@id\":\"https:\/\/montnegrecorredor.org\/#website\",\"url\":\"https:\/\/montnegrecorredor.org\/\",\"name\":\"Associaci\u00f3 de propietaris del Montnegre i el Corredor\",\"description\":\"\",\"publisher\":{\"@id\":\"https:\/\/montnegrecorredor.org\/#organization\"},\"potentialAction\":[{\"@type\":\"SearchAction\",\"target\":{\"@type\":\"EntryPoint\",\"urlTemplate\":\"https:\/\/montnegrecorredor.org\/?s={search_term_string}\"},\"query-input\":{\"@type\":\"PropertyValueSpecification\",\"valueRequired\":true,\"valueName\":\"search_term_string\"}}],\"inLanguage\":\"es\"},{\"@type\":\"Organization\",\"@id\":\"https:\/\/montnegrecorredor.org\/#organization\",\"name\":\"Associaci\u00f3 de propietaris del Montnegre i el Corredor\",\"url\":\"https:\/\/montnegrecorredor.org\/\",\"logo\":{\"@type\":\"ImageObject\",\"inLanguage\":\"es\",\"@id\":\"https:\/\/montnegrecorredor.org\/#\/schema\/logo\/image\/\",\"url\":\"https:\/\/montnegrecorredor.org\/wp-content\/uploads\/2024\/02\/logo_print.jpg\",\"contentUrl\":\"https:\/\/montnegrecorredor.org\/wp-content\/uploads\/2024\/02\/logo_print.jpg\",\"width\":400,\"height\":117,\"caption\":\"Associaci\u00f3 de propietaris del Montnegre i el Corredor\"},\"image\":{\"@id\":\"https:\/\/montnegrecorredor.org\/#\/schema\/logo\/image\/\"},\"sameAs\":[\"https:\/\/www.instagram.com\/apfmontnegrecorredor\"]}]}<\/script>\n<!-- \/ Yoast SEO plugin. -->","yoast_head_json":{"title":"Silvopastoralismo - Associaci\u00f3 de propietaris del Montnegre i el Corredor","robots":{"index":"index","follow":"follow","max-snippet":"max-snippet:-1","max-image-preview":"max-image-preview:large","max-video-preview":"max-video-preview:-1"},"canonical":"https:\/\/montnegrecorredor.org\/es\/gestion-forestal\/silvopastoralismo\/","og_locale":"es_ES","og_type":"article","og_title":"Silvopastoralismo - Associaci\u00f3 de propietaris del Montnegre i el Corredor","og_url":"https:\/\/montnegrecorredor.org\/es\/gestion-forestal\/silvopastoralismo\/","og_site_name":"Associaci\u00f3 de propietaris del Montnegre i el Corredor","article_modified_time":"2024-08-13T14:10:49+00:00","twitter_card":"summary_large_image","twitter_misc":{"Tiempo de lectura":"4 minutos"},"schema":{"@context":"https:\/\/schema.org","@graph":[{"@type":"WebPage","@id":"https:\/\/montnegrecorredor.org\/es\/gestion-forestal\/silvopastoralismo\/","url":"https:\/\/montnegrecorredor.org\/es\/gestion-forestal\/silvopastoralismo\/","name":"Silvopastoralismo - Associaci\u00f3 de propietaris del Montnegre i el Corredor","isPartOf":{"@id":"https:\/\/montnegrecorredor.org\/#website"},"datePublished":"2024-02-27T14:46:25+00:00","dateModified":"2024-08-13T14:10:49+00:00","breadcrumb":{"@id":"https:\/\/montnegrecorredor.org\/es\/gestion-forestal\/silvopastoralismo\/#breadcrumb"},"inLanguage":"es","potentialAction":[{"@type":"ReadAction","target":["https:\/\/montnegrecorredor.org\/es\/gestion-forestal\/silvopastoralismo\/"]}]},{"@type":"BreadcrumbList","@id":"https:\/\/montnegrecorredor.org\/es\/gestion-forestal\/silvopastoralismo\/#breadcrumb","itemListElement":[{"@type":"ListItem","position":1,"name":"Inici","item":"https:\/\/montnegrecorredor.org\/es\/"},{"@type":"ListItem","position":2,"name":"Gesti\u00f3n forestal","item":"https:\/\/montnegrecorredor.org\/es\/gestion-forestal\/"},{"@type":"ListItem","position":3,"name":"Silvopastoralismo"}]},{"@type":"WebSite","@id":"https:\/\/montnegrecorredor.org\/#website","url":"https:\/\/montnegrecorredor.org\/","name":"Associaci\u00f3 de propietaris del Montnegre i el Corredor","description":"","publisher":{"@id":"https:\/\/montnegrecorredor.org\/#organization"},"potentialAction":[{"@type":"SearchAction","target":{"@type":"EntryPoint","urlTemplate":"https:\/\/montnegrecorredor.org\/?s={search_term_string}"},"query-input":{"@type":"PropertyValueSpecification","valueRequired":true,"valueName":"search_term_string"}}],"inLanguage":"es"},{"@type":"Organization","@id":"https:\/\/montnegrecorredor.org\/#organization","name":"Associaci\u00f3 de propietaris del Montnegre i el Corredor","url":"https:\/\/montnegrecorredor.org\/","logo":{"@type":"ImageObject","inLanguage":"es","@id":"https:\/\/montnegrecorredor.org\/#\/schema\/logo\/image\/","url":"https:\/\/montnegrecorredor.org\/wp-content\/uploads\/2024\/02\/logo_print.jpg","contentUrl":"https:\/\/montnegrecorredor.org\/wp-content\/uploads\/2024\/02\/logo_print.jpg","width":400,"height":117,"caption":"Associaci\u00f3 de propietaris del Montnegre i el Corredor"},"image":{"@id":"https:\/\/montnegrecorredor.org\/#\/schema\/logo\/image\/"},"sameAs":["https:\/\/www.instagram.com\/apfmontnegrecorredor"]}]}},"_links":{"self":[{"href":"https:\/\/montnegrecorredor.org\/es\/wp-json\/wp\/v2\/pages\/7043","targetHints":{"allow":["GET"]}}],"collection":[{"href":"https:\/\/montnegrecorredor.org\/es\/wp-json\/wp\/v2\/pages"}],"about":[{"href":"https:\/\/montnegrecorredor.org\/es\/wp-json\/wp\/v2\/types\/page"}],"author":[{"embeddable":true,"href":"https:\/\/montnegrecorredor.org\/es\/wp-json\/wp\/v2\/users\/1"}],"replies":[{"embeddable":true,"href":"https:\/\/montnegrecorredor.org\/es\/wp-json\/wp\/v2\/comments?post=7043"}],"version-history":[{"count":6,"href":"https:\/\/montnegrecorredor.org\/es\/wp-json\/wp\/v2\/pages\/7043\/revisions"}],"predecessor-version":[{"id":9574,"href":"https:\/\/montnegrecorredor.org\/es\/wp-json\/wp\/v2\/pages\/7043\/revisions\/9574"}],"up":[{"embeddable":true,"href":"https:\/\/montnegrecorredor.org\/es\/wp-json\/wp\/v2\/pages\/7037"}],"wp:attachment":[{"href":"https:\/\/montnegrecorredor.org\/es\/wp-json\/wp\/v2\/media?parent=7043"}],"curies":[{"name":"wp","href":"https:\/\/api.w.org\/{rel}","templated":true}]}}