{"id":7042,"date":"2024-02-27T14:35:50","date_gmt":"2024-02-27T14:35:50","guid":{"rendered":"https:\/\/montnegrecorredor.org\/gestio-forestal\/silvicultura-naturalistica-i-adaptativa-al-canvi-climatic\/"},"modified":"2024-08-13T14:09:45","modified_gmt":"2024-08-13T14:09:45","slug":"silvicultura-naturalistica-y-adaptativa-al-cambio-climatico","status":"publish","type":"page","link":"https:\/\/montnegrecorredor.org\/es\/gestion-forestal\/silvicultura-naturalistica-y-adaptativa-al-cambio-climatico\/","title":{"rendered":"Silvicultura natural\u00edstica y adaptativa al cambio clim\u00e1tico"},"content":{"rendered":"<div class=\"wpb-content-wrapper\"><p>[vc_row full_width=\u00bbstretch_row\u00bb bg_type=\u00bbbg_color\u00bb css=\u00bb.vc_custom_1707919134396{padding-top: 80px !important;padding-bottom: 80px !important;}\u00bb bg_color_value=\u00bb#eff4d0&#8243;][vc_column][vc_row_inner][vc_column_inner width=\u00bb1\/6&#8243;][\/vc_column_inner][vc_column_inner width=\u00bb2\/3&#8243;][vc_column_text]Los <strong>objetivos principales<\/strong> que busca la Asociaci\u00f3n de propietarios del Montnegre y el Corredor a la hora de desarrollar la gesti\u00f3n forestal son los siguientes:[\/vc_column_text][vc_empty_space]<div class=\"standard-arrow list-divider bullet-top\"><ul>\n<li>Aumento de la resistencia y la resiliencia ante las perturbaciones<\/li>\n<li>Reducci\u00f3n del estr\u00e9s h\u00eddrico<\/li>\n<li>Diversificaci\u00f3n y valorizaci\u00f3n de productos<\/li>\n<li>Mantenimiento y mejora de la biodiversidad<\/li>\n<li>Mantenimiento de las funciones del bosque y provisi\u00f3n de servicios ecosist\u00e9micos para las generaciones actuales y futuras<\/li>\n<li>Equilibrio entre ecolog\u00eda y econom\u00eda<\/li>\n<\/ul>\n<\/div>[\/vc_column_inner][vc_column_inner width=\u00bb1\/6&#8243;][\/vc_column_inner][\/vc_row_inner][\/vc_column][\/vc_row][vc_row full_width=\u00bbstretch_row\u00bb css=\u00bb.vc_custom_1712843041173{padding-top: 80px !important;padding-bottom: 80px !important;}\u00bb][vc_column][vc_column_text]<\/p>\n<h3 style=\"text-align: center;\">Para conseguir estos objetivos promovemos el desarrollo de una gesti\u00f3n basada en <strong>la adaptaci\u00f3n al cambio clim\u00e1tico de los bosques mixtos<\/strong> del macizo incluyendo criterios de <strong>silvicultura natural\u00edstica y silvicultura de \u00e1rbol<\/strong>. Esta silvicultura se ha ido forjando a trav\u00e9s del desarrollo de proyectos como el LIFE MixForChange y LIFE Biorgest y sus principales caracter\u00edsticas son las siguientes:<\/h3>\n<p>[\/vc_column_text][vc_empty_space height=\u00bb60px\u00bb][vc_separator css=\u00bb.vc_custom_1712843416674{margin-top: 40px !important;margin-bottom: 40px !important;}\u00bb][vc_row_inner][vc_column_inner][vc_column_text css=\u00bb.vc_custom_1723454921467{margin-bottom: 30px !important;}\u00bb]<\/p>\n<h3 style=\"text-align: center;\"><span style=\"color: #003300;\"><strong>Aumento de la complejidad de estructuras y fomento de la cubierta continua<\/strong>:<\/span><\/h3>\n<p>[\/vc_column_text][vc_column_text]<\/p>\n<p style=\"text-align: center;\">A nivel arb\u00f3reo se fomenta una <strong>gesti\u00f3n irregular<\/strong> o semi-regular que permita obtener una diversidad de alturas y di\u00e1metros y, a la vez, garantizar la cubierta continua. Esta complejidad permite una mayor resiliencia en perturbaciones. A nivel arbustivo se promueven los <strong>desbroces selectivos<\/strong> con el objetivo de: fomentar las especies m\u00e1s interesantes a nivel de biodiversidad en detrimento de las especies m\u00e1s inflamables; controlar el rebrote (para evitar la explosi\u00f3n de sotobosque que dificulta el desarrollo de la regeneraci\u00f3n arb\u00f3rea y encarece los desbroces) y garantizar una cobertura del suelo para mantener su humedad.<\/p>\n<p>[\/vc_column_text][vc_empty_space][vc_single_image image=\u00bb8019&#8243; img_size=\u00bbfull\u00bb alignment=\u00bbcenter\u00bb image_hovers=\u00bbfalse\u00bb][\/vc_column_inner][\/vc_row_inner][vc_separator css=\u00bb.vc_custom_1712843416674{margin-top: 40px !important;margin-bottom: 40px !important;}\u00bb][vc_row_inner][vc_column_inner][vc_column_text css=\u00bb.vc_custom_1723454979375{margin-bottom: 30px !important;}\u00bb]<\/p>\n<h3 style=\"text-align: center;\"><span style=\"color: #003300;\"><strong>Aumento de la complejidad de especies<\/strong><\/span><\/h3>\n<p>[\/vc_column_text][vc_column_text]<\/p>\n<p style=\"text-align: center;\">Favorecer la mezcla de especias ya existentes sean dominantes o minoritarias extrayendo \u00e1rboles que dificulten su crecimiento o bien fomentando su presencia a trav\u00e9s de plantaciones de enriquecimiento. Esto permite: combinaci\u00f3n de diferentes estrategias para resistir a perturbaciones o recuperarse, menor riesgo econ\u00f3mico al no centrarse en una sola especie y aumento de la biodiversidad.<\/p>\n<p>[\/vc_column_text][vc_empty_space][vc_single_image image=\u00bb8308&#8243; img_size=\u00bb580&#215;440&#8243; alignment=\u00bbcenter\u00bb image_hovers=\u00bbfalse\u00bb][\/vc_column_inner][\/vc_row_inner][vc_separator css=\u00bb.vc_custom_1712843416674{margin-top: 40px !important;margin-bottom: 40px !important;}\u00bb][vc_row_inner][vc_column_inner][vc_column_text css=\u00bb.vc_custom_1723455066485{margin-bottom: 30px !important;}\u00bb]<\/p>\n<h3 style=\"text-align: center;\"><span style=\"color: #003300;\"><strong>Intervenciones suaves, frecuentes y dirigidas<\/strong><\/span><\/h3>\n<p>[\/vc_column_text][vc_column_text]<\/p>\n<p style=\"text-align: center;\">Extracci\u00f3n de <strong>25% del \u00e1rea basal<\/strong> cada 10-15 a\u00f1os (cuando se consiga 25 m2 \/ ha de \u00e1rea basal) dejando como m\u00ednimo 20 m2 \/ ha. Estos cortes permiten: una recuperaci\u00f3n m\u00e1s r\u00e1pida del crecimiento despu\u00e9s del corte, mantenimiento del ambiente forestal y de la humedad ambiental, control del desarrollo de las especies arbustivas y disminuci\u00f3n de los costes de desbroce. Adem\u00e1s, se incluyen criterios de <strong>silvicultura de \u00e1rbol<\/strong> seleccionando aquellos \u00e1rboles m\u00e1s interesantes para biodiversidad, semilla y producci\u00f3n de madera y extrayendo 1-2 competidores a nivel de copa.<\/p>\n<p>[\/vc_column_text][vc_empty_space][\/vc_column_inner][\/vc_row_inner][vc_row_inner][vc_column_inner width=\u00bb1\/2&#8243;][vc_single_image image=\u00bb8026&#8243; img_size=\u00bbfull\u00bb alignment=\u00bbcenter\u00bb image_hovers=\u00bbfalse\u00bb css=\u00bb.vc_custom_1712844049961{margin-bottom: 15px !important;}\u00bb][vc_column_text el_class=\u00bbpeu\u00bb]<\/p>\n<p style=\"text-align: center;\">Antes y despu\u00e9s de una actuaci\u00f3n suave en robledal del Montnegre y el Corredor aplicando criterios de silvicultura de \u00e1rbol (en rojo se muestran los \u00e1rboles cortados). El roble central es el \u00e1rbol objetivo que se pretende potenciar.<\/p>\n<p>[\/vc_column_text][vc_empty_space][\/vc_column_inner][vc_column_inner width=\u00bb1\/2&#8243;][vc_single_image image=\u00bb8028&#8243; img_size=\u00bbfull\u00bb alignment=\u00bbcenter\u00bb css=\u00bb.vc_custom_1712844056563{margin-bottom: 15px !important;}\u00bb][vc_column_text el_class=\u00bbpeu\u00bb]<\/p>\n<p style=\"text-align: center;\">\u00c1rbol objetivo interesante para a) producci\u00f3n de madera de calidad, b) biodiversidad, c) producci\u00f3n de semilla.<\/p>\n<p>[\/vc_column_text][\/vc_column_inner][\/vc_row_inner][vc_separator css=\u00bb.vc_custom_1712843416674{margin-top: 40px !important;margin-bottom: 40px !important;}\u00bb][vc_row_inner][vc_column_inner][vc_column_text css=\u00bb.vc_custom_1723455174630{margin-bottom: 30px !important;}\u00bb]<\/p>\n<h3 style=\"text-align: center;\"><span style=\"color: #003300;\"> <strong>Incorporaci\u00f3n de criterios para el mantenimiento y formento de la biodiversidad<\/strong><\/span><\/h3>\n<p>[\/vc_column_text][vc_column_text]<\/p>\n<p style=\"text-align: center;\">Mantenimiento de los \u00e1rboles grandes, con microh\u00e1bitats (cavidades, nidos, lianas, etc.) o madera muerta en el suelo o en pie son algunos de los elementos que se pretenden fomentar cuando se desarrolla una corta ya que sirven de refugio o alimento para especias diversas.<\/p>\n<p>[\/vc_column_text][vc_empty_space][vc_single_image image=\u00bb8030&#8243; img_size=\u00bbfull\u00bb alignment=\u00bbcenter\u00bb][\/vc_column_inner][\/vc_row_inner][vc_separator css=\u00bb.vc_custom_1712843416674{margin-top: 40px !important;margin-bottom: 40px !important;}\u00bb][vc_row_inner][vc_column_inner][vc_column_text css=\u00bb.vc_custom_1723455209937{margin-bottom: 30px !important;}\u00bb]<\/p>\n<h3 style=\"text-align: center;\"><span style=\"color: #003300;\"><strong>Valorizaci\u00f3n y diversificaci\u00f3n de productos<\/strong><\/span><\/h3>\n<p>[\/vc_column_text][vc_column_text]<\/p>\n<p style=\"text-align: center;\">Gesti\u00f3n del producto con el objetivo de valorizar al m\u00e1ximo su calidad por destinos como la ebanister\u00eda o la carpinter\u00eda. Todos aquellos productos susceptibles a ser valorizados se separan y se llevan a industrias especializadas oa la plataforma log\u00edstica por su venta directa a artesanos o carpinteros (ver proyecto SingularWood ).<\/p>\n<p>[\/vc_column_text][vc_empty_space][vc_single_image image=\u00bb8580&#8243; img_size=\u00bbfull\u00bb alignment=\u00bbcenter\u00bb css=\u00bb.vc_custom_1715088423364{margin-bottom: 15px !important;}\u00bb][vc_empty_space height=\u00bb45px\u00bb][vc_column_text css=\u00bb.vc_custom_1723455377300{margin-bottom: 30px !important;}\u00bb]<\/p>\n<h3 style=\"text-align: center;\"><span style=\"color: #003300;\">Actuaciones en encinares, casta\u00f1ares, robledales y pinares de pino pi\u00f1onero mixtos desarrollados en el marco del LIFE MixForChange donde se ha aplicado este tipo de silvicultura.<\/span><\/h3>\n<p>[\/vc_column_text][vc_empty_space][vc_single_image image=\u00bb8582&#8243; img_size=\u00bbfull\u00bb alignment=\u00bbcenter\u00bb css=\u00bb.vc_custom_1715088436679{margin-bottom: 15px !important;}\u00bb][\/vc_column_inner][\/vc_row_inner][vc_separator css=\u00bb.vc_custom_1712844072834{margin-top: 40px !important;}\u00bb][vc_empty_space height=\u00bb60px\u00bb][vc_column_text]<\/p>\n<p style=\"text-align: center;\">Puede encontrar caracter\u00edsticas m\u00e1s espec\u00edficas de este tipo de silvicultura clicando <a href=\"https:\/\/mixforchange.eu\/docs\/Guia_silvicultura_adaptativa_naturalistica_MixForChange_CAT_2022.pdf\" target=\"_blank\" rel=\"noopener\"><u>aqu\u00ed<\/u><\/a><\/p>\n<p>[\/vc_column_text][\/vc_column][\/vc_row][vc_row][vc_column]<div class=\"templatera_shortcode\"><style type=\"text\/css\" data-type=\"vc_shortcodes-custom-css\">.vc_custom_1713966570355{padding-top: 60px !important;padding-bottom: 60px !important;}<\/style><div data-vc-full-width=\"true\" data-vc-full-width-init=\"false\" class=\"vc_row wpb_row vc_row-fluid vc_custom_1713966570355 vc_column-gap-25 vc_row-o-content-middle vc_row-flex\"><div class=\"wpb_column vc_column_container vc_col-sm-3\"><div class=\"vc_column-inner\"><div class=\"wpb_wrapper\"><style type=\"text\/css\" data-type=\"the7_shortcodes-inline-css\">#default-btn-21eaddaeeb12c112bd74345bd2347644.ico-right-side > i {\n  margin-right: 0px;\n  margin-left: 8px;\n}\n#default-btn-21eaddaeeb12c112bd74345bd2347644 > i {\n  margin-right: 8px;\n}\n<\/style><div class=\"btn-align-center\"><a href=\"\/es\/asociacion\/\" class=\"default-btn-shortcode dt-btn dt-btn-m link-hover-off full-width-btn \" id=\"default-btn-21eaddaeeb12c112bd74345bd2347644\"><span>Inscr\u00edbete a la Asociaci\u00f3n<\/span><\/a><\/div><\/div><\/div><\/div><div class=\"wpb_column vc_column_container vc_col-sm-3\"><div class=\"vc_column-inner\"><div class=\"wpb_wrapper\"><style type=\"text\/css\" data-type=\"the7_shortcodes-inline-css\">#default-btn-97c48b43b11f1db54bc1d0cedddb30d9.ico-right-side > i {\n  margin-right: 0px;\n  margin-left: 8px;\n}\n#default-btn-97c48b43b11f1db54bc1d0cedddb30d9 > i {\n  margin-right: 8px;\n}\n<\/style><div class=\"btn-align-center\"><a href=\"\/es\/revista-aulet\/suscribirse-al-aulet\" class=\"default-btn-shortcode dt-btn dt-btn-m link-hover-off full-width-btn \" id=\"default-btn-97c48b43b11f1db54bc1d0cedddb30d9\"><span>Suscr\u00edbete al Aulet<\/span><\/a><\/div><\/div><\/div><\/div><div class=\"wpb_column vc_column_container vc_col-sm-3\"><div class=\"vc_column-inner\"><div class=\"wpb_wrapper\"><style type=\"text\/css\" data-type=\"the7_shortcodes-inline-css\">#default-btn-37d40504ceb1eb1da21a0123b91bc3bd.ico-right-side > i {\n  margin-right: 0px;\n  margin-left: 8px;\n}\n#default-btn-37d40504ceb1eb1da21a0123b91bc3bd > i {\n  margin-right: 8px;\n}\n<\/style><div class=\"btn-align-center\"><a href=\"\/es\/gestion-forestal\/prevencion-incendios\/\" class=\"default-btn-shortcode dt-btn dt-btn-m link-hover-off full-width-btn \" id=\"default-btn-37d40504ceb1eb1da21a0123b91bc3bd\"><span>Inscr\u00edbete en el programa anual<\/span><\/a><\/div><\/div><\/div><\/div><div class=\"wpb_column vc_column_container vc_col-sm-3\"><div class=\"vc_column-inner\"><div class=\"wpb_wrapper\"><style type=\"text\/css\" data-type=\"the7_shortcodes-inline-css\">#default-btn-6aa99abe8e0f8c92f1b749fb660c2a3a.ico-right-side > i {\n  margin-right: 0px;\n  margin-left: 8px;\n}\n#default-btn-6aa99abe8e0f8c92f1b749fb660c2a3a > i {\n  margin-right: 8px;\n}\n<\/style><div class=\"btn-align-center\"><a href=\"\/es\/contacto\/\" class=\"default-btn-shortcode dt-btn dt-btn-m link-hover-off full-width-btn \" id=\"default-btn-6aa99abe8e0f8c92f1b749fb660c2a3a\"><span>Contacta con nosotros<\/span><\/a><\/div><\/div><\/div><\/div><\/div><div class=\"vc_row-full-width vc_clearfix\"><\/div>\r\n<\/div>[\/vc_column][\/vc_row]<\/p>\n<\/div>","protected":false},"excerpt":{"rendered":"<p>Los objetivos principales que busca la Asociaci\u00f3n de propietarios del Montnegre y el Corredor a la hora de desarrollar la gesti\u00f3n forestal son los siguientes: Aumento de la resistencia y la resiliencia ante las perturbaciones Reducci\u00f3n del estr\u00e9s h\u00eddrico Diversificaci\u00f3n y valorizaci\u00f3n de productos Mantenimiento y mejora de la biodiversidad Mantenimiento de las funciones del&hellip;<\/p>\n","protected":false},"author":1,"featured_media":0,"parent":7037,"menu_order":100,"comment_status":"closed","ping_status":"closed","template":"","meta":{"footnotes":""},"class_list":["post-7042","page","type-page","status-publish","hentry","description-off"],"yoast_head":"<!-- This site is optimized with the Yoast SEO plugin v24.6 - https:\/\/yoast.com\/wordpress\/plugins\/seo\/ -->\n<title>Silvicultura natural\u00edstica y adaptativa al cambio clim\u00e1tico - Associaci\u00f3 de propietaris del Montnegre i el Corredor<\/title>\n<meta name=\"robots\" content=\"index, follow, max-snippet:-1, max-image-preview:large, max-video-preview:-1\" \/>\n<link rel=\"canonical\" href=\"https:\/\/montnegrecorredor.org\/es\/gestion-forestal\/silvicultura-naturalistica-y-adaptativa-al-cambio-climatico\/\" \/>\n<meta property=\"og:locale\" content=\"es_ES\" \/>\n<meta property=\"og:type\" content=\"article\" \/>\n<meta property=\"og:title\" content=\"Silvicultura natural\u00edstica y adaptativa al cambio clim\u00e1tico - Associaci\u00f3 de propietaris del Montnegre i el Corredor\" \/>\n<meta property=\"og:url\" content=\"https:\/\/montnegrecorredor.org\/es\/gestion-forestal\/silvicultura-naturalistica-y-adaptativa-al-cambio-climatico\/\" \/>\n<meta property=\"og:site_name\" content=\"Associaci\u00f3 de propietaris del Montnegre i el Corredor\" \/>\n<meta property=\"article:modified_time\" content=\"2024-08-13T14:09:45+00:00\" \/>\n<meta name=\"twitter:card\" content=\"summary_large_image\" \/>\n<meta name=\"twitter:label1\" content=\"Tiempo de lectura\" \/>\n\t<meta name=\"twitter:data1\" content=\"4 minutos\" \/>\n<script type=\"application\/ld+json\" class=\"yoast-schema-graph\">{\"@context\":\"https:\/\/schema.org\",\"@graph\":[{\"@type\":\"WebPage\",\"@id\":\"https:\/\/montnegrecorredor.org\/es\/gestion-forestal\/silvicultura-naturalistica-y-adaptativa-al-cambio-climatico\/\",\"url\":\"https:\/\/montnegrecorredor.org\/es\/gestion-forestal\/silvicultura-naturalistica-y-adaptativa-al-cambio-climatico\/\",\"name\":\"Silvicultura natural\u00edstica y adaptativa al cambio clim\u00e1tico - Associaci\u00f3 de propietaris del Montnegre i el Corredor\",\"isPartOf\":{\"@id\":\"https:\/\/montnegrecorredor.org\/#website\"},\"datePublished\":\"2024-02-27T14:35:50+00:00\",\"dateModified\":\"2024-08-13T14:09:45+00:00\",\"breadcrumb\":{\"@id\":\"https:\/\/montnegrecorredor.org\/es\/gestion-forestal\/silvicultura-naturalistica-y-adaptativa-al-cambio-climatico\/#breadcrumb\"},\"inLanguage\":\"es\",\"potentialAction\":[{\"@type\":\"ReadAction\",\"target\":[\"https:\/\/montnegrecorredor.org\/es\/gestion-forestal\/silvicultura-naturalistica-y-adaptativa-al-cambio-climatico\/\"]}]},{\"@type\":\"BreadcrumbList\",\"@id\":\"https:\/\/montnegrecorredor.org\/es\/gestion-forestal\/silvicultura-naturalistica-y-adaptativa-al-cambio-climatico\/#breadcrumb\",\"itemListElement\":[{\"@type\":\"ListItem\",\"position\":1,\"name\":\"Inici\",\"item\":\"https:\/\/montnegrecorredor.org\/es\/\"},{\"@type\":\"ListItem\",\"position\":2,\"name\":\"Gesti\u00f3n forestal\",\"item\":\"https:\/\/montnegrecorredor.org\/es\/gestion-forestal\/\"},{\"@type\":\"ListItem\",\"position\":3,\"name\":\"Silvicultura natural\u00edstica y adaptativa al cambio clim\u00e1tico\"}]},{\"@type\":\"WebSite\",\"@id\":\"https:\/\/montnegrecorredor.org\/#website\",\"url\":\"https:\/\/montnegrecorredor.org\/\",\"name\":\"Associaci\u00f3 de propietaris del Montnegre i el Corredor\",\"description\":\"\",\"publisher\":{\"@id\":\"https:\/\/montnegrecorredor.org\/#organization\"},\"potentialAction\":[{\"@type\":\"SearchAction\",\"target\":{\"@type\":\"EntryPoint\",\"urlTemplate\":\"https:\/\/montnegrecorredor.org\/?s={search_term_string}\"},\"query-input\":{\"@type\":\"PropertyValueSpecification\",\"valueRequired\":true,\"valueName\":\"search_term_string\"}}],\"inLanguage\":\"es\"},{\"@type\":\"Organization\",\"@id\":\"https:\/\/montnegrecorredor.org\/#organization\",\"name\":\"Associaci\u00f3 de propietaris del Montnegre i el Corredor\",\"url\":\"https:\/\/montnegrecorredor.org\/\",\"logo\":{\"@type\":\"ImageObject\",\"inLanguage\":\"es\",\"@id\":\"https:\/\/montnegrecorredor.org\/#\/schema\/logo\/image\/\",\"url\":\"https:\/\/montnegrecorredor.org\/wp-content\/uploads\/2024\/02\/logo_print.jpg\",\"contentUrl\":\"https:\/\/montnegrecorredor.org\/wp-content\/uploads\/2024\/02\/logo_print.jpg\",\"width\":400,\"height\":117,\"caption\":\"Associaci\u00f3 de propietaris del Montnegre i el Corredor\"},\"image\":{\"@id\":\"https:\/\/montnegrecorredor.org\/#\/schema\/logo\/image\/\"},\"sameAs\":[\"https:\/\/www.instagram.com\/apfmontnegrecorredor\"]}]}<\/script>\n<!-- \/ Yoast SEO plugin. -->","yoast_head_json":{"title":"Silvicultura natural\u00edstica y adaptativa al cambio clim\u00e1tico - Associaci\u00f3 de propietaris del Montnegre i el Corredor","robots":{"index":"index","follow":"follow","max-snippet":"max-snippet:-1","max-image-preview":"max-image-preview:large","max-video-preview":"max-video-preview:-1"},"canonical":"https:\/\/montnegrecorredor.org\/es\/gestion-forestal\/silvicultura-naturalistica-y-adaptativa-al-cambio-climatico\/","og_locale":"es_ES","og_type":"article","og_title":"Silvicultura natural\u00edstica y adaptativa al cambio clim\u00e1tico - Associaci\u00f3 de propietaris del Montnegre i el Corredor","og_url":"https:\/\/montnegrecorredor.org\/es\/gestion-forestal\/silvicultura-naturalistica-y-adaptativa-al-cambio-climatico\/","og_site_name":"Associaci\u00f3 de propietaris del Montnegre i el Corredor","article_modified_time":"2024-08-13T14:09:45+00:00","twitter_card":"summary_large_image","twitter_misc":{"Tiempo de lectura":"4 minutos"},"schema":{"@context":"https:\/\/schema.org","@graph":[{"@type":"WebPage","@id":"https:\/\/montnegrecorredor.org\/es\/gestion-forestal\/silvicultura-naturalistica-y-adaptativa-al-cambio-climatico\/","url":"https:\/\/montnegrecorredor.org\/es\/gestion-forestal\/silvicultura-naturalistica-y-adaptativa-al-cambio-climatico\/","name":"Silvicultura natural\u00edstica y adaptativa al cambio clim\u00e1tico - Associaci\u00f3 de propietaris del Montnegre i el Corredor","isPartOf":{"@id":"https:\/\/montnegrecorredor.org\/#website"},"datePublished":"2024-02-27T14:35:50+00:00","dateModified":"2024-08-13T14:09:45+00:00","breadcrumb":{"@id":"https:\/\/montnegrecorredor.org\/es\/gestion-forestal\/silvicultura-naturalistica-y-adaptativa-al-cambio-climatico\/#breadcrumb"},"inLanguage":"es","potentialAction":[{"@type":"ReadAction","target":["https:\/\/montnegrecorredor.org\/es\/gestion-forestal\/silvicultura-naturalistica-y-adaptativa-al-cambio-climatico\/"]}]},{"@type":"BreadcrumbList","@id":"https:\/\/montnegrecorredor.org\/es\/gestion-forestal\/silvicultura-naturalistica-y-adaptativa-al-cambio-climatico\/#breadcrumb","itemListElement":[{"@type":"ListItem","position":1,"name":"Inici","item":"https:\/\/montnegrecorredor.org\/es\/"},{"@type":"ListItem","position":2,"name":"Gesti\u00f3n forestal","item":"https:\/\/montnegrecorredor.org\/es\/gestion-forestal\/"},{"@type":"ListItem","position":3,"name":"Silvicultura natural\u00edstica y adaptativa al cambio clim\u00e1tico"}]},{"@type":"WebSite","@id":"https:\/\/montnegrecorredor.org\/#website","url":"https:\/\/montnegrecorredor.org\/","name":"Associaci\u00f3 de propietaris del Montnegre i el Corredor","description":"","publisher":{"@id":"https:\/\/montnegrecorredor.org\/#organization"},"potentialAction":[{"@type":"SearchAction","target":{"@type":"EntryPoint","urlTemplate":"https:\/\/montnegrecorredor.org\/?s={search_term_string}"},"query-input":{"@type":"PropertyValueSpecification","valueRequired":true,"valueName":"search_term_string"}}],"inLanguage":"es"},{"@type":"Organization","@id":"https:\/\/montnegrecorredor.org\/#organization","name":"Associaci\u00f3 de propietaris del Montnegre i el Corredor","url":"https:\/\/montnegrecorredor.org\/","logo":{"@type":"ImageObject","inLanguage":"es","@id":"https:\/\/montnegrecorredor.org\/#\/schema\/logo\/image\/","url":"https:\/\/montnegrecorredor.org\/wp-content\/uploads\/2024\/02\/logo_print.jpg","contentUrl":"https:\/\/montnegrecorredor.org\/wp-content\/uploads\/2024\/02\/logo_print.jpg","width":400,"height":117,"caption":"Associaci\u00f3 de propietaris del Montnegre i el Corredor"},"image":{"@id":"https:\/\/montnegrecorredor.org\/#\/schema\/logo\/image\/"},"sameAs":["https:\/\/www.instagram.com\/apfmontnegrecorredor"]}]}},"_links":{"self":[{"href":"https:\/\/montnegrecorredor.org\/es\/wp-json\/wp\/v2\/pages\/7042","targetHints":{"allow":["GET"]}}],"collection":[{"href":"https:\/\/montnegrecorredor.org\/es\/wp-json\/wp\/v2\/pages"}],"about":[{"href":"https:\/\/montnegrecorredor.org\/es\/wp-json\/wp\/v2\/types\/page"}],"author":[{"embeddable":true,"href":"https:\/\/montnegrecorredor.org\/es\/wp-json\/wp\/v2\/users\/1"}],"replies":[{"embeddable":true,"href":"https:\/\/montnegrecorredor.org\/es\/wp-json\/wp\/v2\/comments?post=7042"}],"version-history":[{"count":16,"href":"https:\/\/montnegrecorredor.org\/es\/wp-json\/wp\/v2\/pages\/7042\/revisions"}],"predecessor-version":[{"id":9573,"href":"https:\/\/montnegrecorredor.org\/es\/wp-json\/wp\/v2\/pages\/7042\/revisions\/9573"}],"up":[{"embeddable":true,"href":"https:\/\/montnegrecorredor.org\/es\/wp-json\/wp\/v2\/pages\/7037"}],"wp:attachment":[{"href":"https:\/\/montnegrecorredor.org\/es\/wp-json\/wp\/v2\/media?parent=7042"}],"curies":[{"name":"wp","href":"https:\/\/api.w.org\/{rel}","templated":true}]}}