{"id":7041,"date":"2024-02-27T14:36:11","date_gmt":"2024-02-27T14:36:11","guid":{"rendered":"https:\/\/montnegrecorredor.org\/gestio-forestal\/prevencio-dincendis\/"},"modified":"2025-10-20T08:09:15","modified_gmt":"2025-10-20T08:09:15","slug":"prevencion-incendios","status":"publish","type":"page","link":"https:\/\/montnegrecorredor.org\/es\/gestion-forestal\/prevencion-incendios\/","title":{"rendered":"Prevenci\u00f3n de incendios"},"content":{"rendered":"<div class=\"wpb-content-wrapper\"><p>[vc_row full_width=\u00bbstretch_row\u00bb css=\u00bb.vc_custom_1713263107818{padding-top: 80px !important;padding-bottom: 80px !important;}\u00bb][vc_column][vc_row_inner][vc_column_inner width=\u00bb1\/2&#8243;][vc_column_text]La Asociaci\u00f3n trabaja desde 2006 para la prevenci\u00f3n de incendios del macizo. El primer paso fue la redacci\u00f3n del \u201c<strong>Plan marco de restauraci\u00f3n y mejora de las fincas forestales del Montnegre y el Corredor<\/strong>\u201d y la firma del convenio de colaboraci\u00f3n con los ayuntamientos y la Diputaci\u00f3n de Barcelona. Desde entonces, cada a\u00f1o se han ejecutado actuaciones forestales a tal fin a trav\u00e9s de la firma de un <strong>Programa Anual de Actuaciones<\/strong>. Adem\u00e1s, durante 2023 se han ejecutado actuaciones de prevenci\u00f3n de incendios complementarias gracias a las <strong>ayudas para la prevenci\u00f3n de incendios forestales en bosques de titularidad privada<\/strong> del Centro de la Propiedad Forestal.<\/p>\n<p>Los criterios de estas actuaciones se basan en la reducci\u00f3n de la carga de combustible sobre los diferentes estratos de la masa forestal para dar lugar a estructuras de vegetaci\u00f3n de baja vulnerabilidad al fuego de copas. B\u00e1sicamente se traduce en actuaciones sobre los combustibles de superficie y de escalera para reducir la continuidad vertical con el estrato de copas (<a href=\"https:\/\/cpf.gencat.cat\/web\/.content\/or_organismes\/or04_centre_propietat_forestal\/06-Publicacions\/publicacions_tecniques\/colleccions\/orgest\/parametres_i_indicadors_de_suport_a_la_gfs\/orgest_integraci__del_risc_de_gif_en_la_gf\/docs\/orgest_incendis_cpf_pdf_reduida.pdf\" target=\"_blank\" rel=\"noopener\"><u>Piqu\u00e9 et al., 2011<\/u><\/a>).[\/vc_column_text][\/vc_column_inner][vc_column_inner width=\u00bb1\/2&#8243;][vc_single_image image=\u00bb8094&#8243; img_size=\u00bbfull\u00bb][\/vc_column_inner][\/vc_row_inner][vc_empty_space][vc_row_inner][vc_column_inner width=\u00bb1\/2&#8243;][vc_single_image image=\u00bb8098&#8243; img_size=\u00bb520&#215;390&#8243; css=\u00bb.vc_custom_1713965528148{margin-bottom: 15px !important;}\u00bb image_hovers=\u00bbfalse\u00bb][\/vc_column_inner][vc_column_inner width=\u00bb1\/2&#8243;][vc_single_image image=\u00bb8100&#8243; img_size=\u00bb520&#215;390&#8243; css=\u00bb.vc_custom_1713965534090{margin-bottom: 15px !important;}\u00bb image_hovers=\u00bbfalse\u00bb][\/vc_column_inner][\/vc_row_inner][vc_column_text css=\u00bb\u00bb]<\/p>\n<p style=\"text-align: center;\">Trabajos de prevenci\u00f3n de incendios en el marco del programa anual financiados por<\/p>\n<div class=\"wp-block-image\"><img loading=\"lazy\" decoding=\"async\" class=\"wpa-warning wpa-image-missing-alt alignnone size-medium wp-image-15230 aligncenter\" src=\"https:\/\/montnegrecorredor.org\/wp-content\/uploads\/2025\/10\/Logo_dipu-300x99.png\" alt=\"\" width=\"300\" height=\"99\" data-warning=\"Missing alt text\" srcset=\"https:\/\/montnegrecorredor.org\/wp-content\/uploads\/2025\/10\/Logo_dipu-300x99.png 300w, https:\/\/montnegrecorredor.org\/wp-content\/uploads\/2025\/10\/Logo_dipu.png 389w\" sizes=\"auto, (max-width: 300px) 100vw, 300px\" \/><\/div>\n<p>[\/vc_column_text][\/vc_column][\/vc_row][vc_row full_width=\u00bbstretch_row\u00bb bg_type=\u00bbbg_color\u00bb css=\u00bb.vc_custom_1713263115530{padding-top: 80px !important;padding-bottom: 80px !important;}\u00bb bg_color_value=\u00bb#eff4d0&#8243;][vc_column][vc_row_inner][vc_column_inner width=\u00bb1\/2&#8243;][vc_column_text]Actualmente, estas actuaciones se priorizan en las <u><a href=\"https:\/\/dadesobertes.diba.cat\/datasets\/arees-de-gestio-prioritaria-agp-per-a-la-prevencio-dincendis\" target=\"_blank\" rel=\"noopener\">\u00c1reas de Gesti\u00f3n Prioritaria (AGP<\/a>)<\/u> definidas por la Diputaci\u00f3n de Barcelona, las cuales se diferencian en tres tipos de zonas:[\/vc_column_text][vc_empty_space]<div class=\"standard-arrow list-divider bullet-top\"><ul>\n<li><strong>Interfase Urbano -Forestal<\/strong> (IUF) (rosa): \u00c1reas adyacentes a las franjas de baja combustibilidad obligatorias que rodean a urbanizaciones, n\u00facleos de poblaci\u00f3n, edificaciones e instalaciones en terrenos forestales. Su principal objetivo es la protecci\u00f3n de las personas.<\/li>\n<li><strong>Puntos Estrat\u00e9gicos de Gesti\u00f3n<\/strong> (PEG) (verde): Zonas aptas para que los bomberos puedan realizar maniobras de ataque o de contenci\u00f3n para limitar la afectaci\u00f3n de grandes incendios forestales. Requieren accesos, zonas seguras para desplegar las maniobras de extinci\u00f3n y una estructura forestal que evite el fuego de copas, con el objetivo de que el trabajo de los medios de extinci\u00f3n sea m\u00e1s f\u00e1cil y seguro.<\/li>\n<li><strong>\u00c1reas de fomento de la gesti\u00f3n<\/strong> (AFG) (amarillo): Zonas que por su estructura forestal y situaci\u00f3n estrat\u00e9gica son apropiadas para cambiar el comportamiento de un incendio forestal y procurar que no se convierta en un gran incendio forestal (GIF).<\/li>\n<\/ul>\n<\/div>[\/vc_column_inner][vc_column_inner width=\u00bb1\/2&#8243;][vc_single_image image=\u00bb8096&#8243; img_size=\u00bbfull\u00bb image_hovers=\u00bbfalse\u00bb][\/vc_column_inner][\/vc_row_inner][\/vc_column][\/vc_row][vc_row full_width=\u00bbstretch_row\u00bb css=\u00bb.vc_custom_1713263107818{padding-top: 80px !important;padding-bottom: 80px !important;}\u00bb][vc_column width=\u00bb1\/6&#8243;][\/vc_column][vc_column width=\u00bb2\/3&#8243;][vc_column_text css=\u00bb\u00bb]<\/p>\n<h2 style=\"text-align: center;\">INSCR\u00cdBETE AL PROGRAMA ANUAL<\/h2>\n<div class=\"wp-block-image\"><img loading=\"lazy\" decoding=\"async\" class=\"wpa-warning wpa-image-missing-alt alignnone size-medium wp-image-15230 aligncenter\" src=\"https:\/\/montnegrecorredor.org\/wp-content\/uploads\/2025\/10\/Logo_dipu-300x99.png\" alt=\"\" width=\"300\" height=\"99\" data-warning=\"Missing alt text\" srcset=\"https:\/\/montnegrecorredor.org\/wp-content\/uploads\/2025\/10\/Logo_dipu-300x99.png 300w, https:\/\/montnegrecorredor.org\/wp-content\/uploads\/2025\/10\/Logo_dipu.png 389w\" sizes=\"auto, (max-width: 300px) 100vw, 300px\" \/><\/div>\n<p>[\/vc_column_text][vc_empty_space][vc_column_text]<\/p>\n<p style=\"text-align: center;\">Si eres propietario y tienes alguna zona de tu finca incluida en alguna de las <a href=\"https:\/\/dadesobertes.diba.cat\/datasets\/arees-de-gestio-prioritaria-agp-per-a-la-prevencio-dincendis\" target=\"_blank\" rel=\"noopener\">AGP<\/a> o bien se encuentra afectada por alg\u00fan tipo de decaimiento derivado de una plaga, sequ\u00eda, ventolera, etc., las actuaciones a desarrollar son susceptibles de ser incluidas y financiadas en el Programa Anual de la Diputaci\u00f3n de Barcelona.<\/p>\n<p style=\"text-align: center;\">Si est\u00e1s interesado ap\u00fantate rellenando el siguiente formulario:<\/p>\n<p>[\/vc_column_text][vc_empty_space]\n<div class=\"wpcf7 no-js\" id=\"wpcf7-f9597-o1\" lang=\"es-ES\" dir=\"ltr\" data-wpcf7-id=\"9597\">\n<div class=\"screen-reader-response\"><p role=\"status\" aria-live=\"polite\" aria-atomic=\"true\"><\/p> <ul><\/ul><\/div>\n<form action=\"\/es\/wp-json\/wp\/v2\/pages\/7041#wpcf7-f9597-o1\" method=\"post\" class=\"wpcf7-form init\" aria-label=\"Formulario de contacto\" novalidate=\"novalidate\" data-status=\"init\">\n<div style=\"display: none;\">\n<input type=\"hidden\" name=\"_wpcf7\" value=\"9597\" \/>\n<input type=\"hidden\" name=\"_wpcf7_version\" value=\"6.0.4\" \/>\n<input type=\"hidden\" name=\"_wpcf7_locale\" value=\"es_ES\" \/>\n<input type=\"hidden\" name=\"_wpcf7_unit_tag\" value=\"wpcf7-f9597-o1\" \/>\n<input type=\"hidden\" name=\"_wpcf7_container_post\" value=\"0\" \/>\n<input type=\"hidden\" name=\"_wpcf7_posted_data_hash\" value=\"\" \/>\n<input type=\"hidden\" name=\"_wpcf7_recaptcha_response\" value=\"\" \/>\n<\/div>\n<p><span class=\"wpcf7-form-control-wrap\" data-name=\"your-name\"><input size=\"40\" maxlength=\"400\" class=\"wpcf7-form-control wpcf7-text wpcf7-validates-as-required\" aria-required=\"true\" aria-invalid=\"false\" placeholder=\"Nombre\" value=\"\" type=\"text\" name=\"your-name\" \/><\/span>\n<\/p>\n<p><span class=\"wpcf7-form-control-wrap\" data-name=\"your-email\"><input size=\"40\" maxlength=\"400\" class=\"wpcf7-form-control wpcf7-email wpcf7-validates-as-required wpcf7-text wpcf7-validates-as-email\" aria-required=\"true\" aria-invalid=\"false\" placeholder=\"Correo electr\u00f3nico\" value=\"\" type=\"email\" name=\"your-email\" \/><\/span>\n<\/p>\n<p><span class=\"wpcf7-form-control-wrap\" data-name=\"your-phone\"><input size=\"40\" maxlength=\"400\" class=\"wpcf7-form-control wpcf7-tel wpcf7-validates-as-required wpcf7-text wpcf7-validates-as-tel\" aria-required=\"true\" aria-invalid=\"false\" placeholder=\"Tel\u00e9fono\" value=\"\" type=\"tel\" name=\"your-phone\" \/><\/span>\n<\/p>\n<p><span class=\"wpcf7-form-control-wrap\" data-name=\"finca\"><input size=\"40\" maxlength=\"400\" class=\"wpcf7-form-control wpcf7-text wpcf7-validates-as-required\" aria-required=\"true\" aria-invalid=\"false\" placeholder=\"Finca\" value=\"\" type=\"text\" name=\"finca\" \/><\/span>\n<\/p>\n<p><span class=\"wpcf7-form-control-wrap\" data-name=\"municipio\"><input size=\"40\" maxlength=\"400\" class=\"wpcf7-form-control wpcf7-text wpcf7-validates-as-required\" aria-required=\"true\" aria-invalid=\"false\" placeholder=\"Municipio\" value=\"\" type=\"text\" name=\"municipio\" \/><\/span>\n<\/p>\n<p>Tipo de actuaci\u00f3n:<br \/>\n<span class=\"wpcf7-form-control-wrap\" data-name=\"tipo\"><span class=\"wpcf7-form-control wpcf7-checkbox wpcf7-validates-as-required\"><span class=\"wpcf7-list-item first\"><input type=\"checkbox\" name=\"tipo[]\" value=\"Prevenci\u00f3n de incendios AGP\" \/><span class=\"wpcf7-list-item-label\">Prevenci\u00f3n de incendios AGP<\/span><\/span><span class=\"wpcf7-list-item last\"><input type=\"checkbox\" name=\"tipo[]\" value=\"Zona en decaimiento\" \/><span class=\"wpcf7-list-item-label\">Zona en decaimiento<\/span><\/span><\/span><\/span>\n<\/p>\n<p><span class=\"wpcf7-form-control-wrap\" data-name=\"catastro\"><input size=\"40\" maxlength=\"400\" class=\"wpcf7-form-control wpcf7-text wpcf7-validates-as-required\" aria-required=\"true\" aria-invalid=\"false\" placeholder=\"Referencia catastral\" value=\"\" type=\"text\" name=\"catastro\" \/><\/span>\n<\/p>\n<p>Superficie a actuar aproximada:<br \/>\n<span class=\"wpcf7-form-control-wrap\" data-name=\"superficie\"><input class=\"wpcf7-form-control wpcf7-number wpcf7-validates-as-required wpcf7-validates-as-number\" aria-required=\"true\" aria-invalid=\"false\" value=\"\" type=\"number\" name=\"superficie\" \/><\/span>\n<\/p>\n<p><span class=\"wpcf7-form-control-wrap\" data-name=\"acceptance\"><span class=\"wpcf7-form-control wpcf7-acceptance\"><span class=\"wpcf7-list-item\"><label><input type=\"checkbox\" name=\"acceptance\" value=\"1\" aria-invalid=\"false\" \/><span class=\"wpcf7-list-item-label\">He le\u00eddo y acepto la <a href=\"\/politica-de-privacitat\/\" target=\"_blank\">Pol\u00edtica de privacidad<\/a> de la Asociaci\u00f3n de Propietarios del Montnegre y el Corredor.<\/span><\/label><\/span><\/span><\/span>\n<\/p>\n<p><input class=\"wpcf7-form-control wpcf7-submit has-spinner\" type=\"submit\" value=\"Envia\" \/>\n<\/p><div class=\"wpcf7-response-output\" aria-hidden=\"true\"><\/div>\n<\/form>\n<\/div>\n[\/vc_column][vc_column width=\u00bb1\/6&#8243;][\/vc_column][\/vc_row]<\/p>\n<\/div>","protected":false},"excerpt":{"rendered":"<p>[vc_row full_width=\u00bbstretch_row\u00bb css=\u00bb.vc_custom_1713263107818{padding-top: 80px !important;padding-bottom: 80px !important;}\u00bb][vc_column][vc_row_inner][vc_column_inner width=\u00bb1\/2&#8243;][vc_column_text]La Asociaci\u00f3n trabaja desde 2006 para la prevenci\u00f3n de incendios del macizo. El primer paso fue la redacci\u00f3n del \u201cPlan marco de restauraci\u00f3n y mejora de las fincas forestales del Montnegre y el Corredor\u201d y la firma del convenio de colaboraci\u00f3n con los ayuntamientos y la Diputaci\u00f3n de&hellip;<\/p>\n","protected":false},"author":1,"featured_media":0,"parent":7037,"menu_order":100,"comment_status":"closed","ping_status":"closed","template":"","meta":{"footnotes":""},"class_list":["post-7041","page","type-page","status-publish","hentry","description-off"],"yoast_head":"<!-- This site is optimized with the Yoast SEO plugin v24.6 - https:\/\/yoast.com\/wordpress\/plugins\/seo\/ -->\n<title>Prevenci\u00f3n de incendios - Associaci\u00f3 de propietaris del Montnegre i el Corredor<\/title>\n<meta name=\"robots\" content=\"index, follow, max-snippet:-1, max-image-preview:large, max-video-preview:-1\" \/>\n<link rel=\"canonical\" href=\"https:\/\/montnegrecorredor.org\/es\/gestion-forestal\/prevencion-incendios\/\" \/>\n<meta property=\"og:locale\" content=\"es_ES\" \/>\n<meta property=\"og:type\" content=\"article\" \/>\n<meta property=\"og:title\" content=\"Prevenci\u00f3n de incendios - Associaci\u00f3 de propietaris del Montnegre i el Corredor\" \/>\n<meta property=\"og:description\" content=\"[vc_row full_width=\u00bbstretch_row\u00bb css=\u00bb.vc_custom_1713263107818{padding-top: 80px !important;padding-bottom: 80px !important;}\u00bb][vc_column][vc_row_inner][vc_column_inner width=\u00bb1\/2&#8243;][vc_column_text]La Asociaci\u00f3n trabaja desde 2006 para la prevenci\u00f3n de incendios del macizo. El primer paso fue la redacci\u00f3n del \u201cPlan marco de restauraci\u00f3n y mejora de las fincas forestales del Montnegre y el Corredor\u201d y la firma del convenio de colaboraci\u00f3n con los ayuntamientos y la Diputaci\u00f3n de&hellip;\" \/>\n<meta property=\"og:url\" content=\"https:\/\/montnegrecorredor.org\/es\/gestion-forestal\/prevencion-incendios\/\" \/>\n<meta property=\"og:site_name\" content=\"Associaci\u00f3 de propietaris del Montnegre i el Corredor\" \/>\n<meta property=\"article:modified_time\" content=\"2025-10-20T08:09:15+00:00\" \/>\n<meta property=\"og:image\" content=\"https:\/\/montnegrecorredor.org\/wp-content\/uploads\/2025\/10\/Logo_dipu-300x99.png\" \/>\n<meta name=\"twitter:card\" content=\"summary_large_image\" \/>\n<meta name=\"twitter:label1\" content=\"Tiempo de lectura\" \/>\n\t<meta name=\"twitter:data1\" content=\"4 minutos\" \/>\n<script type=\"application\/ld+json\" class=\"yoast-schema-graph\">{\"@context\":\"https:\/\/schema.org\",\"@graph\":[{\"@type\":\"WebPage\",\"@id\":\"https:\/\/montnegrecorredor.org\/es\/gestion-forestal\/prevencion-incendios\/\",\"url\":\"https:\/\/montnegrecorredor.org\/es\/gestion-forestal\/prevencion-incendios\/\",\"name\":\"Prevenci\u00f3n de incendios - Associaci\u00f3 de propietaris del Montnegre i el Corredor\",\"isPartOf\":{\"@id\":\"https:\/\/montnegrecorredor.org\/#website\"},\"primaryImageOfPage\":{\"@id\":\"https:\/\/montnegrecorredor.org\/es\/gestion-forestal\/prevencion-incendios\/#primaryimage\"},\"image\":{\"@id\":\"https:\/\/montnegrecorredor.org\/es\/gestion-forestal\/prevencion-incendios\/#primaryimage\"},\"thumbnailUrl\":\"https:\/\/montnegrecorredor.org\/wp-content\/uploads\/2025\/10\/Logo_dipu-300x99.png\",\"datePublished\":\"2024-02-27T14:36:11+00:00\",\"dateModified\":\"2025-10-20T08:09:15+00:00\",\"breadcrumb\":{\"@id\":\"https:\/\/montnegrecorredor.org\/es\/gestion-forestal\/prevencion-incendios\/#breadcrumb\"},\"inLanguage\":\"es\",\"potentialAction\":[{\"@type\":\"ReadAction\",\"target\":[\"https:\/\/montnegrecorredor.org\/es\/gestion-forestal\/prevencion-incendios\/\"]}]},{\"@type\":\"ImageObject\",\"inLanguage\":\"es\",\"@id\":\"https:\/\/montnegrecorredor.org\/es\/gestion-forestal\/prevencion-incendios\/#primaryimage\",\"url\":\"https:\/\/montnegrecorredor.org\/wp-content\/uploads\/2025\/10\/Logo_dipu-300x99.png\",\"contentUrl\":\"https:\/\/montnegrecorredor.org\/wp-content\/uploads\/2025\/10\/Logo_dipu-300x99.png\"},{\"@type\":\"BreadcrumbList\",\"@id\":\"https:\/\/montnegrecorredor.org\/es\/gestion-forestal\/prevencion-incendios\/#breadcrumb\",\"itemListElement\":[{\"@type\":\"ListItem\",\"position\":1,\"name\":\"Inici\",\"item\":\"https:\/\/montnegrecorredor.org\/es\/\"},{\"@type\":\"ListItem\",\"position\":2,\"name\":\"Gesti\u00f3n forestal\",\"item\":\"https:\/\/montnegrecorredor.org\/es\/gestion-forestal\/\"},{\"@type\":\"ListItem\",\"position\":3,\"name\":\"Prevenci\u00f3n de incendios\"}]},{\"@type\":\"WebSite\",\"@id\":\"https:\/\/montnegrecorredor.org\/#website\",\"url\":\"https:\/\/montnegrecorredor.org\/\",\"name\":\"Associaci\u00f3 de propietaris del Montnegre i el Corredor\",\"description\":\"\",\"publisher\":{\"@id\":\"https:\/\/montnegrecorredor.org\/#organization\"},\"potentialAction\":[{\"@type\":\"SearchAction\",\"target\":{\"@type\":\"EntryPoint\",\"urlTemplate\":\"https:\/\/montnegrecorredor.org\/?s={search_term_string}\"},\"query-input\":{\"@type\":\"PropertyValueSpecification\",\"valueRequired\":true,\"valueName\":\"search_term_string\"}}],\"inLanguage\":\"es\"},{\"@type\":\"Organization\",\"@id\":\"https:\/\/montnegrecorredor.org\/#organization\",\"name\":\"Associaci\u00f3 de propietaris del Montnegre i el Corredor\",\"url\":\"https:\/\/montnegrecorredor.org\/\",\"logo\":{\"@type\":\"ImageObject\",\"inLanguage\":\"es\",\"@id\":\"https:\/\/montnegrecorredor.org\/#\/schema\/logo\/image\/\",\"url\":\"https:\/\/montnegrecorredor.org\/wp-content\/uploads\/2024\/02\/logo_print.jpg\",\"contentUrl\":\"https:\/\/montnegrecorredor.org\/wp-content\/uploads\/2024\/02\/logo_print.jpg\",\"width\":400,\"height\":117,\"caption\":\"Associaci\u00f3 de propietaris del Montnegre i el Corredor\"},\"image\":{\"@id\":\"https:\/\/montnegrecorredor.org\/#\/schema\/logo\/image\/\"},\"sameAs\":[\"https:\/\/www.instagram.com\/apfmontnegrecorredor\"]}]}<\/script>\n<!-- \/ Yoast SEO plugin. -->","yoast_head_json":{"title":"Prevenci\u00f3n de incendios - Associaci\u00f3 de propietaris del Montnegre i el Corredor","robots":{"index":"index","follow":"follow","max-snippet":"max-snippet:-1","max-image-preview":"max-image-preview:large","max-video-preview":"max-video-preview:-1"},"canonical":"https:\/\/montnegrecorredor.org\/es\/gestion-forestal\/prevencion-incendios\/","og_locale":"es_ES","og_type":"article","og_title":"Prevenci\u00f3n de incendios - Associaci\u00f3 de propietaris del Montnegre i el Corredor","og_description":"[vc_row full_width=\u00bbstretch_row\u00bb css=\u00bb.vc_custom_1713263107818{padding-top: 80px !important;padding-bottom: 80px !important;}\u00bb][vc_column][vc_row_inner][vc_column_inner width=\u00bb1\/2&#8243;][vc_column_text]La Asociaci\u00f3n trabaja desde 2006 para la prevenci\u00f3n de incendios del macizo. El primer paso fue la redacci\u00f3n del \u201cPlan marco de restauraci\u00f3n y mejora de las fincas forestales del Montnegre y el Corredor\u201d y la firma del convenio de colaboraci\u00f3n con los ayuntamientos y la Diputaci\u00f3n de&hellip;","og_url":"https:\/\/montnegrecorredor.org\/es\/gestion-forestal\/prevencion-incendios\/","og_site_name":"Associaci\u00f3 de propietaris del Montnegre i el Corredor","article_modified_time":"2025-10-20T08:09:15+00:00","og_image":[{"url":"https:\/\/montnegrecorredor.org\/wp-content\/uploads\/2025\/10\/Logo_dipu-300x99.png","type":"","width":"","height":""}],"twitter_card":"summary_large_image","twitter_misc":{"Tiempo de lectura":"4 minutos"},"schema":{"@context":"https:\/\/schema.org","@graph":[{"@type":"WebPage","@id":"https:\/\/montnegrecorredor.org\/es\/gestion-forestal\/prevencion-incendios\/","url":"https:\/\/montnegrecorredor.org\/es\/gestion-forestal\/prevencion-incendios\/","name":"Prevenci\u00f3n de incendios - Associaci\u00f3 de propietaris del Montnegre i el Corredor","isPartOf":{"@id":"https:\/\/montnegrecorredor.org\/#website"},"primaryImageOfPage":{"@id":"https:\/\/montnegrecorredor.org\/es\/gestion-forestal\/prevencion-incendios\/#primaryimage"},"image":{"@id":"https:\/\/montnegrecorredor.org\/es\/gestion-forestal\/prevencion-incendios\/#primaryimage"},"thumbnailUrl":"https:\/\/montnegrecorredor.org\/wp-content\/uploads\/2025\/10\/Logo_dipu-300x99.png","datePublished":"2024-02-27T14:36:11+00:00","dateModified":"2025-10-20T08:09:15+00:00","breadcrumb":{"@id":"https:\/\/montnegrecorredor.org\/es\/gestion-forestal\/prevencion-incendios\/#breadcrumb"},"inLanguage":"es","potentialAction":[{"@type":"ReadAction","target":["https:\/\/montnegrecorredor.org\/es\/gestion-forestal\/prevencion-incendios\/"]}]},{"@type":"ImageObject","inLanguage":"es","@id":"https:\/\/montnegrecorredor.org\/es\/gestion-forestal\/prevencion-incendios\/#primaryimage","url":"https:\/\/montnegrecorredor.org\/wp-content\/uploads\/2025\/10\/Logo_dipu-300x99.png","contentUrl":"https:\/\/montnegrecorredor.org\/wp-content\/uploads\/2025\/10\/Logo_dipu-300x99.png"},{"@type":"BreadcrumbList","@id":"https:\/\/montnegrecorredor.org\/es\/gestion-forestal\/prevencion-incendios\/#breadcrumb","itemListElement":[{"@type":"ListItem","position":1,"name":"Inici","item":"https:\/\/montnegrecorredor.org\/es\/"},{"@type":"ListItem","position":2,"name":"Gesti\u00f3n forestal","item":"https:\/\/montnegrecorredor.org\/es\/gestion-forestal\/"},{"@type":"ListItem","position":3,"name":"Prevenci\u00f3n de incendios"}]},{"@type":"WebSite","@id":"https:\/\/montnegrecorredor.org\/#website","url":"https:\/\/montnegrecorredor.org\/","name":"Associaci\u00f3 de propietaris del Montnegre i el Corredor","description":"","publisher":{"@id":"https:\/\/montnegrecorredor.org\/#organization"},"potentialAction":[{"@type":"SearchAction","target":{"@type":"EntryPoint","urlTemplate":"https:\/\/montnegrecorredor.org\/?s={search_term_string}"},"query-input":{"@type":"PropertyValueSpecification","valueRequired":true,"valueName":"search_term_string"}}],"inLanguage":"es"},{"@type":"Organization","@id":"https:\/\/montnegrecorredor.org\/#organization","name":"Associaci\u00f3 de propietaris del Montnegre i el Corredor","url":"https:\/\/montnegrecorredor.org\/","logo":{"@type":"ImageObject","inLanguage":"es","@id":"https:\/\/montnegrecorredor.org\/#\/schema\/logo\/image\/","url":"https:\/\/montnegrecorredor.org\/wp-content\/uploads\/2024\/02\/logo_print.jpg","contentUrl":"https:\/\/montnegrecorredor.org\/wp-content\/uploads\/2024\/02\/logo_print.jpg","width":400,"height":117,"caption":"Associaci\u00f3 de propietaris del Montnegre i el Corredor"},"image":{"@id":"https:\/\/montnegrecorredor.org\/#\/schema\/logo\/image\/"},"sameAs":["https:\/\/www.instagram.com\/apfmontnegrecorredor"]}]}},"_links":{"self":[{"href":"https:\/\/montnegrecorredor.org\/es\/wp-json\/wp\/v2\/pages\/7041","targetHints":{"allow":["GET"]}}],"collection":[{"href":"https:\/\/montnegrecorredor.org\/es\/wp-json\/wp\/v2\/pages"}],"about":[{"href":"https:\/\/montnegrecorredor.org\/es\/wp-json\/wp\/v2\/types\/page"}],"author":[{"embeddable":true,"href":"https:\/\/montnegrecorredor.org\/es\/wp-json\/wp\/v2\/users\/1"}],"replies":[{"embeddable":true,"href":"https:\/\/montnegrecorredor.org\/es\/wp-json\/wp\/v2\/comments?post=7041"}],"version-history":[{"count":12,"href":"https:\/\/montnegrecorredor.org\/es\/wp-json\/wp\/v2\/pages\/7041\/revisions"}],"predecessor-version":[{"id":15238,"href":"https:\/\/montnegrecorredor.org\/es\/wp-json\/wp\/v2\/pages\/7041\/revisions\/15238"}],"up":[{"embeddable":true,"href":"https:\/\/montnegrecorredor.org\/es\/wp-json\/wp\/v2\/pages\/7037"}],"wp:attachment":[{"href":"https:\/\/montnegrecorredor.org\/es\/wp-json\/wp\/v2\/media?parent=7041"}],"curies":[{"name":"wp","href":"https:\/\/api.w.org\/{rel}","templated":true}]}}