{"id":7036,"date":"2024-02-27T13:44:20","date_gmt":"2024-02-27T13:44:20","guid":{"rendered":"https:\/\/montnegrecorredor.org\/el-montnegre-corredor\/reptes\/"},"modified":"2024-08-13T13:59:18","modified_gmt":"2024-08-13T13:59:18","slug":"retos","status":"publish","type":"page","link":"https:\/\/montnegrecorredor.org\/es\/el-montnegre-corredor\/retos\/","title":{"rendered":"Retos"},"content":{"rendered":"<div class=\"wpb-content-wrapper\"><p>[vc_row full_width=\u00bbstretch_row\u00bb css=\u00bb.vc_custom_1707919545698{padding-top: 80px !important;padding-bottom: 80px !important;}\u00bb][vc_column][vc_row_inner css=\u00bb.vc_custom_1708006453027{margin-bottom: 20px !important;}\u00bb][vc_column_inner width=\u00bb1\/2&#8243;][vc_single_image image=\u00bb6716&#8243; img_size=\u00bbfull\u00bb][\/vc_column_inner][vc_column_inner width=\u00bb1\/2&#8243;][vc_column_text]El Montnegre-Corredor es un macizo con una <strong>continuidad forestal arbolada<\/strong> importante y <strong>pocos espacios abiertos<\/strong>, lo que supone un riesgo para los incendios forestales. Adem\u00e1s, aunque se desarrolla gesti\u00f3n forestal en muchas zonas todav\u00eda existe una <strong>parte importante no gestionada<\/strong>.<\/p>\n<p>En muchos casos, esta gesti\u00f3n consiste en <strong>actuaciones de mejora<\/strong> donde es necesario desarrollar una inversi\u00f3n importante para la realizaci\u00f3n de estadas y el producto es escaso, por lo que se trata de actuaciones <strong>deficitarias<\/strong> dif\u00edciles de realizar si no se dispone de una subvenci\u00f3n.<\/p>\n<p>Por otro lado, <strong>la extensi\u00f3n de las propiedades es peque\u00f1a<\/strong>, especialmente en la banda costera, de modo que para poder ejecutar actuaciones es necesaria la agrupaci\u00f3n de diferentes propiedades para que sea viable a nivel econ\u00f3mico y log\u00edstico.<\/p>\n<p>Otro de los retos del macizo es el hecho de que la mayor parte de sus <strong>bosques<\/strong> se consideren <strong>periurbanos<\/strong>. En ellos se desarrolla la actividad primaria (ej. forestal o ganadera) pero al mismo tiempo existen zonas residenciales y sirve como espacio de ocio de los habitantes de las ciudades cercanas. Este hecho supone un reto para la <strong>compatibilizaci\u00f3n de usos<\/strong> , la log\u00edstica de la gesti\u00f3n forestal y un choque entre percepciones de las actividades que se desarrollan.[\/vc_column_text][\/vc_column_inner][\/vc_row_inner][vc_column_text]Con todo, la gesti\u00f3n forestal se ve limitada encontr\u00e1ndonos en algunos casos en <strong>bosques excesivamente densos, con una alta cantidad de combustible y simples en cuanto a estructura y composici\u00f3n<\/strong>, lo que implica una <strong>mayor vulnerabilidad a perturbaciones<\/strong> como incendios, sequ\u00edas y plagas cada vez m\u00e1s frecuentes en nuestro macizo.<\/p>\n<p>De ah\u00ed que el desarrollo de una <strong>gesti\u00f3n forestal que permita una mejor resistencia y resiliencia de estos bosques<\/strong> es uno de los objetivos de la gesti\u00f3n que pretende divulgar y llevar a cabo la Asociaci\u00f3n de propietarios y la Agrupaci\u00f3n Forestal del Montnegre y el Corredor.[\/vc_column_text][\/vc_column][\/vc_row][vc_row][vc_column]<div class=\"templatera_shortcode\"><style type=\"text\/css\" data-type=\"vc_shortcodes-custom-css\">.vc_custom_1713966570355{padding-top: 60px !important;padding-bottom: 60px !important;}<\/style><div data-vc-full-width=\"true\" data-vc-full-width-init=\"false\" class=\"vc_row wpb_row vc_row-fluid vc_custom_1713966570355 vc_column-gap-25 vc_row-o-content-middle vc_row-flex\"><div class=\"wpb_column vc_column_container vc_col-sm-3\"><div class=\"vc_column-inner\"><div class=\"wpb_wrapper\"><style type=\"text\/css\" data-type=\"the7_shortcodes-inline-css\">#default-btn-21eaddaeeb12c112bd74345bd2347644.ico-right-side > i {\n  margin-right: 0px;\n  margin-left: 8px;\n}\n#default-btn-21eaddaeeb12c112bd74345bd2347644 > i {\n  margin-right: 8px;\n}\n<\/style><div class=\"btn-align-center\"><a href=\"\/es\/asociacion\/\" class=\"default-btn-shortcode dt-btn dt-btn-m link-hover-off full-width-btn \" id=\"default-btn-21eaddaeeb12c112bd74345bd2347644\"><span>Inscr\u00edbete a la Asociaci\u00f3n<\/span><\/a><\/div><\/div><\/div><\/div><div class=\"wpb_column vc_column_container vc_col-sm-3\"><div class=\"vc_column-inner\"><div class=\"wpb_wrapper\"><style type=\"text\/css\" data-type=\"the7_shortcodes-inline-css\">#default-btn-97c48b43b11f1db54bc1d0cedddb30d9.ico-right-side > i {\n  margin-right: 0px;\n  margin-left: 8px;\n}\n#default-btn-97c48b43b11f1db54bc1d0cedddb30d9 > i {\n  margin-right: 8px;\n}\n<\/style><div class=\"btn-align-center\"><a href=\"\/es\/revista-aulet\/suscribirse-al-aulet\" class=\"default-btn-shortcode dt-btn dt-btn-m link-hover-off full-width-btn \" id=\"default-btn-97c48b43b11f1db54bc1d0cedddb30d9\"><span>Suscr\u00edbete al Aulet<\/span><\/a><\/div><\/div><\/div><\/div><div class=\"wpb_column vc_column_container vc_col-sm-3\"><div class=\"vc_column-inner\"><div class=\"wpb_wrapper\"><style type=\"text\/css\" data-type=\"the7_shortcodes-inline-css\">#default-btn-37d40504ceb1eb1da21a0123b91bc3bd.ico-right-side > i {\n  margin-right: 0px;\n  margin-left: 8px;\n}\n#default-btn-37d40504ceb1eb1da21a0123b91bc3bd > i {\n  margin-right: 8px;\n}\n<\/style><div class=\"btn-align-center\"><a href=\"\/es\/gestion-forestal\/prevencion-incendios\/\" class=\"default-btn-shortcode dt-btn dt-btn-m link-hover-off full-width-btn \" id=\"default-btn-37d40504ceb1eb1da21a0123b91bc3bd\"><span>Inscr\u00edbete en el programa anual<\/span><\/a><\/div><\/div><\/div><\/div><div class=\"wpb_column vc_column_container vc_col-sm-3\"><div class=\"vc_column-inner\"><div class=\"wpb_wrapper\"><style type=\"text\/css\" data-type=\"the7_shortcodes-inline-css\">#default-btn-6aa99abe8e0f8c92f1b749fb660c2a3a.ico-right-side > i {\n  margin-right: 0px;\n  margin-left: 8px;\n}\n#default-btn-6aa99abe8e0f8c92f1b749fb660c2a3a > i {\n  margin-right: 8px;\n}\n<\/style><div class=\"btn-align-center\"><a href=\"\/es\/contacto\/\" class=\"default-btn-shortcode dt-btn dt-btn-m link-hover-off full-width-btn \" id=\"default-btn-6aa99abe8e0f8c92f1b749fb660c2a3a\"><span>Contacta con nosotros<\/span><\/a><\/div><\/div><\/div><\/div><\/div><div class=\"vc_row-full-width vc_clearfix\"><\/div>\r\n<\/div>[\/vc_column][\/vc_row]<\/p>\n<\/div>","protected":false},"excerpt":{"rendered":"<p>El Montnegre-Corredor es un macizo con una continuidad forestal arbolada importante y pocos espacios abiertos, lo que supone un riesgo para los incendios forestales. Adem\u00e1s, aunque se desarrolla gesti\u00f3n forestal en muchas zonas todav\u00eda existe una parte importante no gestionada. En muchos casos, esta gesti\u00f3n consiste en actuaciones de mejora donde es necesario desarrollar una&hellip;<\/p>\n","protected":false},"author":1,"featured_media":0,"parent":7034,"menu_order":100,"comment_status":"closed","ping_status":"closed","template":"","meta":{"footnotes":""},"class_list":["post-7036","page","type-page","status-publish","hentry","description-off"],"yoast_head":"<!-- This site is optimized with the Yoast SEO plugin v24.6 - https:\/\/yoast.com\/wordpress\/plugins\/seo\/ -->\n<title>Retos - Associaci\u00f3 de propietaris del Montnegre i el Corredor<\/title>\n<meta name=\"robots\" content=\"index, follow, max-snippet:-1, max-image-preview:large, max-video-preview:-1\" \/>\n<link rel=\"canonical\" href=\"https:\/\/montnegrecorredor.org\/es\/el-montnegre-corredor\/retos\/\" \/>\n<meta property=\"og:locale\" content=\"es_ES\" \/>\n<meta property=\"og:type\" content=\"article\" \/>\n<meta property=\"og:title\" content=\"Retos - Associaci\u00f3 de propietaris del Montnegre i el Corredor\" \/>\n<meta property=\"og:url\" content=\"https:\/\/montnegrecorredor.org\/es\/el-montnegre-corredor\/retos\/\" \/>\n<meta property=\"og:site_name\" content=\"Associaci\u00f3 de propietaris del Montnegre i el Corredor\" \/>\n<meta property=\"article:modified_time\" content=\"2024-08-13T13:59:18+00:00\" \/>\n<meta name=\"twitter:card\" content=\"summary_large_image\" \/>\n<meta name=\"twitter:label1\" content=\"Tiempo de lectura\" \/>\n\t<meta name=\"twitter:data1\" content=\"2 minutos\" \/>\n<script type=\"application\/ld+json\" class=\"yoast-schema-graph\">{\"@context\":\"https:\/\/schema.org\",\"@graph\":[{\"@type\":\"WebPage\",\"@id\":\"https:\/\/montnegrecorredor.org\/es\/el-montnegre-corredor\/retos\/\",\"url\":\"https:\/\/montnegrecorredor.org\/es\/el-montnegre-corredor\/retos\/\",\"name\":\"Retos - Associaci\u00f3 de propietaris del Montnegre i el Corredor\",\"isPartOf\":{\"@id\":\"https:\/\/montnegrecorredor.org\/#website\"},\"datePublished\":\"2024-02-27T13:44:20+00:00\",\"dateModified\":\"2024-08-13T13:59:18+00:00\",\"breadcrumb\":{\"@id\":\"https:\/\/montnegrecorredor.org\/es\/el-montnegre-corredor\/retos\/#breadcrumb\"},\"inLanguage\":\"es\",\"potentialAction\":[{\"@type\":\"ReadAction\",\"target\":[\"https:\/\/montnegrecorredor.org\/es\/el-montnegre-corredor\/retos\/\"]}]},{\"@type\":\"BreadcrumbList\",\"@id\":\"https:\/\/montnegrecorredor.org\/es\/el-montnegre-corredor\/retos\/#breadcrumb\",\"itemListElement\":[{\"@type\":\"ListItem\",\"position\":1,\"name\":\"Inici\",\"item\":\"https:\/\/montnegrecorredor.org\/es\/\"},{\"@type\":\"ListItem\",\"position\":2,\"name\":\"El Montnegre-Corredor\",\"item\":\"https:\/\/montnegrecorredor.org\/es\/el-montnegre-corredor\/\"},{\"@type\":\"ListItem\",\"position\":3,\"name\":\"Retos\"}]},{\"@type\":\"WebSite\",\"@id\":\"https:\/\/montnegrecorredor.org\/#website\",\"url\":\"https:\/\/montnegrecorredor.org\/\",\"name\":\"Associaci\u00f3 de propietaris del Montnegre i el Corredor\",\"description\":\"\",\"publisher\":{\"@id\":\"https:\/\/montnegrecorredor.org\/#organization\"},\"potentialAction\":[{\"@type\":\"SearchAction\",\"target\":{\"@type\":\"EntryPoint\",\"urlTemplate\":\"https:\/\/montnegrecorredor.org\/?s={search_term_string}\"},\"query-input\":{\"@type\":\"PropertyValueSpecification\",\"valueRequired\":true,\"valueName\":\"search_term_string\"}}],\"inLanguage\":\"es\"},{\"@type\":\"Organization\",\"@id\":\"https:\/\/montnegrecorredor.org\/#organization\",\"name\":\"Associaci\u00f3 de propietaris del Montnegre i el Corredor\",\"url\":\"https:\/\/montnegrecorredor.org\/\",\"logo\":{\"@type\":\"ImageObject\",\"inLanguage\":\"es\",\"@id\":\"https:\/\/montnegrecorredor.org\/#\/schema\/logo\/image\/\",\"url\":\"https:\/\/montnegrecorredor.org\/wp-content\/uploads\/2024\/02\/logo_print.jpg\",\"contentUrl\":\"https:\/\/montnegrecorredor.org\/wp-content\/uploads\/2024\/02\/logo_print.jpg\",\"width\":400,\"height\":117,\"caption\":\"Associaci\u00f3 de propietaris del Montnegre i el Corredor\"},\"image\":{\"@id\":\"https:\/\/montnegrecorredor.org\/#\/schema\/logo\/image\/\"},\"sameAs\":[\"https:\/\/www.instagram.com\/apfmontnegrecorredor\"]}]}<\/script>\n<!-- \/ Yoast SEO plugin. -->","yoast_head_json":{"title":"Retos - Associaci\u00f3 de propietaris del Montnegre i el Corredor","robots":{"index":"index","follow":"follow","max-snippet":"max-snippet:-1","max-image-preview":"max-image-preview:large","max-video-preview":"max-video-preview:-1"},"canonical":"https:\/\/montnegrecorredor.org\/es\/el-montnegre-corredor\/retos\/","og_locale":"es_ES","og_type":"article","og_title":"Retos - Associaci\u00f3 de propietaris del Montnegre i el Corredor","og_url":"https:\/\/montnegrecorredor.org\/es\/el-montnegre-corredor\/retos\/","og_site_name":"Associaci\u00f3 de propietaris del Montnegre i el Corredor","article_modified_time":"2024-08-13T13:59:18+00:00","twitter_card":"summary_large_image","twitter_misc":{"Tiempo de lectura":"2 minutos"},"schema":{"@context":"https:\/\/schema.org","@graph":[{"@type":"WebPage","@id":"https:\/\/montnegrecorredor.org\/es\/el-montnegre-corredor\/retos\/","url":"https:\/\/montnegrecorredor.org\/es\/el-montnegre-corredor\/retos\/","name":"Retos - Associaci\u00f3 de propietaris del Montnegre i el Corredor","isPartOf":{"@id":"https:\/\/montnegrecorredor.org\/#website"},"datePublished":"2024-02-27T13:44:20+00:00","dateModified":"2024-08-13T13:59:18+00:00","breadcrumb":{"@id":"https:\/\/montnegrecorredor.org\/es\/el-montnegre-corredor\/retos\/#breadcrumb"},"inLanguage":"es","potentialAction":[{"@type":"ReadAction","target":["https:\/\/montnegrecorredor.org\/es\/el-montnegre-corredor\/retos\/"]}]},{"@type":"BreadcrumbList","@id":"https:\/\/montnegrecorredor.org\/es\/el-montnegre-corredor\/retos\/#breadcrumb","itemListElement":[{"@type":"ListItem","position":1,"name":"Inici","item":"https:\/\/montnegrecorredor.org\/es\/"},{"@type":"ListItem","position":2,"name":"El Montnegre-Corredor","item":"https:\/\/montnegrecorredor.org\/es\/el-montnegre-corredor\/"},{"@type":"ListItem","position":3,"name":"Retos"}]},{"@type":"WebSite","@id":"https:\/\/montnegrecorredor.org\/#website","url":"https:\/\/montnegrecorredor.org\/","name":"Associaci\u00f3 de propietaris del Montnegre i el Corredor","description":"","publisher":{"@id":"https:\/\/montnegrecorredor.org\/#organization"},"potentialAction":[{"@type":"SearchAction","target":{"@type":"EntryPoint","urlTemplate":"https:\/\/montnegrecorredor.org\/?s={search_term_string}"},"query-input":{"@type":"PropertyValueSpecification","valueRequired":true,"valueName":"search_term_string"}}],"inLanguage":"es"},{"@type":"Organization","@id":"https:\/\/montnegrecorredor.org\/#organization","name":"Associaci\u00f3 de propietaris del Montnegre i el Corredor","url":"https:\/\/montnegrecorredor.org\/","logo":{"@type":"ImageObject","inLanguage":"es","@id":"https:\/\/montnegrecorredor.org\/#\/schema\/logo\/image\/","url":"https:\/\/montnegrecorredor.org\/wp-content\/uploads\/2024\/02\/logo_print.jpg","contentUrl":"https:\/\/montnegrecorredor.org\/wp-content\/uploads\/2024\/02\/logo_print.jpg","width":400,"height":117,"caption":"Associaci\u00f3 de propietaris del Montnegre i el Corredor"},"image":{"@id":"https:\/\/montnegrecorredor.org\/#\/schema\/logo\/image\/"},"sameAs":["https:\/\/www.instagram.com\/apfmontnegrecorredor"]}]}},"_links":{"self":[{"href":"https:\/\/montnegrecorredor.org\/es\/wp-json\/wp\/v2\/pages\/7036","targetHints":{"allow":["GET"]}}],"collection":[{"href":"https:\/\/montnegrecorredor.org\/es\/wp-json\/wp\/v2\/pages"}],"about":[{"href":"https:\/\/montnegrecorredor.org\/es\/wp-json\/wp\/v2\/types\/page"}],"author":[{"embeddable":true,"href":"https:\/\/montnegrecorredor.org\/es\/wp-json\/wp\/v2\/users\/1"}],"replies":[{"embeddable":true,"href":"https:\/\/montnegrecorredor.org\/es\/wp-json\/wp\/v2\/comments?post=7036"}],"version-history":[{"count":4,"href":"https:\/\/montnegrecorredor.org\/es\/wp-json\/wp\/v2\/pages\/7036\/revisions"}],"predecessor-version":[{"id":9568,"href":"https:\/\/montnegrecorredor.org\/es\/wp-json\/wp\/v2\/pages\/7036\/revisions\/9568"}],"up":[{"embeddable":true,"href":"https:\/\/montnegrecorredor.org\/es\/wp-json\/wp\/v2\/pages\/7034"}],"wp:attachment":[{"href":"https:\/\/montnegrecorredor.org\/es\/wp-json\/wp\/v2\/media?parent=7036"}],"curies":[{"name":"wp","href":"https:\/\/api.w.org\/{rel}","templated":true}]}}