{"id":7035,"date":"2024-02-27T13:44:03","date_gmt":"2024-02-27T13:44:03","guid":{"rendered":"https:\/\/montnegrecorredor.org\/el-montnegre-corredor\/caracteristiques\/"},"modified":"2024-08-13T14:00:28","modified_gmt":"2024-08-13T14:00:28","slug":"caracteristicas","status":"publish","type":"page","link":"https:\/\/montnegrecorredor.org\/es\/el-montnegre-corredor\/caracteristicas\/","title":{"rendered":"Caracter\u00edsticas"},"content":{"rendered":"<div class=\"wpb-content-wrapper\"><p>[vc_row full_width=\u00bbstretch_row\u00bb bg_type=\u00bbbg_color\u00bb css=\u00bb.vc_custom_1707919134396{padding-top: 80px !important;padding-bottom: 80px !important;}\u00bb bg_color_value=\u00bb#eff4d0&#8243;][vc_column][vc_row_inner][vc_column_inner width=\u00bb1\/2&#8243;][vc_column_text css=\u00bb.vc_custom_1723448170737{margin-bottom: 20px !important;}\u00bb]El Macizo del Montnegre-Corredor forma parte de <strong>Cordillera litoral catalana<\/strong> , en las comarcas del Maresme, Vall\u00e8s Oriental y la Selva. El Montnegre comprende la parte de esta cordillera que va desde la desembocadura de la Tordera hasta la riera de Vallgorguina. El Corredor la que se extiende de esta riera hasta la de Argentona.<\/p>\n<p>Gran parte del Macizo (46% de su superficie forestal) se encuentra definida como Parque por la Diputaci\u00f3n de Barcelona y forma parte de la Red Natura 2000 bajo la denominaci\u00f3n de Sierras del Litoral Septentrional.<\/p>\n<p>El Montnegre sobrepasa ligeramente los 750 metros de altitud, siendo una monta\u00f1a abrupta con pendientes superiores al 60% en las zonas m\u00e1s altas, mientras que el Corredor alcanza casi los 640 metros y tiene un relieve m\u00e1s suave y accesible. El <strong>sustrato es silicio y presenta un clima mediterr\u00e1neo suave<\/strong>.<\/p>\n<p>Ambas monta\u00f1as comparten una vegetaci\u00f3n en la que <strong>la encina, el alcornoque y el pino pi\u00f1onero<\/strong> son dominantes, m\u00e1s abundantes las dos primeras en las laderas interiores y las \u00faltimas en los mar\u00edtimos y formando mayoritariamente bosques mixtos. Hileras de alisos, pl\u00e1tanos y chopos dibujan las rieras cuando se miran a vista de p\u00e1jaro, y zonas de casta\u00f1os y de robles verdean en las zonas altas del Montnegre. Tambi\u00e9n est\u00e1n presentes otras especies de frondosas espor\u00e1dicas de calidad que encontramos de vez en cuando como el cerezo, el server y la gata de pastor. Se trata de un macizo con una importante superficie arbolada (28.300 ha) existiendo tan s\u00f3lo un 12% de espacios abiertos (cultivos y pastos) los cuales se concentran en las proximidades de los torrentes.<\/p>\n<p>El Macizo se encuentra rodeado de espacios urbanizados con <strong>alta densidad de poblaci\u00f3n<\/strong> (m\u00e1s de 300.000 habitantes concentrados especialmente en las zonas costeras), por zonas industriales y ejes viarios importantes. De este modo, la mayor parte de los <strong>bosques del macizo se consideran periurbanos<\/strong>. Sin embargo en el interior del Macizo la poblaci\u00f3n se distribuye en casas aisladas o peque\u00f1os grupos de casas.<\/p>\n<p>Con todo en el Montnegre-Corredor encontramos dos vertientes muy diferenciadas:[\/vc_column_text][vc_empty_space height=\u00bb20px\u00bb]<div class=\"standard-arrow list-divider bullet-top\"><ul>\n<li>La <strong>vertiente de interior<\/strong> con dominancia de encina y alcornoque, propiedades m\u00e1s grandes (media 25-50 ha) y tradici\u00f3n vinculada a la gesti\u00f3n forestal.<\/li>\n<li>La <strong>vertiente costera<\/strong> con dominancia de pino pi\u00f1onero plantado en zonas de antiguas bancales, propiedades m\u00e1s peque\u00f1as (media 1-5 ha), de tradici\u00f3n agr\u00edcola y actualmente m\u00e1s urbanizada.<\/li>\n<\/ul>\n<\/div>[\/vc_column_inner][vc_column_inner width=\u00bb1\/2&#8243;][vc_single_image image=\u00bb6896&#8243; img_size=\u00bbfull\u00bb][vc_empty_space height=\u00bb20px\u00bb][vc_single_image image=\u00bb6898&#8243; img_size=\u00bbfull\u00bb][\/vc_column_inner][\/vc_row_inner][\/vc_column][\/vc_row][vc_row][vc_column]<div class=\"templatera_shortcode\"><style type=\"text\/css\" data-type=\"vc_shortcodes-custom-css\">.vc_custom_1713966570355{padding-top: 60px !important;padding-bottom: 60px !important;}<\/style><div data-vc-full-width=\"true\" data-vc-full-width-init=\"false\" class=\"vc_row wpb_row vc_row-fluid vc_custom_1713966570355 vc_column-gap-25 vc_row-o-content-middle vc_row-flex\"><div class=\"wpb_column vc_column_container vc_col-sm-3\"><div class=\"vc_column-inner\"><div class=\"wpb_wrapper\"><style type=\"text\/css\" data-type=\"the7_shortcodes-inline-css\">#default-btn-21eaddaeeb12c112bd74345bd2347644.ico-right-side > i {\n  margin-right: 0px;\n  margin-left: 8px;\n}\n#default-btn-21eaddaeeb12c112bd74345bd2347644 > i {\n  margin-right: 8px;\n}\n<\/style><div class=\"btn-align-center\"><a href=\"\/es\/asociacion\/\" class=\"default-btn-shortcode dt-btn dt-btn-m link-hover-off full-width-btn \" id=\"default-btn-21eaddaeeb12c112bd74345bd2347644\"><span>Inscr\u00edbete a la Asociaci\u00f3n<\/span><\/a><\/div><\/div><\/div><\/div><div class=\"wpb_column vc_column_container vc_col-sm-3\"><div class=\"vc_column-inner\"><div class=\"wpb_wrapper\"><style type=\"text\/css\" data-type=\"the7_shortcodes-inline-css\">#default-btn-97c48b43b11f1db54bc1d0cedddb30d9.ico-right-side > i {\n  margin-right: 0px;\n  margin-left: 8px;\n}\n#default-btn-97c48b43b11f1db54bc1d0cedddb30d9 > i {\n  margin-right: 8px;\n}\n<\/style><div class=\"btn-align-center\"><a href=\"\/es\/revista-aulet\/suscribirse-al-aulet\" class=\"default-btn-shortcode dt-btn dt-btn-m link-hover-off full-width-btn \" id=\"default-btn-97c48b43b11f1db54bc1d0cedddb30d9\"><span>Suscr\u00edbete al Aulet<\/span><\/a><\/div><\/div><\/div><\/div><div class=\"wpb_column vc_column_container vc_col-sm-3\"><div class=\"vc_column-inner\"><div class=\"wpb_wrapper\"><style type=\"text\/css\" data-type=\"the7_shortcodes-inline-css\">#default-btn-37d40504ceb1eb1da21a0123b91bc3bd.ico-right-side > i {\n  margin-right: 0px;\n  margin-left: 8px;\n}\n#default-btn-37d40504ceb1eb1da21a0123b91bc3bd > i {\n  margin-right: 8px;\n}\n<\/style><div class=\"btn-align-center\"><a href=\"\/es\/gestion-forestal\/prevencion-incendios\/\" class=\"default-btn-shortcode dt-btn dt-btn-m link-hover-off full-width-btn \" id=\"default-btn-37d40504ceb1eb1da21a0123b91bc3bd\"><span>Inscr\u00edbete en el programa anual<\/span><\/a><\/div><\/div><\/div><\/div><div class=\"wpb_column vc_column_container vc_col-sm-3\"><div class=\"vc_column-inner\"><div class=\"wpb_wrapper\"><style type=\"text\/css\" data-type=\"the7_shortcodes-inline-css\">#default-btn-6aa99abe8e0f8c92f1b749fb660c2a3a.ico-right-side > i {\n  margin-right: 0px;\n  margin-left: 8px;\n}\n#default-btn-6aa99abe8e0f8c92f1b749fb660c2a3a > i {\n  margin-right: 8px;\n}\n<\/style><div class=\"btn-align-center\"><a href=\"\/es\/contacto\/\" class=\"default-btn-shortcode dt-btn dt-btn-m link-hover-off full-width-btn \" id=\"default-btn-6aa99abe8e0f8c92f1b749fb660c2a3a\"><span>Contacta con nosotros<\/span><\/a><\/div><\/div><\/div><\/div><\/div><div class=\"vc_row-full-width vc_clearfix\"><\/div>\r\n<\/div>[\/vc_column][\/vc_row]<\/p>\n<\/div>","protected":false},"excerpt":{"rendered":"<p>El Macizo del Montnegre-Corredor forma parte de Cordillera litoral catalana , en las comarcas del Maresme, Vall\u00e8s Oriental y la Selva. El Montnegre comprende la parte de esta cordillera que va desde la desembocadura de la Tordera hasta la riera de Vallgorguina. El Corredor la que se extiende de esta riera hasta la de Argentona.&hellip;<\/p>\n","protected":false},"author":1,"featured_media":0,"parent":7034,"menu_order":100,"comment_status":"closed","ping_status":"closed","template":"","meta":{"footnotes":""},"class_list":["post-7035","page","type-page","status-publish","hentry","description-off"],"yoast_head":"<!-- This site is optimized with the Yoast SEO plugin v24.6 - https:\/\/yoast.com\/wordpress\/plugins\/seo\/ -->\n<title>Caracter\u00edsticas - Associaci\u00f3 de propietaris del Montnegre i el Corredor<\/title>\n<meta name=\"robots\" content=\"index, follow, max-snippet:-1, max-image-preview:large, max-video-preview:-1\" \/>\n<link rel=\"canonical\" href=\"https:\/\/montnegrecorredor.org\/es\/el-montnegre-corredor\/caracteristicas\/\" \/>\n<meta property=\"og:locale\" content=\"es_ES\" \/>\n<meta property=\"og:type\" content=\"article\" \/>\n<meta property=\"og:title\" content=\"Caracter\u00edsticas - Associaci\u00f3 de propietaris del Montnegre i el Corredor\" \/>\n<meta property=\"og:url\" content=\"https:\/\/montnegrecorredor.org\/es\/el-montnegre-corredor\/caracteristicas\/\" \/>\n<meta property=\"og:site_name\" content=\"Associaci\u00f3 de propietaris del Montnegre i el Corredor\" \/>\n<meta property=\"article:modified_time\" content=\"2024-08-13T14:00:28+00:00\" \/>\n<meta name=\"twitter:card\" content=\"summary_large_image\" \/>\n<meta name=\"twitter:label1\" content=\"Tiempo de lectura\" \/>\n\t<meta name=\"twitter:data1\" content=\"3 minutos\" \/>\n<script type=\"application\/ld+json\" class=\"yoast-schema-graph\">{\"@context\":\"https:\/\/schema.org\",\"@graph\":[{\"@type\":\"WebPage\",\"@id\":\"https:\/\/montnegrecorredor.org\/es\/el-montnegre-corredor\/caracteristicas\/\",\"url\":\"https:\/\/montnegrecorredor.org\/es\/el-montnegre-corredor\/caracteristicas\/\",\"name\":\"Caracter\u00edsticas - Associaci\u00f3 de propietaris del Montnegre i el Corredor\",\"isPartOf\":{\"@id\":\"https:\/\/montnegrecorredor.org\/#website\"},\"datePublished\":\"2024-02-27T13:44:03+00:00\",\"dateModified\":\"2024-08-13T14:00:28+00:00\",\"breadcrumb\":{\"@id\":\"https:\/\/montnegrecorredor.org\/es\/el-montnegre-corredor\/caracteristicas\/#breadcrumb\"},\"inLanguage\":\"es\",\"potentialAction\":[{\"@type\":\"ReadAction\",\"target\":[\"https:\/\/montnegrecorredor.org\/es\/el-montnegre-corredor\/caracteristicas\/\"]}]},{\"@type\":\"BreadcrumbList\",\"@id\":\"https:\/\/montnegrecorredor.org\/es\/el-montnegre-corredor\/caracteristicas\/#breadcrumb\",\"itemListElement\":[{\"@type\":\"ListItem\",\"position\":1,\"name\":\"Inici\",\"item\":\"https:\/\/montnegrecorredor.org\/es\/\"},{\"@type\":\"ListItem\",\"position\":2,\"name\":\"El Montnegre-Corredor\",\"item\":\"https:\/\/montnegrecorredor.org\/es\/el-montnegre-corredor\/\"},{\"@type\":\"ListItem\",\"position\":3,\"name\":\"Caracter\u00edsticas\"}]},{\"@type\":\"WebSite\",\"@id\":\"https:\/\/montnegrecorredor.org\/#website\",\"url\":\"https:\/\/montnegrecorredor.org\/\",\"name\":\"Associaci\u00f3 de propietaris del Montnegre i el Corredor\",\"description\":\"\",\"publisher\":{\"@id\":\"https:\/\/montnegrecorredor.org\/#organization\"},\"potentialAction\":[{\"@type\":\"SearchAction\",\"target\":{\"@type\":\"EntryPoint\",\"urlTemplate\":\"https:\/\/montnegrecorredor.org\/?s={search_term_string}\"},\"query-input\":{\"@type\":\"PropertyValueSpecification\",\"valueRequired\":true,\"valueName\":\"search_term_string\"}}],\"inLanguage\":\"es\"},{\"@type\":\"Organization\",\"@id\":\"https:\/\/montnegrecorredor.org\/#organization\",\"name\":\"Associaci\u00f3 de propietaris del Montnegre i el Corredor\",\"url\":\"https:\/\/montnegrecorredor.org\/\",\"logo\":{\"@type\":\"ImageObject\",\"inLanguage\":\"es\",\"@id\":\"https:\/\/montnegrecorredor.org\/#\/schema\/logo\/image\/\",\"url\":\"https:\/\/montnegrecorredor.org\/wp-content\/uploads\/2024\/02\/logo_print.jpg\",\"contentUrl\":\"https:\/\/montnegrecorredor.org\/wp-content\/uploads\/2024\/02\/logo_print.jpg\",\"width\":400,\"height\":117,\"caption\":\"Associaci\u00f3 de propietaris del Montnegre i el Corredor\"},\"image\":{\"@id\":\"https:\/\/montnegrecorredor.org\/#\/schema\/logo\/image\/\"},\"sameAs\":[\"https:\/\/www.instagram.com\/apfmontnegrecorredor\"]}]}<\/script>\n<!-- \/ Yoast SEO plugin. -->","yoast_head_json":{"title":"Caracter\u00edsticas - Associaci\u00f3 de propietaris del Montnegre i el Corredor","robots":{"index":"index","follow":"follow","max-snippet":"max-snippet:-1","max-image-preview":"max-image-preview:large","max-video-preview":"max-video-preview:-1"},"canonical":"https:\/\/montnegrecorredor.org\/es\/el-montnegre-corredor\/caracteristicas\/","og_locale":"es_ES","og_type":"article","og_title":"Caracter\u00edsticas - Associaci\u00f3 de propietaris del Montnegre i el Corredor","og_url":"https:\/\/montnegrecorredor.org\/es\/el-montnegre-corredor\/caracteristicas\/","og_site_name":"Associaci\u00f3 de propietaris del Montnegre i el Corredor","article_modified_time":"2024-08-13T14:00:28+00:00","twitter_card":"summary_large_image","twitter_misc":{"Tiempo de lectura":"3 minutos"},"schema":{"@context":"https:\/\/schema.org","@graph":[{"@type":"WebPage","@id":"https:\/\/montnegrecorredor.org\/es\/el-montnegre-corredor\/caracteristicas\/","url":"https:\/\/montnegrecorredor.org\/es\/el-montnegre-corredor\/caracteristicas\/","name":"Caracter\u00edsticas - Associaci\u00f3 de propietaris del Montnegre i el Corredor","isPartOf":{"@id":"https:\/\/montnegrecorredor.org\/#website"},"datePublished":"2024-02-27T13:44:03+00:00","dateModified":"2024-08-13T14:00:28+00:00","breadcrumb":{"@id":"https:\/\/montnegrecorredor.org\/es\/el-montnegre-corredor\/caracteristicas\/#breadcrumb"},"inLanguage":"es","potentialAction":[{"@type":"ReadAction","target":["https:\/\/montnegrecorredor.org\/es\/el-montnegre-corredor\/caracteristicas\/"]}]},{"@type":"BreadcrumbList","@id":"https:\/\/montnegrecorredor.org\/es\/el-montnegre-corredor\/caracteristicas\/#breadcrumb","itemListElement":[{"@type":"ListItem","position":1,"name":"Inici","item":"https:\/\/montnegrecorredor.org\/es\/"},{"@type":"ListItem","position":2,"name":"El Montnegre-Corredor","item":"https:\/\/montnegrecorredor.org\/es\/el-montnegre-corredor\/"},{"@type":"ListItem","position":3,"name":"Caracter\u00edsticas"}]},{"@type":"WebSite","@id":"https:\/\/montnegrecorredor.org\/#website","url":"https:\/\/montnegrecorredor.org\/","name":"Associaci\u00f3 de propietaris del Montnegre i el Corredor","description":"","publisher":{"@id":"https:\/\/montnegrecorredor.org\/#organization"},"potentialAction":[{"@type":"SearchAction","target":{"@type":"EntryPoint","urlTemplate":"https:\/\/montnegrecorredor.org\/?s={search_term_string}"},"query-input":{"@type":"PropertyValueSpecification","valueRequired":true,"valueName":"search_term_string"}}],"inLanguage":"es"},{"@type":"Organization","@id":"https:\/\/montnegrecorredor.org\/#organization","name":"Associaci\u00f3 de propietaris del Montnegre i el Corredor","url":"https:\/\/montnegrecorredor.org\/","logo":{"@type":"ImageObject","inLanguage":"es","@id":"https:\/\/montnegrecorredor.org\/#\/schema\/logo\/image\/","url":"https:\/\/montnegrecorredor.org\/wp-content\/uploads\/2024\/02\/logo_print.jpg","contentUrl":"https:\/\/montnegrecorredor.org\/wp-content\/uploads\/2024\/02\/logo_print.jpg","width":400,"height":117,"caption":"Associaci\u00f3 de propietaris del Montnegre i el Corredor"},"image":{"@id":"https:\/\/montnegrecorredor.org\/#\/schema\/logo\/image\/"},"sameAs":["https:\/\/www.instagram.com\/apfmontnegrecorredor"]}]}},"_links":{"self":[{"href":"https:\/\/montnegrecorredor.org\/es\/wp-json\/wp\/v2\/pages\/7035","targetHints":{"allow":["GET"]}}],"collection":[{"href":"https:\/\/montnegrecorredor.org\/es\/wp-json\/wp\/v2\/pages"}],"about":[{"href":"https:\/\/montnegrecorredor.org\/es\/wp-json\/wp\/v2\/types\/page"}],"author":[{"embeddable":true,"href":"https:\/\/montnegrecorredor.org\/es\/wp-json\/wp\/v2\/users\/1"}],"replies":[{"embeddable":true,"href":"https:\/\/montnegrecorredor.org\/es\/wp-json\/wp\/v2\/comments?post=7035"}],"version-history":[{"count":3,"href":"https:\/\/montnegrecorredor.org\/es\/wp-json\/wp\/v2\/pages\/7035\/revisions"}],"predecessor-version":[{"id":9570,"href":"https:\/\/montnegrecorredor.org\/es\/wp-json\/wp\/v2\/pages\/7035\/revisions\/9570"}],"up":[{"embeddable":true,"href":"https:\/\/montnegrecorredor.org\/es\/wp-json\/wp\/v2\/pages\/7034"}],"wp:attachment":[{"href":"https:\/\/montnegrecorredor.org\/es\/wp-json\/wp\/v2\/media?parent=7035"}],"curies":[{"name":"wp","href":"https:\/\/api.w.org\/{rel}","templated":true}]}}