{"id":7034,"date":"2024-02-15T11:36:06","date_gmt":"2024-02-15T11:36:06","guid":{"rendered":"https:\/\/montnegrecorredor.org\/el-montnegre-corredor\/"},"modified":"2024-08-14T10:36:09","modified_gmt":"2024-08-14T10:36:09","slug":"el-montnegre-corredor","status":"publish","type":"page","link":"https:\/\/montnegrecorredor.org\/es\/el-montnegre-corredor\/","title":{"rendered":"El Montnegre-Corredor"},"content":{"rendered":"<div class=\"wpb-content-wrapper\"><p>[vc_row full_width=\u00bbstretch_row\u00bb bg_type=\u00bbbg_color\u00bb css=\u00bb.vc_custom_1707919134396{padding-top: 80px !important;padding-bottom: 80px !important;}\u00bb bg_color_value=\u00bb#eff4d0&#8243;][vc_column][vc_column_text]<\/p>\n<h1 style=\"text-align: center;\">El Montnegre-Corredor: caracter\u00edsticas i retos<\/h1>\n<p>[\/vc_column_text][vc_empty_space height=\u00bb60px\u00bb][\/vc_column][\/vc_row][vc_row full_width=\u00bbstretch_row\u00bb css=\u00bb.vc_custom_1707919545698{padding-top: 80px !important;padding-bottom: 80px !important;}\u00bb][vc_column][vc_row_inner][vc_column_inner width=\u00bb1\/6&#8243;][\/vc_column_inner][vc_column_inner width=\u00bb2\/6&#8243;]<div class=\"ult-content-box-container \" >\t\t<div class=\"ult-content-box\" style=\"box-shadow: px px px px none;border-style:solid;border-width:1px;border-radius:20px;border-color:#b2b2b2;padding-top:30px;padding-right:10px;padding-bottom:10px;padding-left:10px;-webkit-transition: all 700ms ease-in;-moz-transition: all 700ms ease-in;-ms-transition: all 700ms ease-in;-o-transition: all 700ms ease-in;transition: all 700ms ease-in;\"  data-hover_box_shadow=\"none\"  data-hover_border_color=\"#81911f\"     data-border_color=\"#b2b2b2\" >[vc_single_image image=\u00bb6903&#8243; img_size=\u00bb100&#215;100&#8243; alignment=\u00bbcenter\u00bb image_hovers=\u00bbfalse\u00bb css=\u00bb.vc_custom_1709304181795{margin-bottom: 15px !important;}\u00bb][vc_column_text]<\/p>\n<h4 style=\"text-align: center;\">CARACTER\u00cdSTICAS<\/h4>\n<p>[\/vc_column_text][vc_empty_space height=\u00bb100px\u00bb]<span id=\"creative-link-wrap-3979\" class=\"ult_main_cl ult-adjust-bottom-margin  \" >\n\t \t\t\t<span class=\"ult_cl_link_1  ult_crlink\" >\n\t\t\t\t\t<a  data-ultimate-target='#creative-link-wrap-3979 .ult_colorlink'  data-responsive-json-new='{\"font-size\":\"desktop:14px;\",\"line-height\":\"desktop:14px;\"}'  href=\"\/es\/el-montnegre-corredor\/caracteristicas\/\"  class=\"ult_colorlink ult-responsive \" style=\"font-family:Source Sans 3;font-weight:600;color:#81911f; \"  data-textcolor=\"#81911f\" data-texthover=\"#333333\"data-style=\"Style_1\">\n\t\t\t\t\t\t\n\t\t\t\t\t\t<span data-hover=\"M\u00e1s informaci\u00f3n\" style=\"color:#81911f;;;\" class=\"ult_btn10_span   \">M\u00e1s informaci\u00f3n<\/span>\n\t\t\t\t\t\t\n\t\t\t\t\t<\/a>\n\t\t\t\t<\/span>\n\t\t\t<\/span>\t\t<\/div><\/div>[\/vc_column_inner][vc_column_inner width=\u00bb2\/6&#8243;]<div class=\"ult-content-box-container \" >\t\t<div class=\"ult-content-box\" style=\"box-shadow: px px px px none;border-style:solid;border-width:1px;border-radius:20px;border-color:#b2b2b2;padding-top:30px;padding-right:10px;padding-bottom:10px;padding-left:10px;-webkit-transition: all 700ms ease-in;-moz-transition: all 700ms ease-in;-ms-transition: all 700ms ease-in;-o-transition: all 700ms ease-in;transition: all 700ms ease-in;\"  data-hover_box_shadow=\"none\"  data-hover_border_color=\"#81911f\"     data-border_color=\"#b2b2b2\" >[vc_single_image image=\u00bb6905&#8243; img_size=\u00bb100&#215;100&#8243; alignment=\u00bbcenter\u00bb image_hovers=\u00bbfalse\u00bb css=\u00bb.vc_custom_1709304196434{margin-bottom: 15px !important;}\u00bb][vc_column_text]<\/p>\n<h4 style=\"text-align: center;\">RETOS<\/h4>\n<p>[\/vc_column_text][vc_empty_space height=\u00bb100px\u00bb]<span id=\"creative-link-wrap-1490\" class=\"ult_main_cl ult-adjust-bottom-margin  \" >\n\t \t\t\t<span class=\"ult_cl_link_1  ult_crlink\" >\n\t\t\t\t\t<a  data-ultimate-target='#creative-link-wrap-1490 .ult_colorlink'  data-responsive-json-new='{\"font-size\":\"desktop:14px;\",\"line-height\":\"desktop:14px;\"}'  href=\"\/es\/el-montnegre-corredor\/retos\/\"  class=\"ult_colorlink ult-responsive \" style=\"font-family:Source Sans 3;font-weight:600;color:#81911f; \"  data-textcolor=\"#81911f\" data-texthover=\"#333333\"data-style=\"Style_1\">\n\t\t\t\t\t\t\n\t\t\t\t\t\t<span data-hover=\"M\u00e1s informaci\u00f3n\" style=\"color:#81911f;;;\" class=\"ult_btn10_span   \">M\u00e1s informaci\u00f3n<\/span>\n\t\t\t\t\t\t\n\t\t\t\t\t<\/a>\n\t\t\t\t<\/span>\n\t\t\t<\/span>\t\t<\/div><\/div>[\/vc_column_inner][vc_column_inner width=\u00bb1\/6&#8243;][\/vc_column_inner][\/vc_row_inner][\/vc_column][\/vc_row][vc_row][vc_column]<div class=\"templatera_shortcode\"><style type=\"text\/css\" data-type=\"vc_shortcodes-custom-css\">.vc_custom_1713966570355{padding-top: 60px !important;padding-bottom: 60px !important;}<\/style><div data-vc-full-width=\"true\" data-vc-full-width-init=\"false\" class=\"vc_row wpb_row vc_row-fluid vc_custom_1713966570355 vc_column-gap-25 vc_row-o-content-middle vc_row-flex\"><div class=\"wpb_column vc_column_container vc_col-sm-3\"><div class=\"vc_column-inner\"><div class=\"wpb_wrapper\"><style type=\"text\/css\" data-type=\"the7_shortcodes-inline-css\">#default-btn-21eaddaeeb12c112bd74345bd2347644.ico-right-side > i {\n  margin-right: 0px;\n  margin-left: 8px;\n}\n#default-btn-21eaddaeeb12c112bd74345bd2347644 > i {\n  margin-right: 8px;\n}\n<\/style><div class=\"btn-align-center\"><a href=\"\/es\/asociacion\/\" class=\"default-btn-shortcode dt-btn dt-btn-m link-hover-off full-width-btn \" id=\"default-btn-21eaddaeeb12c112bd74345bd2347644\"><span>Inscr\u00edbete a la Asociaci\u00f3n<\/span><\/a><\/div><\/div><\/div><\/div><div class=\"wpb_column vc_column_container vc_col-sm-3\"><div class=\"vc_column-inner\"><div class=\"wpb_wrapper\"><style type=\"text\/css\" data-type=\"the7_shortcodes-inline-css\">#default-btn-97c48b43b11f1db54bc1d0cedddb30d9.ico-right-side > i {\n  margin-right: 0px;\n  margin-left: 8px;\n}\n#default-btn-97c48b43b11f1db54bc1d0cedddb30d9 > i {\n  margin-right: 8px;\n}\n<\/style><div class=\"btn-align-center\"><a href=\"\/es\/revista-aulet\/suscribirse-al-aulet\" class=\"default-btn-shortcode dt-btn dt-btn-m link-hover-off full-width-btn \" id=\"default-btn-97c48b43b11f1db54bc1d0cedddb30d9\"><span>Suscr\u00edbete al Aulet<\/span><\/a><\/div><\/div><\/div><\/div><div class=\"wpb_column vc_column_container vc_col-sm-3\"><div class=\"vc_column-inner\"><div class=\"wpb_wrapper\"><style type=\"text\/css\" data-type=\"the7_shortcodes-inline-css\">#default-btn-37d40504ceb1eb1da21a0123b91bc3bd.ico-right-side > i {\n  margin-right: 0px;\n  margin-left: 8px;\n}\n#default-btn-37d40504ceb1eb1da21a0123b91bc3bd > i {\n  margin-right: 8px;\n}\n<\/style><div class=\"btn-align-center\"><a href=\"\/es\/gestion-forestal\/prevencion-incendios\/\" class=\"default-btn-shortcode dt-btn dt-btn-m link-hover-off full-width-btn \" id=\"default-btn-37d40504ceb1eb1da21a0123b91bc3bd\"><span>Inscr\u00edbete en el programa anual<\/span><\/a><\/div><\/div><\/div><\/div><div class=\"wpb_column vc_column_container vc_col-sm-3\"><div class=\"vc_column-inner\"><div class=\"wpb_wrapper\"><style type=\"text\/css\" data-type=\"the7_shortcodes-inline-css\">#default-btn-6aa99abe8e0f8c92f1b749fb660c2a3a.ico-right-side > i {\n  margin-right: 0px;\n  margin-left: 8px;\n}\n#default-btn-6aa99abe8e0f8c92f1b749fb660c2a3a > i {\n  margin-right: 8px;\n}\n<\/style><div class=\"btn-align-center\"><a href=\"\/es\/contacto\/\" class=\"default-btn-shortcode dt-btn dt-btn-m link-hover-off full-width-btn \" id=\"default-btn-6aa99abe8e0f8c92f1b749fb660c2a3a\"><span>Contacta con nosotros<\/span><\/a><\/div><\/div><\/div><\/div><\/div><div class=\"vc_row-full-width vc_clearfix\"><\/div>\r\n<\/div>[\/vc_column][\/vc_row]<\/p>\n<\/div>","protected":false},"excerpt":{"rendered":"<p>El Montnegre-Corredor: caracter\u00edsticas i retos CARACTER\u00cdSTICAS M\u00e1s informaci\u00f3n RETOS M\u00e1s informaci\u00f3n Inscr\u00edbete a la Asociaci\u00f3nSuscr\u00edbete al AuletInscr\u00edbete en el programa anualContacta con nosotros<\/p>\n","protected":false},"author":1,"featured_media":0,"parent":0,"menu_order":100,"comment_status":"closed","ping_status":"closed","template":"","meta":{"footnotes":""},"class_list":["post-7034","page","type-page","status-publish","hentry","description-off"],"yoast_head":"<!-- This site is optimized with the Yoast SEO plugin v24.6 - https:\/\/yoast.com\/wordpress\/plugins\/seo\/ -->\n<title>El Montnegre-Corredor - Associaci\u00f3 de propietaris del Montnegre i el Corredor<\/title>\n<meta name=\"robots\" content=\"index, follow, max-snippet:-1, max-image-preview:large, max-video-preview:-1\" \/>\n<link rel=\"canonical\" href=\"https:\/\/montnegrecorredor.org\/es\/el-montnegre-corredor\/\" \/>\n<meta property=\"og:locale\" content=\"es_ES\" \/>\n<meta property=\"og:type\" content=\"article\" \/>\n<meta property=\"og:title\" content=\"El Montnegre-Corredor - Associaci\u00f3 de propietaris del Montnegre i el Corredor\" \/>\n<meta property=\"og:url\" content=\"https:\/\/montnegrecorredor.org\/es\/el-montnegre-corredor\/\" \/>\n<meta property=\"og:site_name\" content=\"Associaci\u00f3 de propietaris del Montnegre i el Corredor\" \/>\n<meta property=\"article:modified_time\" content=\"2024-08-14T10:36:09+00:00\" \/>\n<meta name=\"twitter:card\" content=\"summary_large_image\" \/>\n<meta name=\"twitter:label1\" content=\"Tiempo de lectura\" \/>\n\t<meta name=\"twitter:data1\" content=\"1 minuto\" \/>\n<script type=\"application\/ld+json\" class=\"yoast-schema-graph\">{\"@context\":\"https:\/\/schema.org\",\"@graph\":[{\"@type\":\"WebPage\",\"@id\":\"https:\/\/montnegrecorredor.org\/es\/el-montnegre-corredor\/\",\"url\":\"https:\/\/montnegrecorredor.org\/es\/el-montnegre-corredor\/\",\"name\":\"El Montnegre-Corredor - Associaci\u00f3 de propietaris del Montnegre i el Corredor\",\"isPartOf\":{\"@id\":\"https:\/\/montnegrecorredor.org\/#website\"},\"datePublished\":\"2024-02-15T11:36:06+00:00\",\"dateModified\":\"2024-08-14T10:36:09+00:00\",\"breadcrumb\":{\"@id\":\"https:\/\/montnegrecorredor.org\/es\/el-montnegre-corredor\/#breadcrumb\"},\"inLanguage\":\"es\",\"potentialAction\":[{\"@type\":\"ReadAction\",\"target\":[\"https:\/\/montnegrecorredor.org\/es\/el-montnegre-corredor\/\"]}]},{\"@type\":\"BreadcrumbList\",\"@id\":\"https:\/\/montnegrecorredor.org\/es\/el-montnegre-corredor\/#breadcrumb\",\"itemListElement\":[{\"@type\":\"ListItem\",\"position\":1,\"name\":\"Inici\",\"item\":\"https:\/\/montnegrecorredor.org\/es\/\"},{\"@type\":\"ListItem\",\"position\":2,\"name\":\"El Montnegre-Corredor\"}]},{\"@type\":\"WebSite\",\"@id\":\"https:\/\/montnegrecorredor.org\/#website\",\"url\":\"https:\/\/montnegrecorredor.org\/\",\"name\":\"Associaci\u00f3 de propietaris del Montnegre i el Corredor\",\"description\":\"\",\"publisher\":{\"@id\":\"https:\/\/montnegrecorredor.org\/#organization\"},\"potentialAction\":[{\"@type\":\"SearchAction\",\"target\":{\"@type\":\"EntryPoint\",\"urlTemplate\":\"https:\/\/montnegrecorredor.org\/?s={search_term_string}\"},\"query-input\":{\"@type\":\"PropertyValueSpecification\",\"valueRequired\":true,\"valueName\":\"search_term_string\"}}],\"inLanguage\":\"es\"},{\"@type\":\"Organization\",\"@id\":\"https:\/\/montnegrecorredor.org\/#organization\",\"name\":\"Associaci\u00f3 de propietaris del Montnegre i el Corredor\",\"url\":\"https:\/\/montnegrecorredor.org\/\",\"logo\":{\"@type\":\"ImageObject\",\"inLanguage\":\"es\",\"@id\":\"https:\/\/montnegrecorredor.org\/#\/schema\/logo\/image\/\",\"url\":\"https:\/\/montnegrecorredor.org\/wp-content\/uploads\/2024\/02\/logo_print.jpg\",\"contentUrl\":\"https:\/\/montnegrecorredor.org\/wp-content\/uploads\/2024\/02\/logo_print.jpg\",\"width\":400,\"height\":117,\"caption\":\"Associaci\u00f3 de propietaris del Montnegre i el Corredor\"},\"image\":{\"@id\":\"https:\/\/montnegrecorredor.org\/#\/schema\/logo\/image\/\"},\"sameAs\":[\"https:\/\/www.instagram.com\/apfmontnegrecorredor\"]}]}<\/script>\n<!-- \/ Yoast SEO plugin. -->","yoast_head_json":{"title":"El Montnegre-Corredor - Associaci\u00f3 de propietaris del Montnegre i el Corredor","robots":{"index":"index","follow":"follow","max-snippet":"max-snippet:-1","max-image-preview":"max-image-preview:large","max-video-preview":"max-video-preview:-1"},"canonical":"https:\/\/montnegrecorredor.org\/es\/el-montnegre-corredor\/","og_locale":"es_ES","og_type":"article","og_title":"El Montnegre-Corredor - Associaci\u00f3 de propietaris del Montnegre i el Corredor","og_url":"https:\/\/montnegrecorredor.org\/es\/el-montnegre-corredor\/","og_site_name":"Associaci\u00f3 de propietaris del Montnegre i el Corredor","article_modified_time":"2024-08-14T10:36:09+00:00","twitter_card":"summary_large_image","twitter_misc":{"Tiempo de lectura":"1 minuto"},"schema":{"@context":"https:\/\/schema.org","@graph":[{"@type":"WebPage","@id":"https:\/\/montnegrecorredor.org\/es\/el-montnegre-corredor\/","url":"https:\/\/montnegrecorredor.org\/es\/el-montnegre-corredor\/","name":"El Montnegre-Corredor - Associaci\u00f3 de propietaris del Montnegre i el Corredor","isPartOf":{"@id":"https:\/\/montnegrecorredor.org\/#website"},"datePublished":"2024-02-15T11:36:06+00:00","dateModified":"2024-08-14T10:36:09+00:00","breadcrumb":{"@id":"https:\/\/montnegrecorredor.org\/es\/el-montnegre-corredor\/#breadcrumb"},"inLanguage":"es","potentialAction":[{"@type":"ReadAction","target":["https:\/\/montnegrecorredor.org\/es\/el-montnegre-corredor\/"]}]},{"@type":"BreadcrumbList","@id":"https:\/\/montnegrecorredor.org\/es\/el-montnegre-corredor\/#breadcrumb","itemListElement":[{"@type":"ListItem","position":1,"name":"Inici","item":"https:\/\/montnegrecorredor.org\/es\/"},{"@type":"ListItem","position":2,"name":"El Montnegre-Corredor"}]},{"@type":"WebSite","@id":"https:\/\/montnegrecorredor.org\/#website","url":"https:\/\/montnegrecorredor.org\/","name":"Associaci\u00f3 de propietaris del Montnegre i el Corredor","description":"","publisher":{"@id":"https:\/\/montnegrecorredor.org\/#organization"},"potentialAction":[{"@type":"SearchAction","target":{"@type":"EntryPoint","urlTemplate":"https:\/\/montnegrecorredor.org\/?s={search_term_string}"},"query-input":{"@type":"PropertyValueSpecification","valueRequired":true,"valueName":"search_term_string"}}],"inLanguage":"es"},{"@type":"Organization","@id":"https:\/\/montnegrecorredor.org\/#organization","name":"Associaci\u00f3 de propietaris del Montnegre i el Corredor","url":"https:\/\/montnegrecorredor.org\/","logo":{"@type":"ImageObject","inLanguage":"es","@id":"https:\/\/montnegrecorredor.org\/#\/schema\/logo\/image\/","url":"https:\/\/montnegrecorredor.org\/wp-content\/uploads\/2024\/02\/logo_print.jpg","contentUrl":"https:\/\/montnegrecorredor.org\/wp-content\/uploads\/2024\/02\/logo_print.jpg","width":400,"height":117,"caption":"Associaci\u00f3 de propietaris del Montnegre i el Corredor"},"image":{"@id":"https:\/\/montnegrecorredor.org\/#\/schema\/logo\/image\/"},"sameAs":["https:\/\/www.instagram.com\/apfmontnegrecorredor"]}]}},"_links":{"self":[{"href":"https:\/\/montnegrecorredor.org\/es\/wp-json\/wp\/v2\/pages\/7034","targetHints":{"allow":["GET"]}}],"collection":[{"href":"https:\/\/montnegrecorredor.org\/es\/wp-json\/wp\/v2\/pages"}],"about":[{"href":"https:\/\/montnegrecorredor.org\/es\/wp-json\/wp\/v2\/types\/page"}],"author":[{"embeddable":true,"href":"https:\/\/montnegrecorredor.org\/es\/wp-json\/wp\/v2\/users\/1"}],"replies":[{"embeddable":true,"href":"https:\/\/montnegrecorredor.org\/es\/wp-json\/wp\/v2\/comments?post=7034"}],"version-history":[{"count":5,"href":"https:\/\/montnegrecorredor.org\/es\/wp-json\/wp\/v2\/pages\/7034\/revisions"}],"predecessor-version":[{"id":9641,"href":"https:\/\/montnegrecorredor.org\/es\/wp-json\/wp\/v2\/pages\/7034\/revisions\/9641"}],"wp:attachment":[{"href":"https:\/\/montnegrecorredor.org\/es\/wp-json\/wp\/v2\/media?parent=7034"}],"curies":[{"name":"wp","href":"https:\/\/api.w.org\/{rel}","templated":true}]}}