{"id":7031,"date":"2024-02-12T11:10:45","date_gmt":"2024-02-12T11:10:45","guid":{"rendered":"https:\/\/montnegrecorredor.org\/politica-de-privacitat\/"},"modified":"2024-08-14T12:28:18","modified_gmt":"2024-08-14T12:28:18","slug":"politica-de-privacidad","status":"publish","type":"page","link":"https:\/\/montnegrecorredor.org\/es\/politica-de-privacidad\/","title":{"rendered":"Pol\u00edtica de privacidad"},"content":{"rendered":"<h3>Introducci\u00f3n<\/h3>\n<p>MONTNEGRE CORREDOR es una empresa que ha desarrollado procedimientos globales sobre el uso de la informaci\u00f3n con el fin de garantizar el respecto de la privacidad y la protecci\u00f3n de los datos de los usuarios. Nuestra Pol\u00edtica de Privacidad expone los procedimientos que aplica MONTNEGRE CORREDOR en la informaci\u00f3n enviada por Internet para el manejo de los datos de car\u00e1cter personal y no personal, y est\u00e1 elaborada de acuerdo con las leyes y normativas aplicables en Espa\u00f1a. Le rogamos que lea atentamente esta Pol\u00edtica de Privacidad antes de utilizar la p\u00e1gina web de MONTNEGRE CORREDOR (que desde ahora denominaremos \u201cLugar\u201d).<\/p>\n<h3>C\u00f3mo se utiliza su informaci\u00f3n?<\/h3>\n<p>MONTNEGRE CORREDOR no vender\u00e1, alquilar\u00e1, prestar\u00e1 ni ceder\u00e1 su informaci\u00f3n personal a terceros salvo que usted lo autorice o <span class=\"empresa\">RECUMAS<\/span> est\u00e9 obligado a hacerlo por ley.MONTNEGRE CORREDOR no usar\u00e1 ni compartir\u00e1 la informaci\u00f3n personal que usted nos facilite a trav\u00e9s de Internet para finalidades no relacionadas con las aqu\u00ed descritas sin comunic\u00e1rsele previamente porque usted pueda rechazar tal posibilidad. Solo compartiremos su informaci\u00f3n personal con entidades de MONTNEGRE CORREDOR (incluidas empresas filiales y asociadas) y\/o con colaboradores que act\u00faen en nuestro nombre para poder suministrar el servicio o la informaci\u00f3n que usted haya solicitado, as\u00ed como para consolidar el almacenamiento de datos o para simplificar la gesti\u00f3n de los datos de los clientes. Estas entidades y\/o colaboradores de MONTNEGRE CORREDOR est\u00e1n sujetos a nuestra Pol\u00edtica de Privacidad en cuanto al uso de la informaci\u00f3n de car\u00e1cter personal, as\u00ed como en los acuerdos de confidencialidad aplicables en cada caso.<\/p>\n<h3>Qu\u00e9 informaci\u00f3n recopilamos?<\/h3>\n<p><strong>Informaci\u00f3n no personal<\/strong><br \/>\nAl visitar nuestro Lugar, usted puede realizar varias operaciones sin necesidad de facilitarnos sus datos personales. Sin embargo, usamos para recopilar y reunir informaci\u00f3n sobre las p\u00e1ginas visitadas, la orden en el cual han sido visitadas y los enlaces utilizados, entre otros de otros datos. Esta informaci\u00f3n no est\u00e1 relacionada con ning\u00fan dato de identificaci\u00f3n personal. La informaci\u00f3n de car\u00e1cter no personal que recopilamos nos ayuda a identificar las zonas m\u00e1s visitadas de nuestro Lugar y a conocer la eficacia de nuestras actividades promocionales.<\/p>\n<p><strong>Informaci\u00f3n personal<\/strong><br \/>\nEn algunos espacios del Lugar de MONTNEGRE CORREDOR, puede realizar solicitudes, expresar su opini\u00f3n o subscribirse a uno de nuestros servicios a Internet. Los datos de identificaci\u00f3n personales que se pueden recopilar en estas p\u00e1ginas pueden ser del mismo tipo que las siguientes: nombre, direcci\u00f3n, direcci\u00f3n de correo electr\u00f3nico, n\u00famero de tel\u00e9fono, n\u00famero de fax e informaci\u00f3n sobre su opini\u00f3n y uso de varios servicios. MONTNEGRE CORREDOR utiliza todos estos datos para comprender mejor sus necesidades y ofrecerle un mejor servicio.<\/p>\n<h3>Por qu\u00e9 recopilamos su informaci\u00f3n personal?<\/h3>\n<p><strong>Listas de correo<\/strong><br \/>\nEn ocasiones, MONTNEGRE CORREDOR ofrece a los visitantes la posibilidad de facilitar su direcci\u00f3n de correo electr\u00f3nico con el fin de recibir un bolet\u00edn de noticias o informaci\u00f3n sobre un servicio. Estas direcciones de correo solo se utilizar\u00e1n con cuyo objeto y nunca se compartir\u00e1n con otras empresas que no sean filiales de MONTNEGRE CORREDOR salvo que usted as\u00ed lo autorice. Adem\u00e1s, siempre le daremos la oportunidad de rechazar la recepci\u00f3n de dedos materiales.<\/p>\n<h3>C\u00f3mo protegemos su informaci\u00f3n?<\/h3>\n<p>Para impedir el acceso o la revelaci\u00f3n de datos no autorizados, as\u00ed como para mantener la precisi\u00f3n de los datos y garantizar un uso adecuado de la informaci\u00f3n, hemos empleado medios f\u00edsicos, electr\u00f3nicos y de gesti\u00f3n para salvaguardar los datos que hemos recopilado a trav\u00e9s de Internet.<\/p>\n<h3>Acceso a su informaci\u00f3n.<\/h3>\n<p>Usted tiene el derecho de acceder a su informaci\u00f3n personal y corregirla en cualquier momento. Para revisar, actualizar o modificar su informaci\u00f3n personal, p\u00f3ngase en contacto con nosotros <a href=\"mailto:info@montnegrecorredor.org\">info@montnegrecorredor.org<\/a>.<\/p>\n<h3>Lugares webs de terceros<\/h3>\n<p>Nuestra Pol\u00edtica de Privacidad solo se aplica en los espacios del Sitio web controlados por MONTNEGRE CORREDOR, y los enlaces a p\u00e1ginas web de terceros solo se facilitan para su comodidad. Es recomendable que consulte la Pol\u00edtica de Privacidad de estos sitios web antes de facilitarlos datos de car\u00e1cter personal. MONTNEGRE CORREDOR no ha revisado todos los sitios web de terceros, no tiene control alguno sobre ellos y declina toda responsabilidad en cuanto a estos lugares, su contenido y sus pol\u00edticas de privacidad. Por eso, MONTNEGRE CORREDOR no aprueba ni act\u00faa en representaci\u00f3n de estas p\u00e1ginas web ni de la informaci\u00f3n, los productos u otros materiales que puedan contener.<\/p>\n<h3>C\u00f3mo contactar con nosotros?<\/h3>\n<p>Su opini\u00f3n es muy importante para nosotros. Si tiene alguna pregunta o desea realizar alg\u00fan comentario sobre nuestra Pol\u00edtica de Privacidad, p\u00f3ngase en contacto con nosotros <a href=\"mailto:info@montnegrecorredor.org\">info@montnegrecorredor.org<\/a>. Tambi\u00e9n puede hacerlo escribi\u00e9ndonos.<\/p>\n<h3>Datos de contacto<\/h3>\n<p>MONTNEGRE CORREDOR<\/p>\n<p>Parc de la Vicar\u00eda Vieja, s\/n,<br \/>\nSant Celoni 08470<br \/>\nTel. 629 00 87 45<br \/>\n<a href=\"mailto:info@montnegrecorredor.org\">info@montnegrecorredor.org<\/a><\/p>\n","protected":false},"excerpt":{"rendered":"<p>Introducci\u00f3n MONTNEGRE CORREDOR es una empresa que ha desarrollado procedimientos globales sobre el uso de la informaci\u00f3n con el fin de garantizar el respecto de la privacidad y la protecci\u00f3n de los datos de los usuarios. Nuestra Pol\u00edtica de Privacidad expone los procedimientos que aplica MONTNEGRE CORREDOR en la informaci\u00f3n enviada por Internet para el&hellip;<\/p>\n","protected":false},"author":1,"featured_media":0,"parent":0,"menu_order":0,"comment_status":"closed","ping_status":"closed","template":"","meta":{"footnotes":""},"class_list":["post-7031","page","type-page","status-publish","hentry","description-off"],"yoast_head":"<!-- This site is optimized with the Yoast SEO plugin v24.6 - https:\/\/yoast.com\/wordpress\/plugins\/seo\/ -->\n<title>Pol\u00edtica de privacidad - Associaci\u00f3 de propietaris del Montnegre i el Corredor<\/title>\n<meta name=\"robots\" content=\"index, follow, max-snippet:-1, max-image-preview:large, max-video-preview:-1\" \/>\n<link rel=\"canonical\" href=\"https:\/\/montnegrecorredor.org\/es\/politica-de-privacidad\/\" \/>\n<meta property=\"og:locale\" content=\"es_ES\" \/>\n<meta property=\"og:type\" content=\"article\" \/>\n<meta property=\"og:title\" content=\"Pol\u00edtica de privacidad - Associaci\u00f3 de propietaris del Montnegre i el Corredor\" \/>\n<meta property=\"og:description\" content=\"Introducci\u00f3n MONTNEGRE CORREDOR es una empresa que ha desarrollado procedimientos globales sobre el uso de la informaci\u00f3n con el fin de garantizar el respecto de la privacidad y la protecci\u00f3n de los datos de los usuarios. Nuestra Pol\u00edtica de Privacidad expone los procedimientos que aplica MONTNEGRE CORREDOR en la informaci\u00f3n enviada por Internet para el&hellip;\" \/>\n<meta property=\"og:url\" content=\"https:\/\/montnegrecorredor.org\/es\/politica-de-privacidad\/\" \/>\n<meta property=\"og:site_name\" content=\"Associaci\u00f3 de propietaris del Montnegre i el Corredor\" \/>\n<meta property=\"article:modified_time\" content=\"2024-08-14T12:28:18+00:00\" \/>\n<meta name=\"twitter:card\" content=\"summary_large_image\" \/>\n<meta name=\"twitter:label1\" content=\"Tiempo de lectura\" \/>\n\t<meta name=\"twitter:data1\" content=\"5 minutos\" \/>\n<script type=\"application\/ld+json\" class=\"yoast-schema-graph\">{\"@context\":\"https:\/\/schema.org\",\"@graph\":[{\"@type\":\"WebPage\",\"@id\":\"https:\/\/montnegrecorredor.org\/es\/politica-de-privacidad\/\",\"url\":\"https:\/\/montnegrecorredor.org\/es\/politica-de-privacidad\/\",\"name\":\"Pol\u00edtica de privacidad - Associaci\u00f3 de propietaris del Montnegre i el Corredor\",\"isPartOf\":{\"@id\":\"https:\/\/montnegrecorredor.org\/#website\"},\"datePublished\":\"2024-02-12T11:10:45+00:00\",\"dateModified\":\"2024-08-14T12:28:18+00:00\",\"breadcrumb\":{\"@id\":\"https:\/\/montnegrecorredor.org\/es\/politica-de-privacidad\/#breadcrumb\"},\"inLanguage\":\"es\",\"potentialAction\":[{\"@type\":\"ReadAction\",\"target\":[\"https:\/\/montnegrecorredor.org\/es\/politica-de-privacidad\/\"]}]},{\"@type\":\"BreadcrumbList\",\"@id\":\"https:\/\/montnegrecorredor.org\/es\/politica-de-privacidad\/#breadcrumb\",\"itemListElement\":[{\"@type\":\"ListItem\",\"position\":1,\"name\":\"Inici\",\"item\":\"https:\/\/montnegrecorredor.org\/es\/\"},{\"@type\":\"ListItem\",\"position\":2,\"name\":\"Pol\u00edtica de privacidad\"}]},{\"@type\":\"WebSite\",\"@id\":\"https:\/\/montnegrecorredor.org\/#website\",\"url\":\"https:\/\/montnegrecorredor.org\/\",\"name\":\"Associaci\u00f3 de propietaris del Montnegre i el Corredor\",\"description\":\"\",\"publisher\":{\"@id\":\"https:\/\/montnegrecorredor.org\/#organization\"},\"potentialAction\":[{\"@type\":\"SearchAction\",\"target\":{\"@type\":\"EntryPoint\",\"urlTemplate\":\"https:\/\/montnegrecorredor.org\/?s={search_term_string}\"},\"query-input\":{\"@type\":\"PropertyValueSpecification\",\"valueRequired\":true,\"valueName\":\"search_term_string\"}}],\"inLanguage\":\"es\"},{\"@type\":\"Organization\",\"@id\":\"https:\/\/montnegrecorredor.org\/#organization\",\"name\":\"Associaci\u00f3 de propietaris del Montnegre i el Corredor\",\"url\":\"https:\/\/montnegrecorredor.org\/\",\"logo\":{\"@type\":\"ImageObject\",\"inLanguage\":\"es\",\"@id\":\"https:\/\/montnegrecorredor.org\/#\/schema\/logo\/image\/\",\"url\":\"https:\/\/montnegrecorredor.org\/wp-content\/uploads\/2024\/02\/logo_print.jpg\",\"contentUrl\":\"https:\/\/montnegrecorredor.org\/wp-content\/uploads\/2024\/02\/logo_print.jpg\",\"width\":400,\"height\":117,\"caption\":\"Associaci\u00f3 de propietaris del Montnegre i el Corredor\"},\"image\":{\"@id\":\"https:\/\/montnegrecorredor.org\/#\/schema\/logo\/image\/\"},\"sameAs\":[\"https:\/\/www.instagram.com\/apfmontnegrecorredor\"]}]}<\/script>\n<!-- \/ Yoast SEO plugin. -->","yoast_head_json":{"title":"Pol\u00edtica de privacidad - Associaci\u00f3 de propietaris del Montnegre i el Corredor","robots":{"index":"index","follow":"follow","max-snippet":"max-snippet:-1","max-image-preview":"max-image-preview:large","max-video-preview":"max-video-preview:-1"},"canonical":"https:\/\/montnegrecorredor.org\/es\/politica-de-privacidad\/","og_locale":"es_ES","og_type":"article","og_title":"Pol\u00edtica de privacidad - Associaci\u00f3 de propietaris del Montnegre i el Corredor","og_description":"Introducci\u00f3n MONTNEGRE CORREDOR es una empresa que ha desarrollado procedimientos globales sobre el uso de la informaci\u00f3n con el fin de garantizar el respecto de la privacidad y la protecci\u00f3n de los datos de los usuarios. Nuestra Pol\u00edtica de Privacidad expone los procedimientos que aplica MONTNEGRE CORREDOR en la informaci\u00f3n enviada por Internet para el&hellip;","og_url":"https:\/\/montnegrecorredor.org\/es\/politica-de-privacidad\/","og_site_name":"Associaci\u00f3 de propietaris del Montnegre i el Corredor","article_modified_time":"2024-08-14T12:28:18+00:00","twitter_card":"summary_large_image","twitter_misc":{"Tiempo de lectura":"5 minutos"},"schema":{"@context":"https:\/\/schema.org","@graph":[{"@type":"WebPage","@id":"https:\/\/montnegrecorredor.org\/es\/politica-de-privacidad\/","url":"https:\/\/montnegrecorredor.org\/es\/politica-de-privacidad\/","name":"Pol\u00edtica de privacidad - Associaci\u00f3 de propietaris del Montnegre i el Corredor","isPartOf":{"@id":"https:\/\/montnegrecorredor.org\/#website"},"datePublished":"2024-02-12T11:10:45+00:00","dateModified":"2024-08-14T12:28:18+00:00","breadcrumb":{"@id":"https:\/\/montnegrecorredor.org\/es\/politica-de-privacidad\/#breadcrumb"},"inLanguage":"es","potentialAction":[{"@type":"ReadAction","target":["https:\/\/montnegrecorredor.org\/es\/politica-de-privacidad\/"]}]},{"@type":"BreadcrumbList","@id":"https:\/\/montnegrecorredor.org\/es\/politica-de-privacidad\/#breadcrumb","itemListElement":[{"@type":"ListItem","position":1,"name":"Inici","item":"https:\/\/montnegrecorredor.org\/es\/"},{"@type":"ListItem","position":2,"name":"Pol\u00edtica de privacidad"}]},{"@type":"WebSite","@id":"https:\/\/montnegrecorredor.org\/#website","url":"https:\/\/montnegrecorredor.org\/","name":"Associaci\u00f3 de propietaris del Montnegre i el Corredor","description":"","publisher":{"@id":"https:\/\/montnegrecorredor.org\/#organization"},"potentialAction":[{"@type":"SearchAction","target":{"@type":"EntryPoint","urlTemplate":"https:\/\/montnegrecorredor.org\/?s={search_term_string}"},"query-input":{"@type":"PropertyValueSpecification","valueRequired":true,"valueName":"search_term_string"}}],"inLanguage":"es"},{"@type":"Organization","@id":"https:\/\/montnegrecorredor.org\/#organization","name":"Associaci\u00f3 de propietaris del Montnegre i el Corredor","url":"https:\/\/montnegrecorredor.org\/","logo":{"@type":"ImageObject","inLanguage":"es","@id":"https:\/\/montnegrecorredor.org\/#\/schema\/logo\/image\/","url":"https:\/\/montnegrecorredor.org\/wp-content\/uploads\/2024\/02\/logo_print.jpg","contentUrl":"https:\/\/montnegrecorredor.org\/wp-content\/uploads\/2024\/02\/logo_print.jpg","width":400,"height":117,"caption":"Associaci\u00f3 de propietaris del Montnegre i el Corredor"},"image":{"@id":"https:\/\/montnegrecorredor.org\/#\/schema\/logo\/image\/"},"sameAs":["https:\/\/www.instagram.com\/apfmontnegrecorredor"]}]}},"_links":{"self":[{"href":"https:\/\/montnegrecorredor.org\/es\/wp-json\/wp\/v2\/pages\/7031","targetHints":{"allow":["GET"]}}],"collection":[{"href":"https:\/\/montnegrecorredor.org\/es\/wp-json\/wp\/v2\/pages"}],"about":[{"href":"https:\/\/montnegrecorredor.org\/es\/wp-json\/wp\/v2\/types\/page"}],"author":[{"embeddable":true,"href":"https:\/\/montnegrecorredor.org\/es\/wp-json\/wp\/v2\/users\/1"}],"replies":[{"embeddable":true,"href":"https:\/\/montnegrecorredor.org\/es\/wp-json\/wp\/v2\/comments?post=7031"}],"version-history":[{"count":2,"href":"https:\/\/montnegrecorredor.org\/es\/wp-json\/wp\/v2\/pages\/7031\/revisions"}],"predecessor-version":[{"id":9655,"href":"https:\/\/montnegrecorredor.org\/es\/wp-json\/wp\/v2\/pages\/7031\/revisions\/9655"}],"wp:attachment":[{"href":"https:\/\/montnegrecorredor.org\/es\/wp-json\/wp\/v2\/media?parent=7031"}],"curies":[{"name":"wp","href":"https:\/\/api.w.org\/{rel}","templated":true}]}}