{"id":7030,"date":"2024-02-13T11:52:50","date_gmt":"2024-02-13T11:52:50","guid":{"rendered":"https:\/\/montnegrecorredor.org\/politica-de-cookies\/"},"modified":"2024-08-14T12:31:34","modified_gmt":"2024-08-14T12:31:34","slug":"politica-de-cookies","status":"publish","type":"page","link":"https:\/\/montnegrecorredor.org\/es\/politica-de-cookies\/","title":{"rendered":"Pol\u00edtica de cookies"},"content":{"rendered":"<div id=\"content\" class=\"content\" role=\"main\">\n<div class=\"container-full\">\n<div class=\"container\">\n<div class=\"row\">\n<div class=\"col-sm-12\">\n<article id=\"content\" class=\"copy-text\">\n<div class=\"\">\n<div class=\"\">\n<p>En esta web se utilizan galletas de terceros y propias para conseguir que tengas una mejor experiencia de navegaci\u00f3n, puedas compartir contenido a redes sociales y para que podamos obtener estad\u00edsticas de los usuarios.<\/p>\n<p>Puedes evitar la descarga de cookies a trav\u00e9s de la configuraci\u00f3n de tu navegador, evitando que las cookies se almacenen al dispositivo.<\/p>\n<p>Como propietario de este sitio web, os comunic que no utilizamos ninguna informaci\u00f3n personal procedente de cookies, solo realizamos estad\u00edsticas generales de visitas que no suponen ninguna informaci\u00f3n personal.<\/p>\n<p>Es muy importante que leas esta pol\u00edtica de cookies y comprendas que, si contin\u00faes navegando, consideraremos que aceptes el uso.<\/p>\n<p>Seg\u00fan los t\u00e9rminos incluidos en el art\u00edculo 22.2 de la Ley 34\/2002 de Servicios de la Sociedad de la Informaci\u00f3n y E-commerce, si contin\u00faas navegando, estar\u00e1s prestando tu consentimiento para el uso de los mecanismos mencionados.<\/p>\n<h3>Entidad Responsable<\/h3>\n<p>La entidad responsable de la recogida, el procesamiento y la utilizaci\u00f3n de tus datos personales, en el sentido establecido por la Ley de Protecci\u00f3n de Datos Personales, es la p\u00e1gina Asociaci\u00f3n de propietarios del Montnegre y el Corredor, propiedad de Asociaci\u00f3n de propietarios del Montnegre y el Corredor \u2013  Sant Celoni.<\/p>\n<h3>Qu\u00e9 son las galletas?<\/h3>\n<p>Las galletas son un conjunto de datos que un servidor deposita al navegador del usuario para recoger la informaci\u00f3n de registro est\u00e1ndar de Internet y la informaci\u00f3n del comportamiento de los visitantes en un sitio web. Es decir, se trata de peque\u00f1os ficheros de texto que quedan almacenados al disco duro del ordenador y que sirven para identificar el usuario cuando se conecta nuevamente al sitio web. El objetivo es registrar la visita del usuario y guardar cierta informaci\u00f3n. Su uso es com\u00fan y frecuente en la web puesto que permite en las p\u00e1ginas funcionar de manera m\u00e1s eficiente y conseguir m\u00e1s personalizaci\u00f3n y an\u00e1lisis sobre el comportamiento del usuario.<\/p>\n<h3>Qu\u00e9 tipos de galletas hay?<\/h3>\n<p>Las cookies utilizadas a nuestro sitio web, son de sesi\u00f3n y de terceros, y nos permiten almacenar y acceder a informaci\u00f3n relativa al idioma, el tipo de navegador utilizado y otras caracter\u00edsticas generales predefinidas por el usuario, as\u00ed como seguir y analizar la actividad que lleva a cabo, para introducir mejoras y prestar nuestros servicios de una manera m\u00e1s eficiente y personalizada.<\/p>\n<p>Las galletas, en funci\u00f3n de su permanencia, se pueden dividir en galletas de sesi\u00f3n o permanentes. Las que expiran cuando el usuario cierra el navegador. Las que expiran en funci\u00f3n de cuando se cumpla el objetivo para el que sirven (por ejemplo, porque el usuario se mantenga identificado a los servicios de Asociaci\u00f3n de propietarios del Montnegre y el Corredor) o bien cuando se borran manualmente.<\/p>\n<p>&nbsp;<\/p>\n<table border=\"0\" width=\"100%\" cellpadding=\"15\">\n<tbody>\n<tr>\n<td>N\u00famero<\/td>\n<td>Tipo<\/td>\n<td>Caducidad<\/td>\n<td>Finalidad<\/td>\n<td>Clase<\/td>\n<\/tr>\n<tr>\n<td>__utma<\/td>\n<td>De Terceros (Google Analytics)<\/td>\n<td>2 a\u00f1os<\/td>\n<td>Se usa para distinguir usuarios y sesiones.<\/td>\n<td>No Exenta<\/td>\n<\/tr>\n<tr>\n<td>__utmb<\/td>\n<td>De Terceros (Google Analytics)<\/td>\n<td>30 minutos<\/td>\n<td>Se usa para determinar nuevas sesiones o visitas<\/td>\n<td>No Exenta<\/td>\n<\/tr>\n<tr>\n<td>__utmc<\/td>\n<td>De Terceros (Google Analytics)<\/td>\n<td>Al finalizar la sesi\u00f3n<\/td>\n<td>Se configura para su uso con Urchin<\/td>\n<td>No Exenta<\/td>\n<\/tr>\n<tr>\n<td>__utmz<\/td>\n<td>De Terceros (Google Analytics)<\/td>\n<td>6 meses<\/td>\n<td>Almacena el origen o campa\u00f1a que explica c\u00f3mo el usuario ha llegado hasta la p\u00e1gina web<\/td>\n<td>No Exenta<\/td>\n<\/tr>\n<\/tbody>\n<\/table>\n<p>&nbsp;<\/p>\n<p>Adicionalmente, en funci\u00f3n de su objetivo, las cookies pueden clasificarse de la manera siguiente:<\/p>\n<h3>Cookies de rendimiento<\/h3>\n<p>Este tipo de Cookie recuerda sus preferencias para las herramientas que se encuentran a los servicios, por lo cual no tiene que volver a configurar el servicio cada vez que visit\u00e1is. A modo de ejemplo, en esta tipolog\u00eda se incluyen: Configuraci\u00f3n de volumen de reproductores de video o sonido. Las velocidades de transmisi\u00f3n de video que sean compatibles con vuestro navegador. Los objetos guardados al \u201ccarrete de la compra\u201d a los servicios de e-commerce como por ejemplo tiendas.<\/p>\n<h3>Galletas de geo-localizaci\u00f3n<\/h3>\n<p>Estas cookies son utilizadas para averiguar en qu\u00e9 pa\u00eds se encuentra cuando se solicita un servicio. Esta galleta es totalmente an\u00f3nima, y solo se utiliza para ayudar a orientar el contenido a vuestra ubicaci\u00f3n.<\/p>\n<h3>Cookies de registro<\/h3>\n<p>Las galletas de registro se generan una vez que el usuario se ha registrado o posteriormente ha abierto la sesi\u00f3n, y se utilizan para identificarlo a los servicios con los objetivos siguientes:<\/p>\n<p>Mantener el usuario identificado de forma que, si cerr\u00e1is un servicio, el navegador o el ordenador y en otro momento u otro d\u00eda volv\u00e9is a entrar en este servicio, seguir\u00e9is identificado, facilitando as\u00ed vuestra navegaci\u00f3n sin tener que volveros a identificar. Esta funcionalidad se puede suprimir si el usuario pulsa la funcionalidad [cerrar sesi\u00f3n], de forma que esta galleta se elimina y la pr\u00f3xima vez que entre al servicio el usuario tendr\u00e1 que iniciar sesi\u00f3n para estar identificado.<\/p>\n<p>Comprob\u00e1is si el usuario est\u00e1 autorizado para acceder a ciertos servicios, por ejemplo, para participar en un concurso.<\/p>\n<p>Adicionalmente, algunos servicios pueden utilizar conectores con redes sociales como Facebook o Twitter. Cuando el usuario se registra en un servicio con credenciales de una red social, autoriza la red social a guardar una galleta persistente que recuerda su identidad y le garantiza acceso a los servicios hasta que expira. El usuario puede borrar esta galleta y revocar el acceso a los servicios mediante redes sociales actualizando sus preferencias en la red social que especifica.<\/p>\n<h3>Galletas de anal\u00edticas<\/h3>\n<p>Cada vez que un usuario visita un servicio, una herramienta de un proveedor externo genera una galleta anal\u00edtica al ordenador del usuario. Esta galleta que solo se genera a la visita, servir\u00e1 en pr\u00f3ximas visitas a los servicios de Asociaci\u00f3n de propietarios del Montnegre y el Corredor para identificar de manera an\u00f3nima el visitante. Los objetivos principales que se persiguen son:<\/p>\n<p>Permitir la identificaci\u00f3n an\u00f3nima de los usuarios navegantes a trav\u00e9s de la galleta (identifica navegadores y dispositivos, no personas) y, por lo tanto, la contabilizaci\u00f3n aproximada del n\u00famero de visitantes y su tendencia en el tiempo.<br \/>\nIdentificar de forma an\u00f3nima los contenidos m\u00e1s visitados y por tanto m\u00e1s atractivos para los usuarios Saber si el usuario que est\u00e1 accediendo es nuevo o repite visita.<\/p>\n<p>Importante: Salvo que el usuario decida registrarse en un servicio de Asociaci\u00f3n de propietarios del Montnegre y el Corredor, la galleta nunca ir\u00e1 asociada a ning\u00fan dato de car\u00e1cter personal que os pueda identificar. Estas galletas solo ser\u00e1n utilizadas con prop\u00f3sitos estad\u00edsticos que ayuden a la optimizaci\u00f3n de la experiencia de los usuarios al lugar.<\/p>\n<h3>Cookies de publicidad<\/h3>\n<p>Este tipo de cookies permiten ampliar la informaci\u00f3n de los anuncios mostrados a cada usuario an\u00f3nimo a los servicios de Asociaci\u00f3n de propietarios del Montnegre y el Corredor. Entre otros, se almacena la duraci\u00f3n o la frecuencia de visualizaci\u00f3n de posiciones publicitarias, la interacci\u00f3n con estas, o los patrones de navegaci\u00f3n y\/o comportamientos del usuario puesto que ayudan a conformar un perfil de inter\u00e9s publicitario. De este modo permiten ofrecer publicidad af\u00edn a los intereses del usuario.<\/p>\n<p><strong>Galletas publicitarias de terceros<\/strong><\/p>\n<p>Adem\u00e1s de la publicidad gestionada por los webs de v a sus servicios, los webs de Asociaci\u00f3n de propietarios del Montnegre y el Corredor ofrecen a sus anunciantes la opci\u00f3n de servir anuncios a trav\u00e9s de terceros (\u201cAd-*Servers\u201d). De este modo, estos terceros pueden almacenar cookies enviadas desde los servicios de Asociaci\u00f3n de propietarios del Montnegre y el Corredor procedentes de los navegadores de los usuarios, as\u00ed como acceder a los datos que se guardan.<\/p>\n<p>Las empresas que generan estas cookies tienen sus propias pol\u00edticas de privacidad. Actualmente, las webs de Asociaci\u00f3n de propietarios del Montnegre y el Corredor utilizan la plataforma Doubleclick (Google) para gestionar estos servicios. Para mayor informaci\u00f3n, vais a<\/p>\n<p><a href=\"http:\/\/www.google.es\/policies\/privacy\/ads\/#toc-doubleclick\">http:\/\/www.google.es\/policies\/privacy\/ads\/#toque-doubleclick<\/a> ia <a href=\"http:\/\/www.google.es\/policies\/privacy\/ads\/\">http:\/\/www.google.es\/policies\/privacy\/ads\/<\/a>.<\/p>\n<h3>C\u00f3mo puedo desactivar las galletas a mi navegador?<\/h3>\n<p>Se pueden configurar los diferentes navegadores para avisar el usuario de la recepci\u00f3n de cookies y, si se quiere, impedir la instalaci\u00f3n al equipo. As\u00ed mismo, el usuario puede revisar a su navegador qu\u00e9 galletas tiene instaladas y qu\u00e9 es el t\u00e9rmino de caducidad de las mismas, pudiendo eliminarlas.<\/p>\n<p>Para ampliar esta informaci\u00f3n consult\u00e1is las instrucciones y manuales de vuestro navegador:<\/p>\n<p>Para mayor informaci\u00f3n sobre la administraci\u00f3n de las galletas en Google Chrome: <a href=\"https:\/\/support.google.com\/chrome\/answer\/95647?hl=ca\">https:\/\/support.google.com\/chrome\/answer\/95647?hl=ca<\/a><\/p>\n<p>Para mayor informaci\u00f3n sobre la administraci\u00f3n de las galletas a Internet Explorer: <a href=\"http:\/\/windows.microsoft.com\/es-es\/windows-vista\/cookies-frequently-asked-questions\">http:\/\/windows.microsoft.com\/es-es\/windows-vista\/cookies-frequently-asked-questions<\/a><\/p>\n<p>Para mayor informaci\u00f3n sobre la administraci\u00f3n de las cookies a Mozilla Firefox: <a href=\"http:\/\/support.mozilla.org\/es\/kb\/habilitar-y-deshabilitar-cookies-que-los-sitios-we\">http:\/\/support.mozilla.org\/es\/kb\/habilitar-y-deshabilitar-cookies-que-los-sitios-we<\/a><\/p>\n<p>Para mayor informaci\u00f3n sobre la administraci\u00f3n de las galletas a Safari: <a href=\"http:\/\/www.apple.com\/es\/privacy\/use-of-cookies\/\">http:\/\/www.apple.com\/es\/privacy\/use-of-cookies\/<\/a><\/p>\n<p>Para mayor informaci\u00f3n sobre la administraci\u00f3n de las cookies a Opera: <a href=\"http:\/\/help.opera.com\/Windows\/11.50\/ca-ES\/cookies.html\">http:\/\/help.opera.com\/windows\/11.50\/ca-es\/cookies.html<\/a><\/p>\n<p>Si quer\u00e9is dejar de ser seguido por Google Analytics visit\u00e1is: <a href=\"http:\/\/tools.google.com\/dlpage\/gaoptout\">http:\/\/tools.google.com\/dlpage\/gaoptout<\/a><\/p>\n<h3>Para saber m\u00e1s sobre las cookies<\/h3>\n<p>Pod\u00e9is obtener m\u00e1s informaci\u00f3n sobre la publicidad en l\u00ednea basada en el comportamiento y la privacidad en l\u00ednea en el siguiente enlace: <a href=\"http:\/\/www.youronlinechoices.com\/es\/\">http:\/\/www.youronlinechoices.com\/es\/<\/a><\/p>\n<p>Protecci\u00f3n de datos de Google Analytics: <a href=\"http:\/\/www.google.com\/analytics\/learn\/privacy.html\">http:\/\/www.google.com\/analytics\/learn\/privacy.html<\/a><\/p>\n<p>Como utiliza Google Analytics las cookies: <a href=\"https:\/\/developers.google.com\/analytics\/devguides\/collection\/analyticsjs\/cookie-usage?hl=ca#analyticsjs\">https:\/\/developers.google.c\u00f3mo\/analytics\/*devguides\/*collection\/*analyticsjs\/*cookie-*usage?*hl=can#*analyticsjs<\/a><\/p>\n<h3>Actualizaciones y cambios en la pol\u00edtica de privacidad\/cookies<\/h3>\n<p>Las webs de Asociaci\u00f3n de propietarios del Montnegre y el Corredor pueden modificar esta Pol\u00edtica de Cookies en funci\u00f3n de exigencias legislativas, reglamentarias, o con el fin de adaptar esta pol\u00edtica a las instrucciones dictadas por la Agencia Espa\u00f1ola de Protecci\u00f3n de Datos, por eso se aconseja a los usuarios que la visiten peri\u00f3dicamente .<\/p>\n<p>Cuando se produzcan cambios significativos en esta Pol\u00edtica de Cookies, estos se comunicar\u00e1n a los usuarios bien mediante el web o mediante correo electr\u00f3nico a los usuarios registrados.<\/p>\n<\/div>\n<\/div>\n<\/article>\n<\/div>\n<\/div>\n<\/div>\n<\/div>\n<\/div>\n","protected":false},"excerpt":{"rendered":"<p>En esta web se utilizan galletas de terceros y propias para conseguir que tengas una mejor experiencia de navegaci\u00f3n, puedas compartir contenido a redes sociales y para que podamos obtener estad\u00edsticas de los usuarios. Puedes evitar la descarga de cookies a trav\u00e9s de la configuraci\u00f3n de tu navegador, evitando que las cookies se almacenen al&hellip;<\/p>\n","protected":false},"author":1,"featured_media":0,"parent":0,"menu_order":0,"comment_status":"closed","ping_status":"closed","template":"","meta":{"footnotes":""},"class_list":["post-7030","page","type-page","status-publish","hentry","description-off"],"yoast_head":"<!-- This site is optimized with the Yoast SEO plugin v24.6 - https:\/\/yoast.com\/wordpress\/plugins\/seo\/ -->\n<title>Pol\u00edtica de cookies - Associaci\u00f3 de propietaris del Montnegre i el Corredor<\/title>\n<meta name=\"robots\" content=\"index, follow, max-snippet:-1, max-image-preview:large, max-video-preview:-1\" \/>\n<link rel=\"canonical\" href=\"https:\/\/montnegrecorredor.org\/es\/politica-de-cookies\/\" \/>\n<meta property=\"og:locale\" content=\"es_ES\" \/>\n<meta property=\"og:type\" content=\"article\" \/>\n<meta property=\"og:title\" content=\"Pol\u00edtica de cookies - Associaci\u00f3 de propietaris del Montnegre i el Corredor\" \/>\n<meta property=\"og:description\" content=\"En esta web se utilizan galletas de terceros y propias para conseguir que tengas una mejor experiencia de navegaci\u00f3n, puedas compartir contenido a redes sociales y para que podamos obtener estad\u00edsticas de los usuarios. Puedes evitar la descarga de cookies a trav\u00e9s de la configuraci\u00f3n de tu navegador, evitando que las cookies se almacenen al&hellip;\" \/>\n<meta property=\"og:url\" content=\"https:\/\/montnegrecorredor.org\/es\/politica-de-cookies\/\" \/>\n<meta property=\"og:site_name\" content=\"Associaci\u00f3 de propietaris del Montnegre i el Corredor\" \/>\n<meta property=\"article:modified_time\" content=\"2024-08-14T12:31:34+00:00\" \/>\n<meta name=\"twitter:card\" content=\"summary_large_image\" \/>\n<meta name=\"twitter:label1\" content=\"Tiempo de lectura\" \/>\n\t<meta name=\"twitter:data1\" content=\"8 minutos\" \/>\n<script type=\"application\/ld+json\" class=\"yoast-schema-graph\">{\"@context\":\"https:\/\/schema.org\",\"@graph\":[{\"@type\":\"WebPage\",\"@id\":\"https:\/\/montnegrecorredor.org\/es\/politica-de-cookies\/\",\"url\":\"https:\/\/montnegrecorredor.org\/es\/politica-de-cookies\/\",\"name\":\"Pol\u00edtica de cookies - Associaci\u00f3 de propietaris del Montnegre i el Corredor\",\"isPartOf\":{\"@id\":\"https:\/\/montnegrecorredor.org\/#website\"},\"datePublished\":\"2024-02-13T11:52:50+00:00\",\"dateModified\":\"2024-08-14T12:31:34+00:00\",\"breadcrumb\":{\"@id\":\"https:\/\/montnegrecorredor.org\/es\/politica-de-cookies\/#breadcrumb\"},\"inLanguage\":\"es\",\"potentialAction\":[{\"@type\":\"ReadAction\",\"target\":[\"https:\/\/montnegrecorredor.org\/es\/politica-de-cookies\/\"]}]},{\"@type\":\"BreadcrumbList\",\"@id\":\"https:\/\/montnegrecorredor.org\/es\/politica-de-cookies\/#breadcrumb\",\"itemListElement\":[{\"@type\":\"ListItem\",\"position\":1,\"name\":\"Inici\",\"item\":\"https:\/\/montnegrecorredor.org\/es\/\"},{\"@type\":\"ListItem\",\"position\":2,\"name\":\"Pol\u00edtica de cookies\"}]},{\"@type\":\"WebSite\",\"@id\":\"https:\/\/montnegrecorredor.org\/#website\",\"url\":\"https:\/\/montnegrecorredor.org\/\",\"name\":\"Associaci\u00f3 de propietaris del Montnegre i el Corredor\",\"description\":\"\",\"publisher\":{\"@id\":\"https:\/\/montnegrecorredor.org\/#organization\"},\"potentialAction\":[{\"@type\":\"SearchAction\",\"target\":{\"@type\":\"EntryPoint\",\"urlTemplate\":\"https:\/\/montnegrecorredor.org\/?s={search_term_string}\"},\"query-input\":{\"@type\":\"PropertyValueSpecification\",\"valueRequired\":true,\"valueName\":\"search_term_string\"}}],\"inLanguage\":\"es\"},{\"@type\":\"Organization\",\"@id\":\"https:\/\/montnegrecorredor.org\/#organization\",\"name\":\"Associaci\u00f3 de propietaris del Montnegre i el Corredor\",\"url\":\"https:\/\/montnegrecorredor.org\/\",\"logo\":{\"@type\":\"ImageObject\",\"inLanguage\":\"es\",\"@id\":\"https:\/\/montnegrecorredor.org\/#\/schema\/logo\/image\/\",\"url\":\"https:\/\/montnegrecorredor.org\/wp-content\/uploads\/2024\/02\/logo_print.jpg\",\"contentUrl\":\"https:\/\/montnegrecorredor.org\/wp-content\/uploads\/2024\/02\/logo_print.jpg\",\"width\":400,\"height\":117,\"caption\":\"Associaci\u00f3 de propietaris del Montnegre i el Corredor\"},\"image\":{\"@id\":\"https:\/\/montnegrecorredor.org\/#\/schema\/logo\/image\/\"},\"sameAs\":[\"https:\/\/www.instagram.com\/apfmontnegrecorredor\"]}]}<\/script>\n<!-- \/ Yoast SEO plugin. -->","yoast_head_json":{"title":"Pol\u00edtica de cookies - Associaci\u00f3 de propietaris del Montnegre i el Corredor","robots":{"index":"index","follow":"follow","max-snippet":"max-snippet:-1","max-image-preview":"max-image-preview:large","max-video-preview":"max-video-preview:-1"},"canonical":"https:\/\/montnegrecorredor.org\/es\/politica-de-cookies\/","og_locale":"es_ES","og_type":"article","og_title":"Pol\u00edtica de cookies - Associaci\u00f3 de propietaris del Montnegre i el Corredor","og_description":"En esta web se utilizan galletas de terceros y propias para conseguir que tengas una mejor experiencia de navegaci\u00f3n, puedas compartir contenido a redes sociales y para que podamos obtener estad\u00edsticas de los usuarios. Puedes evitar la descarga de cookies a trav\u00e9s de la configuraci\u00f3n de tu navegador, evitando que las cookies se almacenen al&hellip;","og_url":"https:\/\/montnegrecorredor.org\/es\/politica-de-cookies\/","og_site_name":"Associaci\u00f3 de propietaris del Montnegre i el Corredor","article_modified_time":"2024-08-14T12:31:34+00:00","twitter_card":"summary_large_image","twitter_misc":{"Tiempo de lectura":"8 minutos"},"schema":{"@context":"https:\/\/schema.org","@graph":[{"@type":"WebPage","@id":"https:\/\/montnegrecorredor.org\/es\/politica-de-cookies\/","url":"https:\/\/montnegrecorredor.org\/es\/politica-de-cookies\/","name":"Pol\u00edtica de cookies - Associaci\u00f3 de propietaris del Montnegre i el Corredor","isPartOf":{"@id":"https:\/\/montnegrecorredor.org\/#website"},"datePublished":"2024-02-13T11:52:50+00:00","dateModified":"2024-08-14T12:31:34+00:00","breadcrumb":{"@id":"https:\/\/montnegrecorredor.org\/es\/politica-de-cookies\/#breadcrumb"},"inLanguage":"es","potentialAction":[{"@type":"ReadAction","target":["https:\/\/montnegrecorredor.org\/es\/politica-de-cookies\/"]}]},{"@type":"BreadcrumbList","@id":"https:\/\/montnegrecorredor.org\/es\/politica-de-cookies\/#breadcrumb","itemListElement":[{"@type":"ListItem","position":1,"name":"Inici","item":"https:\/\/montnegrecorredor.org\/es\/"},{"@type":"ListItem","position":2,"name":"Pol\u00edtica de cookies"}]},{"@type":"WebSite","@id":"https:\/\/montnegrecorredor.org\/#website","url":"https:\/\/montnegrecorredor.org\/","name":"Associaci\u00f3 de propietaris del Montnegre i el Corredor","description":"","publisher":{"@id":"https:\/\/montnegrecorredor.org\/#organization"},"potentialAction":[{"@type":"SearchAction","target":{"@type":"EntryPoint","urlTemplate":"https:\/\/montnegrecorredor.org\/?s={search_term_string}"},"query-input":{"@type":"PropertyValueSpecification","valueRequired":true,"valueName":"search_term_string"}}],"inLanguage":"es"},{"@type":"Organization","@id":"https:\/\/montnegrecorredor.org\/#organization","name":"Associaci\u00f3 de propietaris del Montnegre i el Corredor","url":"https:\/\/montnegrecorredor.org\/","logo":{"@type":"ImageObject","inLanguage":"es","@id":"https:\/\/montnegrecorredor.org\/#\/schema\/logo\/image\/","url":"https:\/\/montnegrecorredor.org\/wp-content\/uploads\/2024\/02\/logo_print.jpg","contentUrl":"https:\/\/montnegrecorredor.org\/wp-content\/uploads\/2024\/02\/logo_print.jpg","width":400,"height":117,"caption":"Associaci\u00f3 de propietaris del Montnegre i el Corredor"},"image":{"@id":"https:\/\/montnegrecorredor.org\/#\/schema\/logo\/image\/"},"sameAs":["https:\/\/www.instagram.com\/apfmontnegrecorredor"]}]}},"_links":{"self":[{"href":"https:\/\/montnegrecorredor.org\/es\/wp-json\/wp\/v2\/pages\/7030","targetHints":{"allow":["GET"]}}],"collection":[{"href":"https:\/\/montnegrecorredor.org\/es\/wp-json\/wp\/v2\/pages"}],"about":[{"href":"https:\/\/montnegrecorredor.org\/es\/wp-json\/wp\/v2\/types\/page"}],"author":[{"embeddable":true,"href":"https:\/\/montnegrecorredor.org\/es\/wp-json\/wp\/v2\/users\/1"}],"replies":[{"embeddable":true,"href":"https:\/\/montnegrecorredor.org\/es\/wp-json\/wp\/v2\/comments?post=7030"}],"version-history":[{"count":2,"href":"https:\/\/montnegrecorredor.org\/es\/wp-json\/wp\/v2\/pages\/7030\/revisions"}],"predecessor-version":[{"id":9657,"href":"https:\/\/montnegrecorredor.org\/es\/wp-json\/wp\/v2\/pages\/7030\/revisions\/9657"}],"wp:attachment":[{"href":"https:\/\/montnegrecorredor.org\/es\/wp-json\/wp\/v2\/media?parent=7030"}],"curies":[{"name":"wp","href":"https:\/\/api.w.org\/{rel}","templated":true}]}}