{"id":7029,"date":"2024-02-13T11:52:36","date_gmt":"2024-02-13T11:52:36","guid":{"rendered":"https:\/\/montnegrecorredor.org\/avis-legal\/"},"modified":"2024-08-14T12:25:50","modified_gmt":"2024-08-14T12:25:50","slug":"aviso-legal","status":"publish","type":"page","link":"https:\/\/montnegrecorredor.org\/es\/aviso-legal\/","title":{"rendered":"Aviso legal"},"content":{"rendered":"<div id=\"main\" class=\"sidebar-none sidebar-divider-off\">\n<div class=\"wf-wrap\">\n<div class=\"wf-container-main\">\n<div id=\"content\" class=\"content\" role=\"main\">\n<div>\n<h3>I. INFORMACI\u00d3N GENERAL<\/h3>\n<p>En cumplimiento con el deber informaci\u00f3n dispuesto a la Ley 34\/2002 de Servicios de la Sociedad de la Informaci\u00f3n y el E-commerce (LSSI-CE) de 11 de julio, se facilitan a continuaci\u00f3n los datos de informaci\u00f3n general siguientes de este sitio web :<\/p>\n<p>La titularidad de este sitio web, https:\/\/montnegrecorredor.org, (de ahora en adelante, Sitio web) lo ostenta: Asociaci\u00f3n de propietarios del Montnegre y el Corredor, con NIF: , y los datos de contacto de las cuales son:<\/p>\n<p>Parque de la Vicar\u00eda Vieja, s\/n, Sant Celoni, 08470, (Barcelona)<\/p>\n<p>Tel\u00e9fono de contacto: +34 629 008 745<\/p>\n<p>Email de contacto: info@montnegrecorredor.org<\/p>\n<\/div>\n<div>\n<h3>II. T\u00c9RMINOS Y CONDICIONES GENERALES DE USO<\/h3>\n<p><strong>El objeto de las condiciones: El Sitio web<\/strong><\/p>\n<p>El objeto de estas Condiciones Generales de Uso (de ahora en adelante, Condiciones) es regular el acceso y la utilizaci\u00f3n del Sitio web. A los efectos de las presentes Condiciones se entender\u00e1 como Sitio web: la apariencia externa de las interfaces de pantalla, tanto de forma est\u00e1tica como de forma din\u00e1mica, es decir, el \u00e1rbol de navegaci\u00f3n; y todos los elementos integrados tanto a las interfaces de pantalla como el \u00e1rbol de navegaci\u00f3n (de ahora en adelante, Contenidos) y todos aquellos servicios o recursos en l\u00ednea que si procede ofrezca a los Usuarios (de ahora en adelante, Servicios).<\/p>\n<p>Asociaci\u00f3n de propietarios del Montnegre y el Corredor se reserva la facultad de modificar, en cualquier momento, y sin aviso previo, la presentaci\u00f3n y configuraci\u00f3n del Sitio web y de los Contenidos y Servicios que pudieran estar incorporados. El Usuario reconoce y acepta que en cualquier momento Asociaci\u00f3n de propietarios del Montnegre y el Corredor pueda interrumpir, desactivar y\/o cancelar cualquier de estos elementos que se integran al Sitio web o acceder.<\/p>\n<p>El acceso al Sitio web por el Usuario tiene car\u00e1cter libre y, por regla general, es gratuito sin que el Usuario tenga que proporcionar una contraprestaci\u00f3n para poder disfrutar, salvo el coste de conexi\u00f3n a trav\u00e9s de la red de telecomunicaciones suministrada por el proveedor de acceso que haya contratado el usuario.<\/p>\n<p>La utilizaci\u00f3n de alguno de los contenidos o servicios del sitio web se puede hacer mediante la suscripci\u00f3n o el registro previo del usuario.<\/p>\n<p><strong>El Usuario<\/strong><\/p>\n<p>El acceso, la navegaci\u00f3n y el uso del Sitio web, as\u00ed como por los espacios habilitados para interactuar entre los Usuarios, y el Usuario y Asociaci\u00f3n de propietarios del Montnegre y el Corredor, como los comentarios y\/o espacios de blogging, confiere la condici\u00f3n de Usuario, por lo cual se aceptan , desde que se inicia la navegaci\u00f3n por el Sitio web, todas las Condiciones aqu\u00ed establecidas, as\u00ed como sus ulteriores modificaciones, sin perjuicio de la aplicaci\u00f3n de la correspondiente normativa legal de cumplimiento obligado seg\u00fan el caso. Atendida la relevancia del anterior, se recomienda al Usuario leerlas cada vez que visit\u00e1is el Sitio web.<\/p>\n<p>El sitio web de Asociaci\u00f3n de propietarios del Montnegre y el Corredor proporciona una gran diversidad de informaci\u00f3n, servicios y datos. El Usuario asume su responsabilidad para hacer un uso correcto del Sitio web. Esta responsabilidad se extender\u00e1 a:<\/p>\n<ul>\n<li>Un uso de la informaci\u00f3n, contenidos y\/o servicios y datos ofrecidos por Asociaci\u00f3n de propietarios del Montnegre y el Corredor sin que sea contrario al que disponen estas condiciones, la ley, la moral o el orden p\u00fablico, o que de cualquier otra manera puedan suponer lesi\u00f3n de los derechos. de terceros o del mismo funcionamiento del Sitio web.<\/li>\n<li>La veracidad y licitud de las informaciones aportadas por el Usuario a los formularios extendidos por Asociaci\u00f3n de propietarios del Montnegre y el Corredor para el acceso a ciertos Contenidos o Servicios ofrecidos por el Sitio web. En todo caso, el Usuario notificar\u00e1 de manera inmediata a Asociaci\u00f3n de propietarios del Montnegre y el Corredor sobre cualquier hecho que permita el uso indebido de la informaci\u00f3n registrada en estos formularios, como por ejemplo, pero no solo, el robo, la p\u00e9rdida, o el acceso no autorizado a identificadores y\/ o contrase\u00f1as, para proceder a su inmediata cancelaci\u00f3n. Asociaci\u00f3n de propietarios del Montnegre y el Corredor para el acceso a ciertos Contenidos o Servicios ofrecidos miedo lo Sitio Web. En todo caso, el Usuario notificar\u00e1 de forma inmediata a Asociaci\u00f3n de propietarios del Montnegre y el Corredor acerca de cualquier hecho que permita lo uso indebido de la informaci\u00f3n registrada en dichos formularios, talas como, pero no s\u00f3lo, lo robo, extrav\u00edo, o lo acceso no autorizado a identificadoras y\/o contrase\u00f1as, cono lo fin de proceder a su inmediata cancelaci\u00f3n.<\/li>\n<\/ul>\n<p>En cualquier caso, Asociaci\u00f3n de propietarios del Montnegre y el Corredor no ser\u00e1 responsable de las opiniones abocadas por los Usuarios a trav\u00e9s de comentarios u otras herramientas de blogging o de participaci\u00f3n que pueda haber.<\/p>\n<p>El mero acceso a este Sitio web no supone entablar ning\u00fan tipo de relaci\u00f3n de car\u00e1cter comercial entre Asociaci\u00f3n de propietarios del Montnegre y el Corredor y el Usuario.<\/p>\n<p>El Usuario declara que es m\u00e1s grande y disponer de la capacidad jur\u00eddica suficiente para vincularse por estas Condiciones. Por lo tanto, este Sitio web de Asociaci\u00f3n de propietarios del Montnegre y el Corredor no se dirige a menores de edad. Asociaci\u00f3n de propietarios del Montnegre y el Corredor  declina cualquier responsabilidad para incumplir este requisito.<\/p>\n<p>El Sitio web est\u00e1 dirigido principalmente a Usuarios residentes en Espa\u00f1a. Asociaci\u00f3n de propietarios del Montnegre y el Corredor no asegura que el Sitio web cumpla con legislaciones otros pa\u00edses, ya sea total o parcialmente. Si el Usuario reside o tiene el domiciliado en otro lugar y decide acceder y\/o navegar al Sitio web lo har\u00e1 bajo su propia responsabilidad, aseguraos que este acceso y navegaci\u00f3n cumple con la legislaci\u00f3n local que le es aplicable, no asumiendo Asociaci\u00f3n de propietarios del Montnegre y el Corredor ninguna responsabilidad que se pueda derivar.<\/p>\n<h3>III. ACCESO Y NAVEGACI\u00d3N AL SITIO WEB: EXCLUSI\u00d3N DE GARANT\u00cdAS Y RESPONSABILIDAD<\/h3>\n<p>Asociaci\u00f3n de propietarios del Montnegre y el Corredor no garantiza la continuidad, disponibilidad y utilidad del Sitio web, ni de los Contenidos o Servicios. Asociaci\u00f3n de propietarios del Montnegre y el Corredor har\u00e1 todo el posible por el buen funcionamiento del Sitio web, pero, no se responsabiliza ni garantiza que el acceso a este Sitio web no sea ininterrumpido o que est\u00e9 libre de error.<\/p>\n<p>Tampoco se responsabiliza o garantiza que el contenido o software al cual se pueda acceder a trav\u00e9s de este Sitio web, est\u00e9 libre de error o cause un da\u00f1o al sistema inform\u00e1tico (software y hardware) del Usuario. En ning\u00fan caso Asociaci\u00f3n de propietarios del Montnegre y el Corredor  ser\u00e1 responsable por las p\u00e9rdidas, da\u00f1os o perjuicios de cualquier tipo que surjan por el acceso, navegaci\u00f3n y uso del Sitio web, incluy\u00e9ndose, pero no limit\u00e1ndose, en los ocasionados a los sistemas inform\u00e1ticos o los provocados por la introducci\u00f3n de virus.<\/p>\n<p>Asociaci\u00f3n de propietarios del Montnegre y el Corredor tampoco se hace responsable de los da\u00f1os que pudieran ocasionarse a los usuarios por un uso inadecuado de este Sitio web. En particular, no se hace responsable de ninguna forma de las ca\u00eddas, interrupciones, falta o defecto de las telecomunicaciones que pudieran ocurrir.<\/p>\n<h3>IV. POL\u00cdTICA DE ENLACES<\/h3>\n<p>Se informa que el Sitio web de Asociaci\u00f3n de propietarios del Montnegre y el Corredor pone o puede poner a disposici\u00f3n de los Usuarios medios de enlace (como, entre otros, links, banners, botones), directorios y motores de b\u00fasqueda que permiten a los Usuarios acceder a sitios web pertenecientes y\/ o gestionados por terceros.<\/p>\n<p>La instalaci\u00f3n de estos enlaces, directorios y motores de b\u00fasqueda al Sitio web tiene por objeto facilitar a los Usuarios la b\u00fasqueda de y acceso a la informaci\u00f3n disponible a Internet, sin que se pueda considerar una sugerencia, recomendaci\u00f3n o invitaci\u00f3n para la visita de los mismos .<\/p>\n<p>Asociaci\u00f3n de propietarios del Montnegre y el Corredor no ofrece ni comercializa por s\u00ed mismo ni por medio de terceros los productos y\/o servicios disponibles en estos lugares enlazados.<\/p>\n<p>Asociaci\u00f3n de propietarios del Montnegre y el Corredor ofrece contenidos patrocinados, anuncios y\/o enlaces de afiliados. La informaci\u00f3n que aparece en estos enlaces de afiliados o los anuncios insertos, son facilidades por los mismos anunciantes, por lo cual Asociaci\u00f3n de propietarios del Montnegre y el Corredor no se hace responsable de posibles inexactitudes o errores que pudieran contener los anuncios, ni garantiza de ninguna forma la experiencia, integridad o responsabilidad de los anunciantes o la calidad de sus productos y servicios.<\/p>\n<p>As\u00ed mismo, tampoco garantizar\u00e1 la disponibilidad t\u00e9cnica, exactitud, veracidad, validez o legalidad de lugares ajenos a su propiedad a que se pueda acceder por medio de los enlaces.<\/p>\n<p>Asociaci\u00f3n de propietarios del Montnegre y el Corredor en ning\u00fan caso revisar\u00e1 o controlar\u00e1 el contenido otros sitios web, as\u00ed como tampoco aprueba, examina ni hace propios los productos y servicios, contenidos, archivos y cualquier otro material existente a los referidos lugares enlazados.<\/p>\n<p>Asociaci\u00f3n de propietarios del Montnegre y el Corredor no asume ninguna responsabilidad por los da\u00f1os y perjuicios que pudieran producirse por el acceso, uso, calidad o licitud de los contenidos, comunicaciones, opiniones, productos y servicios de los sitios web no gestionados por Asociaci\u00f3n de propietarios del Montnegre y el Corredor y que sean enlazados a este Sitio web.<\/p>\n<p>El Usuario o tercero que haga un hiperenlla\u00e7 desde una p\u00e1gina web de otro, diferente, sitio web al Sitio web de Asociaci\u00f3n de propietarios del Montnegre y el Corredor tendr\u00e1 que saber que:<\/p>\n<p>No se permite la reproducci\u00f3n \u2014total o parcialmente\u2014 de ninguno de los contenidos y\/o servicios del sitio web sin autorizaci\u00f3n expr\u00e9s de Asociaci\u00f3n de propietarios del Montnegre y el Corredor.<\/p>\n<p>No se permite tampoco ninguna manifestaci\u00f3n falsa, inexacta o incorrecta sobre el Sitio web de Asociaci\u00f3n de propietarios del Montnegre y el Corredor, ni sobre sus Contenidos y\/o Servicios.<\/p>\n<p>A excepci\u00f3n de la hiperenlla\u00e7, el sitio web donde se establezca este hiperenlla\u00e7 no contendr\u00e1 ning\u00fan elemento de este Sitio web, protegido como propiedad intelectual por el ordenamiento jur\u00eddico espa\u00f1ol, salvo de autorizaci\u00f3n expr\u00e9s de Asociaci\u00f3n de propietarios del Montnegre y el Corredor.<\/p>\n<p>El establecimiento del hiperenlla\u00e7 no implicar\u00e1 la existencia de relaciones entre Asociaci\u00f3n de propietarios del Montnegre y el Corredor y el titular del sitio web desde el cual se realice, ni el conocimiento y la aceptaci\u00f3n de Asociaci\u00f3n de propietarios del Montnegre y el Corredor de los contenidos, servicios y\/o actividades ofrecidos en este sitio web, y viceversa.<\/p>\n<h3>V. PROPIEDAD INTELECTUAL E INDUSTRIAL<\/h3>\n<p>Asociaci\u00f3n de propietarios del Montnegre y el Corredor por s\u00ed o como parte cesionaria, es titular de todos los derechos de propiedad intelectual e industrial del Sitio web, as\u00ed como de los elementos contenidos en este (a t\u00edtulo enunciativo y no exhaustivo, im\u00e1genes, sonido, audio, video, software o textos, marcas o logotipos, combinaciones de colores, estructura y dise\u00f1o, selecci\u00f3n de materiales usados, programas de ordenador necesarios para el funcionamiento, el acceso y el uso, etc.). Ser\u00e1n, por lo tanto, obras protegidas como propiedad intelectual por el ordenamiento jur\u00eddico espa\u00f1ol, y los ser\u00e1n aplicables tanto la normativa espa\u00f1ola y comunitaria en este campo, como los tratados internacionales relativos a la materia y subscritos por Espa\u00f1a.<\/p>\n<p>Todos los derechos reservados. En virtud del que dispone la Ley de propiedad intelectual, quedan expresamente prohibidas la reproducci\u00f3n, la distribuci\u00f3n y la comunicaci\u00f3n p\u00fablica, incluida su modalidad de puesta a disposici\u00f3n, de la totalidad o parte de los contenidos de esta p\u00e1gina web, con hasta comerciales, cualquier apoyo y por cualquier medio t\u00e9cnico, sin la autorizaci\u00f3n de Asociaci\u00f3n de propietarios del Montnegre y el Corredor.<\/p>\n<p>El usuario se compromete a respetar los derechos de propiedad intelectual e industrial de Asociaci\u00f3n de propietarios del Montnegre y el Corredor. Podr\u00e9is visualizar los elementos del Sitio web o incluso imprimirlos, copiarlos y almacenarlos al disco duro de vuestro ordenador o en cualquier otro apoyo f\u00edsico siempre que sea, exclusivamente, para su uso personal. El Usuario, pero, no podr\u00e1 suprimir, alterar, o manipular cualquier dispositivo de protecci\u00f3n o sistema de seguridad que estuviera instalado al Sitio web.<\/p>\n<p>En caso de que el Usuario o tercero considere que cualquiera de los Contenidos del Sitio web suponga una violaci\u00f3n de los derechos de protecci\u00f3n de la propiedad intelectual, lo tendr\u00e1 que comunicar inmediatamente a Asociaci\u00f3n de propietarios del Montnegre y el Corredor a trav\u00e9s de los datos de contacto del apartado de INFORMACI\u00d3N GENERAL de este Aviso Legal y Condiciones Generales d\u00das.<\/p>\n<h3>VI. ACCIONES LEGALES, LEGISLACI\u00d3N APLICABLE Y JURISDICCI\u00d3N<\/h3>\n<p>Asociaci\u00f3n de propietarios del Montnegre y el Corredor se reserva la facultad de presentar las acciones civiles o penales que considere necesarias por la utilizaci\u00f3n indebida del Sitio web y Contenidos, o por el incumplimiento de las presentes Condiciones.<\/p>\n<p>La relaci\u00f3n entre el Usuario y Asociaci\u00f3n de propietarios del Montnegre y el Corredor se regir\u00e1 por la normativa vigente y aplicable en el territorio espa\u00f1ol. Si surge cualquier controversia en relaci\u00f3n con la interpretaci\u00f3n y\/o la aplicaci\u00f3n de estas Condiciones, las partes someter\u00e1n sus conflictos a la jurisdicci\u00f3n ordinaria someti\u00e9ndose a los jueces y tribunales que correspondan de acuerdo con el derecho.<\/p>\n<\/div>\n<\/div>\n<\/div>\n<\/div>\n<\/div>\n","protected":false},"excerpt":{"rendered":"<p>I. INFORMACI\u00d3N GENERAL En cumplimiento con el deber informaci\u00f3n dispuesto a la Ley 34\/2002 de Servicios de la Sociedad de la Informaci\u00f3n y el E-commerce (LSSI-CE) de 11 de julio, se facilitan a continuaci\u00f3n los datos de informaci\u00f3n general siguientes de este sitio web : La titularidad de este sitio web, https:\/\/montnegrecorredor.org, (de ahora en&hellip;<\/p>\n","protected":false},"author":1,"featured_media":0,"parent":0,"menu_order":0,"comment_status":"closed","ping_status":"closed","template":"","meta":{"footnotes":""},"class_list":["post-7029","page","type-page","status-publish","hentry","description-off"],"yoast_head":"<!-- This site is optimized with the Yoast SEO plugin v24.6 - https:\/\/yoast.com\/wordpress\/plugins\/seo\/ -->\n<title>Aviso legal - Associaci\u00f3 de propietaris del Montnegre i el Corredor<\/title>\n<meta name=\"robots\" content=\"index, follow, max-snippet:-1, max-image-preview:large, max-video-preview:-1\" \/>\n<link rel=\"canonical\" href=\"https:\/\/montnegrecorredor.org\/es\/aviso-legal\/\" \/>\n<meta property=\"og:locale\" content=\"es_ES\" \/>\n<meta property=\"og:type\" content=\"article\" \/>\n<meta property=\"og:title\" content=\"Aviso legal - Associaci\u00f3 de propietaris del Montnegre i el Corredor\" \/>\n<meta property=\"og:description\" content=\"I. INFORMACI\u00d3N GENERAL En cumplimiento con el deber informaci\u00f3n dispuesto a la Ley 34\/2002 de Servicios de la Sociedad de la Informaci\u00f3n y el E-commerce (LSSI-CE) de 11 de julio, se facilitan a continuaci\u00f3n los datos de informaci\u00f3n general siguientes de este sitio web : La titularidad de este sitio web, https:\/\/montnegrecorredor.org, (de ahora en&hellip;\" \/>\n<meta property=\"og:url\" content=\"https:\/\/montnegrecorredor.org\/es\/aviso-legal\/\" \/>\n<meta property=\"og:site_name\" content=\"Associaci\u00f3 de propietaris del Montnegre i el Corredor\" \/>\n<meta property=\"article:modified_time\" content=\"2024-08-14T12:25:50+00:00\" \/>\n<meta name=\"twitter:card\" content=\"summary_large_image\" \/>\n<meta name=\"twitter:label1\" content=\"Tiempo de lectura\" \/>\n\t<meta name=\"twitter:data1\" content=\"12 minutos\" \/>\n<script type=\"application\/ld+json\" class=\"yoast-schema-graph\">{\"@context\":\"https:\/\/schema.org\",\"@graph\":[{\"@type\":\"WebPage\",\"@id\":\"https:\/\/montnegrecorredor.org\/es\/aviso-legal\/\",\"url\":\"https:\/\/montnegrecorredor.org\/es\/aviso-legal\/\",\"name\":\"Aviso legal - Associaci\u00f3 de propietaris del Montnegre i el Corredor\",\"isPartOf\":{\"@id\":\"https:\/\/montnegrecorredor.org\/#website\"},\"datePublished\":\"2024-02-13T11:52:36+00:00\",\"dateModified\":\"2024-08-14T12:25:50+00:00\",\"breadcrumb\":{\"@id\":\"https:\/\/montnegrecorredor.org\/es\/aviso-legal\/#breadcrumb\"},\"inLanguage\":\"es\",\"potentialAction\":[{\"@type\":\"ReadAction\",\"target\":[\"https:\/\/montnegrecorredor.org\/es\/aviso-legal\/\"]}]},{\"@type\":\"BreadcrumbList\",\"@id\":\"https:\/\/montnegrecorredor.org\/es\/aviso-legal\/#breadcrumb\",\"itemListElement\":[{\"@type\":\"ListItem\",\"position\":1,\"name\":\"Inici\",\"item\":\"https:\/\/montnegrecorredor.org\/es\/\"},{\"@type\":\"ListItem\",\"position\":2,\"name\":\"Aviso legal\"}]},{\"@type\":\"WebSite\",\"@id\":\"https:\/\/montnegrecorredor.org\/#website\",\"url\":\"https:\/\/montnegrecorredor.org\/\",\"name\":\"Associaci\u00f3 de propietaris del Montnegre i el Corredor\",\"description\":\"\",\"publisher\":{\"@id\":\"https:\/\/montnegrecorredor.org\/#organization\"},\"potentialAction\":[{\"@type\":\"SearchAction\",\"target\":{\"@type\":\"EntryPoint\",\"urlTemplate\":\"https:\/\/montnegrecorredor.org\/?s={search_term_string}\"},\"query-input\":{\"@type\":\"PropertyValueSpecification\",\"valueRequired\":true,\"valueName\":\"search_term_string\"}}],\"inLanguage\":\"es\"},{\"@type\":\"Organization\",\"@id\":\"https:\/\/montnegrecorredor.org\/#organization\",\"name\":\"Associaci\u00f3 de propietaris del Montnegre i el Corredor\",\"url\":\"https:\/\/montnegrecorredor.org\/\",\"logo\":{\"@type\":\"ImageObject\",\"inLanguage\":\"es\",\"@id\":\"https:\/\/montnegrecorredor.org\/#\/schema\/logo\/image\/\",\"url\":\"https:\/\/montnegrecorredor.org\/wp-content\/uploads\/2024\/02\/logo_print.jpg\",\"contentUrl\":\"https:\/\/montnegrecorredor.org\/wp-content\/uploads\/2024\/02\/logo_print.jpg\",\"width\":400,\"height\":117,\"caption\":\"Associaci\u00f3 de propietaris del Montnegre i el Corredor\"},\"image\":{\"@id\":\"https:\/\/montnegrecorredor.org\/#\/schema\/logo\/image\/\"},\"sameAs\":[\"https:\/\/www.instagram.com\/apfmontnegrecorredor\"]}]}<\/script>\n<!-- \/ Yoast SEO plugin. -->","yoast_head_json":{"title":"Aviso legal - Associaci\u00f3 de propietaris del Montnegre i el Corredor","robots":{"index":"index","follow":"follow","max-snippet":"max-snippet:-1","max-image-preview":"max-image-preview:large","max-video-preview":"max-video-preview:-1"},"canonical":"https:\/\/montnegrecorredor.org\/es\/aviso-legal\/","og_locale":"es_ES","og_type":"article","og_title":"Aviso legal - Associaci\u00f3 de propietaris del Montnegre i el Corredor","og_description":"I. INFORMACI\u00d3N GENERAL En cumplimiento con el deber informaci\u00f3n dispuesto a la Ley 34\/2002 de Servicios de la Sociedad de la Informaci\u00f3n y el E-commerce (LSSI-CE) de 11 de julio, se facilitan a continuaci\u00f3n los datos de informaci\u00f3n general siguientes de este sitio web : La titularidad de este sitio web, https:\/\/montnegrecorredor.org, (de ahora en&hellip;","og_url":"https:\/\/montnegrecorredor.org\/es\/aviso-legal\/","og_site_name":"Associaci\u00f3 de propietaris del Montnegre i el Corredor","article_modified_time":"2024-08-14T12:25:50+00:00","twitter_card":"summary_large_image","twitter_misc":{"Tiempo de lectura":"12 minutos"},"schema":{"@context":"https:\/\/schema.org","@graph":[{"@type":"WebPage","@id":"https:\/\/montnegrecorredor.org\/es\/aviso-legal\/","url":"https:\/\/montnegrecorredor.org\/es\/aviso-legal\/","name":"Aviso legal - Associaci\u00f3 de propietaris del Montnegre i el Corredor","isPartOf":{"@id":"https:\/\/montnegrecorredor.org\/#website"},"datePublished":"2024-02-13T11:52:36+00:00","dateModified":"2024-08-14T12:25:50+00:00","breadcrumb":{"@id":"https:\/\/montnegrecorredor.org\/es\/aviso-legal\/#breadcrumb"},"inLanguage":"es","potentialAction":[{"@type":"ReadAction","target":["https:\/\/montnegrecorredor.org\/es\/aviso-legal\/"]}]},{"@type":"BreadcrumbList","@id":"https:\/\/montnegrecorredor.org\/es\/aviso-legal\/#breadcrumb","itemListElement":[{"@type":"ListItem","position":1,"name":"Inici","item":"https:\/\/montnegrecorredor.org\/es\/"},{"@type":"ListItem","position":2,"name":"Aviso legal"}]},{"@type":"WebSite","@id":"https:\/\/montnegrecorredor.org\/#website","url":"https:\/\/montnegrecorredor.org\/","name":"Associaci\u00f3 de propietaris del Montnegre i el Corredor","description":"","publisher":{"@id":"https:\/\/montnegrecorredor.org\/#organization"},"potentialAction":[{"@type":"SearchAction","target":{"@type":"EntryPoint","urlTemplate":"https:\/\/montnegrecorredor.org\/?s={search_term_string}"},"query-input":{"@type":"PropertyValueSpecification","valueRequired":true,"valueName":"search_term_string"}}],"inLanguage":"es"},{"@type":"Organization","@id":"https:\/\/montnegrecorredor.org\/#organization","name":"Associaci\u00f3 de propietaris del Montnegre i el Corredor","url":"https:\/\/montnegrecorredor.org\/","logo":{"@type":"ImageObject","inLanguage":"es","@id":"https:\/\/montnegrecorredor.org\/#\/schema\/logo\/image\/","url":"https:\/\/montnegrecorredor.org\/wp-content\/uploads\/2024\/02\/logo_print.jpg","contentUrl":"https:\/\/montnegrecorredor.org\/wp-content\/uploads\/2024\/02\/logo_print.jpg","width":400,"height":117,"caption":"Associaci\u00f3 de propietaris del Montnegre i el Corredor"},"image":{"@id":"https:\/\/montnegrecorredor.org\/#\/schema\/logo\/image\/"},"sameAs":["https:\/\/www.instagram.com\/apfmontnegrecorredor"]}]}},"_links":{"self":[{"href":"https:\/\/montnegrecorredor.org\/es\/wp-json\/wp\/v2\/pages\/7029","targetHints":{"allow":["GET"]}}],"collection":[{"href":"https:\/\/montnegrecorredor.org\/es\/wp-json\/wp\/v2\/pages"}],"about":[{"href":"https:\/\/montnegrecorredor.org\/es\/wp-json\/wp\/v2\/types\/page"}],"author":[{"embeddable":true,"href":"https:\/\/montnegrecorredor.org\/es\/wp-json\/wp\/v2\/users\/1"}],"replies":[{"embeddable":true,"href":"https:\/\/montnegrecorredor.org\/es\/wp-json\/wp\/v2\/comments?post=7029"}],"version-history":[{"count":5,"href":"https:\/\/montnegrecorredor.org\/es\/wp-json\/wp\/v2\/pages\/7029\/revisions"}],"predecessor-version":[{"id":9653,"href":"https:\/\/montnegrecorredor.org\/es\/wp-json\/wp\/v2\/pages\/7029\/revisions\/9653"}],"wp:attachment":[{"href":"https:\/\/montnegrecorredor.org\/es\/wp-json\/wp\/v2\/media?parent=7029"}],"curies":[{"name":"wp","href":"https:\/\/api.w.org\/{rel}","templated":true}]}}